{"id":530728,"date":"2026-01-18T10:05:07","date_gmt":"2026-01-18T09:05:07","guid":{"rendered":"https:\/\/leregardlibre.com\/?post_type=product&#038;p=530728"},"modified":"2026-02-25T21:08:42","modified_gmt":"2026-02-25T21:08:42","slug":"le-regard-libre-n123-dossier-quel-service-public","status":"publish","type":"product","link":"https:\/\/leregardlibre.sandbox-novadev.ch\/en\/product\/le-regard-libre-n123-dossier-quel-service-public\/","title":{"rendered":"Le Regard Libre N\u00b0123 | Dossier \u00abQuel service public?\u00bb"},"content":{"rendered":"<p><em>Le Regard Libre<\/em> N\u00b0123 | \u00abQuel service public?\u00bb<br \/>\nExemplaire papier<br \/>\nEdition de janvier 2026<br \/>\nFormat magazine papier chic<\/p>\n<hr \/>\n<p class=\"p1\"><strong><span class=\"s1\">Opinions et r\u00e9flexions<br \/>\n<\/span><\/strong><span class=\"s2\">05<\/span> L\u2019\u00e9dito de Jonas Follonier: \u2009L\u2019extr\u00eame centre, d\u00e9finition<br \/>\n<span class=\"s2\">07<\/span> La cartouche de Ralph M\u00fcller: L\u2019\u00e9cole face au positivisme<br \/>\n<span class=\"s2\">09<\/span> La tribune de Marianne Grosjean: L\u2019art de se prendre un r\u00e2teau<br \/>\n<span class=\"s2\">10<\/span> La lettre de Deirdre McCloskey: Le Nobel 2025<br \/>\n<span class=\"s2\">11<\/span> La lecture de Pascal Couchepin: Lire Michel de Montaigne, pour notre \u00e9quilibre<br \/>\n<span class=\"s2\">12<\/span> D\u00e9saccord: L\u2019\u00e9nergie nucl\u00e9aire doit-elle \u00eatre relanc\u00e9e en Suisse?<br \/>\n<span class=\"s2\">13<\/span> L\u2019essai du mois: Les diff\u00e9rences hommes-femmes devenues taboues<br \/>\n<span class=\"s2\">14<\/span> Un antiracisme qui \u00abinfantilise les Noirs\u00bb<\/p>\n<p class=\"p5\"><strong><span class=\"s1\">Dossier\u2009: Quel service public\u2009?<br \/>\n<\/span><\/strong><span class=\"s2\">18<\/span> Pascal Crittin, directeur de la RTS: \u00abNous n\u2019orientons pas le d\u00e9bat\u00bb<br \/>\n<span class=\"s2\">22<\/span> Pourquoi <i>Le Peuple<\/i> a con\u00e7u un Observatoire de la RTS<br \/>\n<span class=\"s2\">24<\/span> R\u00e9cit de la trag\u00e9die audiovisuelle grecque<br \/>\n<span class=\"s2\">28<\/span> GB News face aux cha\u00eenes de service public britanniques<br \/>\n<span class=\"s2\">30<\/span> La Suisse doit r\u00e9sister \u00e0 la r\u00e9gulation du discours en ligne<\/p>\n<p class=\"p1\"><strong><span class=\"s1\">Culture et carnets<br \/>\n<\/span><\/strong><span class=\"s2\">34<\/span> Mise en trope: La d\u00e9salpe des illusions<br \/>\n<span class=\"s2\">36<\/span> Libert\u00e9 dans l\u2019objectif: Les gens ne regardent plus les s\u00e9ries, ils les \u00e9coutent<br \/>\n<span class=\"s2\">38<\/span> Voir Vesoul et revivre<br \/>\n<span class=\"s2\">44<\/span> Le photoreportage de Bernard L\u00e9chot: Ocra Rossa<br \/>\n<span class=\"s2\">50<\/span> En bref: Des rires libres, <i>La Barque de Masao<\/i> et une blague de ChatGPT<br \/>\n<span class=\"s2\">52<\/span> Abonnement et m\u00e9c\u00e9nat<br \/>\n<span class=\"s2\">54<\/span> Citations<\/p>","protected":false},"excerpt":{"rendered":"<p>Le Regard Libre N\u00b0123 | \u00abQuel service public?\u00bb Exemplaire papier Edition de janvier 2026 Format magazine papier chic Opinions et r\u00e9flexions 05 L\u2019\u00e9dito de Jonas Follonier: \u2009L\u2019extr\u00eame centre, d\u00e9finition 07 La cartouche de Ralph M\u00fcller: L\u2019\u00e9cole face au positivisme 09 [&hellip;]<\/p>","protected":false},"featured_media":530732,"comment_status":"open","ping_status":"closed","template":"","meta":{"_acf_changed":false},"product_brand":[],"product_cat":[1228],"product_tag":[],"class_list":{"0":"post-530728","1":"product","2":"type-product","3":"status-publish","4":"has-post-thumbnail","6":"product_cat-numeros","8":"first","9":"instock","10":"shipping-taxable","11":"purchasable","12":"product-type-variable"},"acf":[],"_links":{"self":[{"href":"https:\/\/leregardlibre.sandbox-novadev.ch\/en\/wp-json\/wp\/v2\/product\/530728","targetHints":{"allow":["GET"]}}],"collection":[{"href":"https:\/\/leregardlibre.sandbox-novadev.ch\/en\/wp-json\/wp\/v2\/product"}],"about":[{"href":"https:\/\/leregardlibre.sandbox-novadev.ch\/en\/wp-json\/wp\/v2\/types\/product"}],"replies":[{"embeddable":true,"href":"https:\/\/leregardlibre.sandbox-novadev.ch\/en\/wp-json\/wp\/v2\/comments?post=530728"}],"wp:featuredmedia":[{"embeddable":true,"href":"https:\/\/leregardlibre.sandbox-novadev.ch\/en\/wp-json\/"}],"wp:attachment":[{"href":"https:\/\/leregardlibre.sandbox-novadev.ch\/en\/wp-json\/wp\/v2\/media?parent=530728"}],"wp:term":[{"taxonomy":"product_brand","embeddable":true,"href":"https:\/\/leregardlibre.sandbox-novadev.ch\/en\/wp-json\/wp\/v2\/product_brand?post=530728"},{"taxonomy":"product_cat","embeddable":true,"href":"https:\/\/leregardlibre.sandbox-novadev.ch\/en\/wp-json\/wp\/v2\/product_cat?post=530728"},{"taxonomy":"product_tag","embeddable":true,"href":"https:\/\/leregardlibre.sandbox-novadev.ch\/en\/wp-json\/wp\/v2\/product_tag?post=530728"}],"curies":[{"name":"wp","href":"https:\/\/api.w.org\/{rel}","templated":true}]}}