{"id":530244,"date":"2025-12-11T17:29:36","date_gmt":"2025-12-11T16:29:36","guid":{"rendered":"https:\/\/leregardlibre.com\/?post_type=product&amp;p=530244"},"modified":"2025-12-11T17:29:36","modified_gmt":"2025-12-11T16:29:36","slug":"le-regard-libre-n122-dossier-critiques-de-la-democratie","status":"publish","type":"product","link":"https:\/\/leregardlibre.sandbox-novadev.ch\/en\/product\/le-regard-libre-n122-dossier-critiques-de-la-democratie\/","title":{"rendered":"Le Regard Libre N\u00b0122 | Dossier \u00abCritiques de la d\u00e9mocratie\u00bb"},"content":{"rendered":"<p><em>Le Regard Libre<\/em> N\u00b0122 | \u00abCritiques de la d\u00e9mocratie\u00bb<br \/>\nExemplaire papier<br \/>\nEdition de d\u00e9cembre 2025<br \/>\nFormat magazine papier chic<\/p>\n<hr \/>\n<p class=\"p1\"><strong><span class=\"s1\">Opinions et r\u00e9flexions<\/span><\/strong><\/p>\n<p class=\"p2\"><span class=\"s2\">05<\/span> L\u2019\u00e9dito de Jonas Follonier: La libre parole, un solo de jazz<br \/>\n<span class=\"s2\">07<\/span> La cartouche de Ralph M\u00fcller: Halte \u00e0 l\u2019eug\u00e9nisme<br \/>\n<span class=\"s2\">08<\/span> La tribune de Marianne Grosjean: Sec, sobre et serein<br \/>\n<span class=\"s2\">09<\/span> La lecture de Pascal Couchepin: \u00abFake news\u00bb du Second Empire<br \/>\n<span class=\"s2\">10<\/span> Deirdre McCloskey en libert\u00e9: Un Etat n\u2019est pas une famille<br \/>\n<span class=\"s2\">11<\/span> D\u00e9saccord: Faut-il instaurer l\u2019uniforme \u00e0 l\u2019\u00e9cole publique?<br \/>\n<span class=\"s2\">12<\/span> L\u2019essai du mois: Penser le politique par <i>Le Je et le Nous<br \/>\n<\/i><i><\/i><span class=\"s2\">13<\/span> Cass Sunstein: \u00abLa v\u00e9ritable fracture oppose les lib\u00e9raux et les anti-lib\u00e9raux\u00bb<br \/>\n<span class=\"s2\">18<\/span> Nora Bussigny: \u00abDes militantes f\u00e9ministes ont c\u00e9l\u00e9br\u00e9 les massacres du Hamas\u00bb<\/p>\n<p class=\"p4\"><strong><span class=\"s1\">Dossier: Critiques de la d\u00e9mocratie<br \/>\n<\/span><\/strong><span class=\"s2\">24<\/span> La d\u00e9mocratie et ses ennemis<br \/>\n<span class=\"s2\">28<\/span> La critique platonicienne de la d\u00e9mocratie<br \/>\n<span class=\"s2\">30<\/span> La critique lib\u00e9rale de la d\u00e9mocratie, de Constant \u00e0 Hoppe<br \/>\n<span class=\"s2\">32<\/span> La critique maurassienne de la d\u00e9mocratie<br \/>\n<span class=\"s2\">35<\/span> Beno\u00eet Gaillard: \u00abLes limites que l\u2019on appelle \u00ab\u00a0Etat de droit\u00a0\u00bb ne sont pas fig\u00e9es\u00bb<\/p>\n<p class=\"p1\"><strong><span class=\"s1\">Culture et carnets<br \/>\n<\/span><\/strong><span class=\"s2\">40<\/span> Mise en trope: Quand les feuilles tombent, les morts aussi<br \/>\n<span class=\"s2\">42<\/span> Libert\u00e9 dans l\u2019objectif: Quand l\u2019IA repr\u00e9sente l\u2019espoir de l\u2019humanit\u00e9<br \/>\n<span class=\"s2\">44<\/span> Le photoreportage de Bernard L\u00e9chot: Aux fronti\u00e8res de la brume<br \/>\n<span class=\"s2\">50<\/span> En bref: Sardou par Michel, une crise et une blague de ChatGPT<br \/>\n<span class=\"s2\">52<\/span> Abonnement et m\u00e9c\u00e9nat<br \/>\n<span class=\"s2\">54<\/span> Citations<\/p>","protected":false},"excerpt":{"rendered":"<p>Le Regard Libre N\u00b0122 | \u00abCritiques de la d\u00e9mocratie\u00bb Exemplaire papier Edition de d\u00e9cembre 2025 Format magazine papier chic Opinions et r\u00e9flexions 05 L\u2019\u00e9dito de Jonas Follonier: La libre parole, un solo de jazz 07 La cartouche de Ralph M\u00fcller: [&hellip;]<\/p>","protected":false},"featured_media":530248,"comment_status":"open","ping_status":"closed","template":"","meta":{"_acf_changed":false},"product_brand":[],"product_cat":[1228],"product_tag":[],"class_list":{"0":"post-530244","1":"product","2":"type-product","3":"status-publish","4":"has-post-thumbnail","6":"product_cat-numeros","8":"first","9":"instock","10":"shipping-taxable","11":"purchasable","12":"product-type-variable"},"acf":[],"_links":{"self":[{"href":"https:\/\/leregardlibre.sandbox-novadev.ch\/en\/wp-json\/wp\/v2\/product\/530244","targetHints":{"allow":["GET"]}}],"collection":[{"href":"https:\/\/leregardlibre.sandbox-novadev.ch\/en\/wp-json\/wp\/v2\/product"}],"about":[{"href":"https:\/\/leregardlibre.sandbox-novadev.ch\/en\/wp-json\/wp\/v2\/types\/product"}],"replies":[{"embeddable":true,"href":"https:\/\/leregardlibre.sandbox-novadev.ch\/en\/wp-json\/wp\/v2\/comments?post=530244"}],"wp:featuredmedia":[{"embeddable":true,"href":"https:\/\/leregardlibre.sandbox-novadev.ch\/en\/wp-json\/"}],"wp:attachment":[{"href":"https:\/\/leregardlibre.sandbox-novadev.ch\/en\/wp-json\/wp\/v2\/media?parent=530244"}],"wp:term":[{"taxonomy":"product_brand","embeddable":true,"href":"https:\/\/leregardlibre.sandbox-novadev.ch\/en\/wp-json\/wp\/v2\/product_brand?post=530244"},{"taxonomy":"product_cat","embeddable":true,"href":"https:\/\/leregardlibre.sandbox-novadev.ch\/en\/wp-json\/wp\/v2\/product_cat?post=530244"},{"taxonomy":"product_tag","embeddable":true,"href":"https:\/\/leregardlibre.sandbox-novadev.ch\/en\/wp-json\/wp\/v2\/product_tag?post=530244"}],"curies":[{"name":"wp","href":"https:\/\/api.w.org\/{rel}","templated":true}]}}