{"id":529759,"date":"2025-11-09T10:25:16","date_gmt":"2025-11-09T09:25:16","guid":{"rendered":"https:\/\/leregardlibre.com\/?post_type=product&amp;p=529759"},"modified":"2025-11-09T10:25:16","modified_gmt":"2025-11-09T09:25:16","slug":"le-regard-libre-n121-dossier-le-nouveau-mercantilisme","status":"publish","type":"product","link":"https:\/\/leregardlibre.sandbox-novadev.ch\/en\/product\/le-regard-libre-n121-dossier-le-nouveau-mercantilisme\/","title":{"rendered":"Le Regard Libre N\u00b0121 | Dossier \u00abLe nouveau mercantilisme\u00bb"},"content":{"rendered":"<p><em>Le Regard Libre<\/em> N\u00b0121 | \u00abLe nouveau mercantilisme\u00bb<br \/>\nExemplaire papier<br \/>\nEdition de novembre 2025<br \/>\nFormat magazine papier chic<\/p>\n<hr \/>\n<p class=\"p1\"><strong><span class=\"s1\">Opinions et r\u00e9flexions<br \/>\n<\/span><\/strong><span class=\"s2\">05<\/span> L\u2019\u00e9dito de Jonas Follonier: \u2009L\u2019IA est une chance pour le journalisme<br \/>\n<span class=\"s2\">07<\/span> La cartouche de Ralph M\u00fcller: La pr\u00e9sence en ligne, une qu\u00eate de soi<br \/>\n<span class=\"s2\">08<\/span> La tribune de Marianne Grosjean: Pourquoi le service civil est essentiel<br \/>\n<span class=\"s2\">09<\/span> La lecture de Pascal Couchepin: \u00abO\u00f9 s\u2019adosse le ciel\u00bb<br \/>\n<span class=\"s2\">10<\/span> Deirdre McCloskey en libert\u00e9: Le provincialisme intellectuel fran\u00e7ais<br \/>\n<span class=\"s2\">11<\/span> D\u00e9saccord: Faut-il s\u00e9parer l\u2019Etat des Eglises partout en Suisse?<br \/>\n<span class=\"s2\">12<\/span> L\u2019essai du mois: L\u2019uniforme, miroir d\u2019un monde moderne<br \/>\n<span class=\"s2\">13<\/span> Quand le refoul\u00e9 masculin revient au galop<br \/>\n<span class=\"s2\">16<\/span> Isra\u00ebl: Lettre \u00e0 Ruth Dreifuss<br \/>\n<span class=\"s2\">19<\/span> L\u2019\u00e9l\u00e9phant, la poule et le tsar<\/p>\n<p class=\"p4\"><strong><span class=\"s1\">Dossier: Le nouveau mercantilisme<br \/>\n<\/span><\/strong><span class=\"s2\">22<\/span> Le capitalisme primitif a fait son grand retour<br \/>\n<span class=\"s2\">26<\/span> Peut-on dire du bien du protectionnisme?<br \/>\n<span class=\"s2\">28<\/span> Alexandre Edelmann: \u00abLa Suisse est condamn\u00e9e \u00e0 l\u2019excellence\u00bb<br \/>\n<span class=\"s2\">34<\/span> La meilleure politique industrielle, c\u2019est de ne pas en avoir<br \/>\n<span class=\"s2\">36<\/span> Fran\u00e7ois Schaller: \u00abLes accords avec l\u2019UE sonneront la fin du mod\u00e8le suisse\u00bb<\/p>\n<p class=\"p1\"><strong><span class=\"s1\">Culture et carnets<br \/>\n<\/span><\/strong><span class=\"s2\">40<\/span> Mise en trope: <i>La fin de la tristesse<\/i>, \u00e9crire pour ne pas s\u2019\u00e9teindre<br \/>\n<span class=\"s2\">42<\/span> Libert\u00e9 dans l\u2019objectif: L\u2019IA, la nouvelle trahison du cin\u00e9ma<br \/>\n<span class=\"s2\">44<\/span> Le photoreportage de Bernard L\u00e9chot: Lonesome trees<br \/>\n<span class=\"s2\">50<\/span> En bref: Convivialit\u00e9 parlementaire, Nicolas Walder et une blague de ChatGPT<br \/>\n<span class=\"s2\">52<\/span> Abonnement et m\u00e9c\u00e9nat<br \/>\n<span class=\"s2\">54<\/span> Citations<\/p>","protected":false},"excerpt":{"rendered":"<p>Le Regard Libre N\u00b0121 | \u00abLe nouveau mercantilisme\u00bb Exemplaire papier Edition de novembre 2025 Format magazine papier chic Opinions et r\u00e9flexions 05 L\u2019\u00e9dito de Jonas Follonier: \u2009L\u2019IA est une chance pour le journalisme 07 La cartouche de Ralph M\u00fcller: La [&hellip;]<\/p>","protected":false},"featured_media":529763,"comment_status":"open","ping_status":"closed","template":"","meta":{"_acf_changed":false},"product_brand":[],"product_cat":[1228],"product_tag":[],"class_list":{"0":"post-529759","1":"product","2":"type-product","3":"status-publish","4":"has-post-thumbnail","6":"product_cat-numeros","8":"first","9":"instock","10":"shipping-taxable","11":"purchasable","12":"product-type-variable"},"acf":[],"_links":{"self":[{"href":"https:\/\/leregardlibre.sandbox-novadev.ch\/en\/wp-json\/wp\/v2\/product\/529759","targetHints":{"allow":["GET"]}}],"collection":[{"href":"https:\/\/leregardlibre.sandbox-novadev.ch\/en\/wp-json\/wp\/v2\/product"}],"about":[{"href":"https:\/\/leregardlibre.sandbox-novadev.ch\/en\/wp-json\/wp\/v2\/types\/product"}],"replies":[{"embeddable":true,"href":"https:\/\/leregardlibre.sandbox-novadev.ch\/en\/wp-json\/wp\/v2\/comments?post=529759"}],"wp:featuredmedia":[{"embeddable":true,"href":"https:\/\/leregardlibre.sandbox-novadev.ch\/en\/wp-json\/"}],"wp:attachment":[{"href":"https:\/\/leregardlibre.sandbox-novadev.ch\/en\/wp-json\/wp\/v2\/media?parent=529759"}],"wp:term":[{"taxonomy":"product_brand","embeddable":true,"href":"https:\/\/leregardlibre.sandbox-novadev.ch\/en\/wp-json\/wp\/v2\/product_brand?post=529759"},{"taxonomy":"product_cat","embeddable":true,"href":"https:\/\/leregardlibre.sandbox-novadev.ch\/en\/wp-json\/wp\/v2\/product_cat?post=529759"},{"taxonomy":"product_tag","embeddable":true,"href":"https:\/\/leregardlibre.sandbox-novadev.ch\/en\/wp-json\/wp\/v2\/product_tag?post=529759"}],"curies":[{"name":"wp","href":"https:\/\/api.w.org\/{rel}","templated":true}]}}