{"id":529235,"date":"2025-10-06T17:33:40","date_gmt":"2025-10-06T15:33:40","guid":{"rendered":"https:\/\/leregardlibre.com\/?post_type=product&amp;p=529235"},"modified":"2025-10-06T17:33:40","modified_gmt":"2025-10-06T15:33:40","slug":"le-regard-libre-n120-dossier-lenfance-en-crise","status":"publish","type":"product","link":"https:\/\/leregardlibre.sandbox-novadev.ch\/en\/product\/le-regard-libre-n120-dossier-lenfance-en-crise\/","title":{"rendered":"Le Regard Libre N\u00b0120 | Dossier \u00abL\u2019enfance en crise\u00bb"},"content":{"rendered":"<p><em>Le Regard Libre<\/em> N\u00b0120 | \u00abL\u2019enfance en crise\u00bb<br \/>\nExemplaire papier<br \/>\nEdition d\u2019octobre 2025<br \/>\nFormat magazine papier chic<\/p>\n<hr \/>\n<p class=\"p1\"><strong><span class=\"s1\">Opinions et r\u00e9flexions<br \/>\n<\/span><\/strong><span class=\"s1\">05<\/span> L\u2019\u00e9dito d\u2019Antoine-Fr\u00e9d\u00e9ric Bernhard: Qui a peur des h\u00e9t\u00e9rodoxes?<br \/>\n<span class=\"s1\">07<\/span> La cartouche de Ralph M\u00fcller: La machine contre la parole<br \/>\n<span class=\"s1\">08<\/span> La tribune de Marianne Grosjean: R\u00e9unir m\u00e9decins et th\u00e9rapeutes<br \/>\n<span class=\"s1\">09<\/span> La lecture de Pascal Couchepin: Le suicide de l\u2019Am\u00e9rique, et apr\u00e8s?<br \/>\n<span class=\"s1\">10<\/span> Le d\u00e9saccord de la r\u00e9daction: Faut-il sanctuariser certains espaces naturels?<br \/>\n<span class=\"s1\">11<\/span> L\u2019essai du mois: <i>L\u2019Ere Milei<\/i> ou la revanche de la libert\u00e9<br \/>\n<span class=\"s1\">12<\/span> Ils ont tu\u00e9 Charlie Kirk<br \/>\n<span class=\"s1\">14<\/span> A bas le \u00abpatriarcat\u00bb!<br \/>\n<span class=\"s1\">17<\/span> Comment les gens ennuyeux nous ont rendus riches<\/p>\n<p class=\"p5\"><strong><span class=\"s1\">Dossier: L\u2019enfance en crise<br \/>\n<\/span><\/strong><span class=\"s1\">22<\/span> A l\u2019\u00e9preuve des \u00e9crans<br \/>\n<span class=\"s1\">24<\/span> La crise de l\u2019\u00e9cole exige un sursaut de la droite<br \/>\n<span class=\"s1\">26<\/span> Les pr\u00e9cepteurs n\u2019\u00e9taient pas tous des saints<br \/>\n<span class=\"s1\">28<\/span> Le bouton d\u2019autodestruction de la modernit\u00e9<\/p>\n<p class=\"p1\"><strong><span class=\"s1\">Culture et carnets<br \/>\n<\/span><\/strong><span class=\"s1\">40<\/span> Libert\u00e9 dans l\u2019objectif: La responsabilit\u00e9 des documentaristes<br \/>\n<span class=\"s1\">42<\/span> Musicologie et sectarisme<br \/>\n<span class=\"s1\">44<\/span> Le photoreportage de Bernard L\u00e9chot: Arbres solitaires<br \/>\n<span class=\"s1\">50<\/span> En bref: La <i>cancel culture<\/i>, une biblioth\u00e8que aux oiseaux et une blague de ChatGPT<\/p>\n<p class=\"p1\"><span class=\"s2\">52<\/span> Abonnement et m\u00e9c\u00e9nat<br \/>\n<span class=\"s2\">54<\/span> Citations<\/p>","protected":false},"excerpt":{"rendered":"<p>Le Regard Libre N\u00b0120 | \u00abL\u2019enfance en crise\u00bb Exemplaire papier Edition d\u2019octobre 2025 Format magazine papier chic Opinions et r\u00e9flexions 05 L\u2019\u00e9dito d\u2019Antoine-Fr\u00e9d\u00e9ric Bernhard: Qui a peur des h\u00e9t\u00e9rodoxes? 07 La cartouche de Ralph M\u00fcller: La machine contre la parole [&hellip;]<\/p>","protected":false},"featured_media":529239,"comment_status":"open","ping_status":"closed","template":"","meta":{"_acf_changed":false},"product_brand":[],"product_cat":[1228],"product_tag":[],"class_list":{"0":"post-529235","1":"product","2":"type-product","3":"status-publish","4":"has-post-thumbnail","6":"product_cat-numeros","8":"first","9":"instock","10":"shipping-taxable","11":"purchasable","12":"product-type-variable"},"acf":[],"_links":{"self":[{"href":"https:\/\/leregardlibre.sandbox-novadev.ch\/en\/wp-json\/wp\/v2\/product\/529235","targetHints":{"allow":["GET"]}}],"collection":[{"href":"https:\/\/leregardlibre.sandbox-novadev.ch\/en\/wp-json\/wp\/v2\/product"}],"about":[{"href":"https:\/\/leregardlibre.sandbox-novadev.ch\/en\/wp-json\/wp\/v2\/types\/product"}],"replies":[{"embeddable":true,"href":"https:\/\/leregardlibre.sandbox-novadev.ch\/en\/wp-json\/wp\/v2\/comments?post=529235"}],"wp:featuredmedia":[{"embeddable":true,"href":"https:\/\/leregardlibre.sandbox-novadev.ch\/en\/wp-json\/"}],"wp:attachment":[{"href":"https:\/\/leregardlibre.sandbox-novadev.ch\/en\/wp-json\/wp\/v2\/media?parent=529235"}],"wp:term":[{"taxonomy":"product_brand","embeddable":true,"href":"https:\/\/leregardlibre.sandbox-novadev.ch\/en\/wp-json\/wp\/v2\/product_brand?post=529235"},{"taxonomy":"product_cat","embeddable":true,"href":"https:\/\/leregardlibre.sandbox-novadev.ch\/en\/wp-json\/wp\/v2\/product_cat?post=529235"},{"taxonomy":"product_tag","embeddable":true,"href":"https:\/\/leregardlibre.sandbox-novadev.ch\/en\/wp-json\/wp\/v2\/product_tag?post=529235"}],"curies":[{"name":"wp","href":"https:\/\/api.w.org\/{rel}","templated":true}]}}