{"id":528909,"date":"2025-08-30T19:34:24","date_gmt":"2025-08-30T17:34:24","guid":{"rendered":"https:\/\/leregardlibre.com\/?post_type=product&amp;p=528909"},"modified":"2025-08-30T19:34:24","modified_gmt":"2025-08-30T17:34:24","slug":"le-regard-libre-n119-dossier-la-bagnole-sous-la-loupe","status":"publish","type":"product","link":"https:\/\/leregardlibre.sandbox-novadev.ch\/en\/product\/le-regard-libre-n119-dossier-la-bagnole-sous-la-loupe\/","title":{"rendered":"Le Regard Libre N\u00b0119 | Dossier \u00abLa bagnole sous la loupe\u00bb"},"content":{"rendered":"<p><em>Le Regard Libre<\/em> N\u00b0119 | \u00abLa bagnole sous la loupe\u00bb<br \/>\nExemplaire papier<br \/>\nEdition de septembre 2025<br \/>\nFormat magazine papier chic<\/p>\n<hr \/>\n<p class=\"p1\"><strong><span class=\"s1\">Opinions et r\u00e9flexions<br \/>\n<\/span><\/strong><\/p>\n<p class=\"p1\"><span class=\"s1\">05<\/span> L\u2019\u00e9dito d\u2019Antoine-Fr\u00e9d\u00e9ric Bernhard: Les r\u00e9gimes passent, les pays restent<br \/>\n<span class=\"s1\">07<\/span> La cartouche de Ralph M\u00fcller: Le narcissisme, une violence discr\u00e8te<br \/>\n<span class=\"s1\">08<\/span> La tribune de Marianne Grosjean: L\u2019exemple des Sabines<br \/>\n<span class=\"s1\">09<\/span> La lecture de Pascal Couchepin: Le Conseil de Nic\u00e9e, un cas unique<br \/>\n<span class=\"s1\">10<\/span> D\u00e9saccord: Faut-il instaurer la double majorit\u00e9 pour les accords Suisse-UE?<br \/>\n<span class=\"s1\">11<\/span> L\u2019essai du mois: Alerte sur l\u2019id\u00e9ologisation de Wikip\u00e9dia<br \/>\n<span class=\"s1\">12<\/span> David Betz: \u00abLa guerre civile devient in\u00e9vitable \u00e0 terme\u00bb<\/p>\n<p class=\"p5\"><strong><span class=\"s1\">Dossier: La bagnole sous la loupe<br \/>\n<\/span><\/strong><span class=\"s1\">20<\/span> L<span class=\"s2\">a voiture ne refl\u00e8te plus la m\u00eame conception de la libert\u00e9<br \/>\n<\/span><span class=\"s1\">22<\/span> <span class=\"s2\">Du p\u00e9ch\u00e9 mortel \u00e0 la r\u00e9demption<br \/>\n<\/span><span class=\"s1\">24<\/span> Carlos Moreno: \u00abIl faut tourner la page de la voiture en ville au XXI<sup>e<\/sup> si\u00e8cle\u00bb<br \/>\n<span class=\"s1\">30<\/span> La voiture volante, \u00e9chec obstin\u00e9 d\u2019un futur r\u00eav\u00e9<br \/>\n<span class=\"s1\">34<\/span> L\u2019amour en voiture, de Flaubert \u00e0 Proust<\/p>\n<p class=\"p1\"><strong><span class=\"s1\">Culture et carnets<br \/>\n<\/span><\/strong><span class=\"s1\">38<\/span> Eloge de la longue phrase<br \/>\n<span class=\"s1\">40<\/span> Mise en trope: <i>Car<\/i>, le r\u00eave am\u00e9ricain \u00e0 pleines dents<br \/>\n<span class=\"s1\">42<\/span> Libert\u00e9 dans l\u2019objectif: Le septi\u00e8me art rena\u00eet dans les festivals<br \/>\n<span class=\"s1\">44<\/span> Le photoreportage de Bernard L\u00e9chot: Au c\u0153ur du Gor<br \/>\n<span class=\"s1\">50<\/span> En bref: La M\u00e9diterran\u00e9e, une belle blonde et le grand \u00e9l\u00e9phant dans la pi\u00e8ce<\/p>\n<p class=\"p1\"><span class=\"s2\">52<\/span> Abonnement et m\u00e9c\u00e9nat<br \/>\n<span class=\"s2\">54<\/span> Citations<\/p>","protected":false},"excerpt":{"rendered":"<p>Le Regard Libre N\u00b0119 | \u00abLa bagnole sous la loupe\u00bb Exemplaire papier Edition de septembre 2025 Format magazine papier chic Opinions et r\u00e9flexions 05 L\u2019\u00e9dito d\u2019Antoine-Fr\u00e9d\u00e9ric Bernhard: Les r\u00e9gimes passent, les pays restent 07 La cartouche de Ralph M\u00fcller: Le [&hellip;]<\/p>","protected":false},"featured_media":528912,"comment_status":"open","ping_status":"closed","template":"","meta":{"_acf_changed":false},"product_brand":[],"product_cat":[1228],"product_tag":[],"class_list":{"0":"post-528909","1":"product","2":"type-product","3":"status-publish","4":"has-post-thumbnail","6":"product_cat-numeros","8":"first","9":"instock","10":"shipping-taxable","11":"purchasable","12":"product-type-variable"},"acf":[],"_links":{"self":[{"href":"https:\/\/leregardlibre.sandbox-novadev.ch\/en\/wp-json\/wp\/v2\/product\/528909","targetHints":{"allow":["GET"]}}],"collection":[{"href":"https:\/\/leregardlibre.sandbox-novadev.ch\/en\/wp-json\/wp\/v2\/product"}],"about":[{"href":"https:\/\/leregardlibre.sandbox-novadev.ch\/en\/wp-json\/wp\/v2\/types\/product"}],"replies":[{"embeddable":true,"href":"https:\/\/leregardlibre.sandbox-novadev.ch\/en\/wp-json\/wp\/v2\/comments?post=528909"}],"wp:featuredmedia":[{"embeddable":true,"href":"https:\/\/leregardlibre.sandbox-novadev.ch\/en\/wp-json\/"}],"wp:attachment":[{"href":"https:\/\/leregardlibre.sandbox-novadev.ch\/en\/wp-json\/wp\/v2\/media?parent=528909"}],"wp:term":[{"taxonomy":"product_brand","embeddable":true,"href":"https:\/\/leregardlibre.sandbox-novadev.ch\/en\/wp-json\/wp\/v2\/product_brand?post=528909"},{"taxonomy":"product_cat","embeddable":true,"href":"https:\/\/leregardlibre.sandbox-novadev.ch\/en\/wp-json\/wp\/v2\/product_cat?post=528909"},{"taxonomy":"product_tag","embeddable":true,"href":"https:\/\/leregardlibre.sandbox-novadev.ch\/en\/wp-json\/wp\/v2\/product_tag?post=528909"}],"curies":[{"name":"wp","href":"https:\/\/api.w.org\/{rel}","templated":true}]}}