{"id":528360,"date":"2025-07-20T20:19:20","date_gmt":"2025-07-20T18:19:20","guid":{"rendered":"https:\/\/leregardlibre.com\/?post_type=product&amp;p=528360"},"modified":"2025-07-20T20:19:20","modified_gmt":"2025-07-20T18:19:20","slug":"le-regard-libre-n118-dossier-heros","status":"publish","type":"product","link":"https:\/\/leregardlibre.sandbox-novadev.ch\/en\/product\/le-regard-libre-n118-dossier-heros\/","title":{"rendered":"Le Regard Libre N\u00b0118 | Dossier \u00abNos h\u00e9ros\u00bb"},"content":{"rendered":"<p><em>Le Regard Libre<\/em> N\u00b0118 | \u00abNos h\u00e9ros\u00bb<br \/>\nExemplaire papier<br \/>\nEdition de juillet 2025<br \/>\nFormat magazine papier chic<\/p>\n<hr \/>\n<p class=\"p1\"><strong><span class=\"s1\">Opinions et r\u00e9flexions<br \/>\n<\/span><\/strong><\/p>\n<p class=\"p1\"><span class=\"s1\">05<\/span> L\u2019\u00e9dito de Jonas Follonier: Blatten, Gaza et la s\u00e9lection des faits<br \/>\n<span class=\"s1\">07<\/span> La cartouche de Ralph M\u00fcller: A la victoire du PSG, une jeunesse d\u00e9civilis\u00e9e<br \/>\n<span class=\"s1\">08<\/span> La tribune de Marianne Grosjean: Tout s\u2019ach\u00e8te, m\u00eame le savoir-vivre<br \/>\n<span class=\"s1\">09<\/span> La lecture de Pascal Couchepin: Galba, C\u00e9sar et la m\u00e9moire d\u2019Octodure<br \/>\n<span class=\"s1\">10<\/span> D\u00e9saccord: Faut-il interdire les r\u00e9seaux sociaux aux moins de 16 ans?<br \/>\n<span class=\"s1\">11<\/span> L\u2019essai du mois: Et si Trump avait un plan?<br \/>\n<span class=\"s1\">12<\/span> Esprits libres espagnols 3\/3: Chaves Nogales, plume libre face aux dogmes<br \/>\n<span class=\"s1\">15<\/span> L\u2019abandon des gar\u00e7ons<br \/>\n<span class=\"s1\">18<\/span> Venise, berceau m\u00e9di\u00e9val du doux commerce<br \/>\n<span class=\"s1\">22<\/span> Le Groenland et l\u2019\u00e9thique de l\u2019annexion<\/p>\n<p class=\"p5\"><strong><span class=\"s1\">Dossier: L\u2019irresponsabilit\u00e9 des \u00e9lites<br \/>\n<\/span><\/strong><span class=\"s1\">28<\/span> <span class=\"s2\">Le h\u00e9ros national, un traumatisme helv\u00e9tique?<br \/>\n<\/span><span class=\"s1\">31<\/span> Numa Droz, le plus jeune conseiller f\u00e9d\u00e9ral \u00e0 ce jour<br \/>\n<span class=\"s1\">34<\/span> Le\u00a0Corbusier, un h\u00e9ro\u00efsme esth\u00e9tique au service de la modernit\u00e9<br \/>\n<span class=\"s1\">36<\/span> Trois figures de la litt\u00e9rature suisse<\/p>\n<p class=\"p1\"><strong><span class=\"s1\">Culture et carnets<br \/>\n<\/span><\/strong><span class=\"s1\">40<\/span> Mise en trope: <i>Villa Bergamote<\/i>, mondain donc malsain<br \/>\n<span class=\"s1\">42<\/span> Libert\u00e9 dans l\u2019objectif: Quand adaptation rime avec profanation<br \/>\n<span class=\"s1\">44<\/span> Le photoreportage de Bernard L\u00e9chot: Concert d\u2019ocres<br \/>\n<span class=\"s1\">50<\/span> En bref: Philippe Jaccottet, une d\u00e9fense de la libert\u00e9 et une blague de ChatGPT<\/p>\n<p class=\"p1\"><span class=\"s2\">52<\/span> Abonnement et m\u00e9c\u00e9nat<br \/>\n<span class=\"s2\">54<\/span> Citations<\/p>","protected":false},"excerpt":{"rendered":"<p>Le Regard Libre N\u00b0118 | \u00abNos h\u00e9ros\u00bb Exemplaire papier Edition de juillet 2025 Format magazine papier chic Opinions et r\u00e9flexions 05 L\u2019\u00e9dito de Jonas Follonier: Blatten, Gaza et la s\u00e9lection des faits 07 La cartouche de Ralph M\u00fcller: A la [&hellip;]<\/p>","protected":false},"featured_media":528363,"comment_status":"open","ping_status":"closed","template":"","meta":{"_acf_changed":false},"product_brand":[],"product_cat":[1228],"product_tag":[],"class_list":{"0":"post-528360","1":"product","2":"type-product","3":"status-publish","4":"has-post-thumbnail","6":"product_cat-numeros","8":"first","9":"instock","10":"shipping-taxable","11":"purchasable","12":"product-type-variable"},"acf":[],"_links":{"self":[{"href":"https:\/\/leregardlibre.sandbox-novadev.ch\/en\/wp-json\/wp\/v2\/product\/528360","targetHints":{"allow":["GET"]}}],"collection":[{"href":"https:\/\/leregardlibre.sandbox-novadev.ch\/en\/wp-json\/wp\/v2\/product"}],"about":[{"href":"https:\/\/leregardlibre.sandbox-novadev.ch\/en\/wp-json\/wp\/v2\/types\/product"}],"replies":[{"embeddable":true,"href":"https:\/\/leregardlibre.sandbox-novadev.ch\/en\/wp-json\/wp\/v2\/comments?post=528360"}],"wp:featuredmedia":[{"embeddable":true,"href":"https:\/\/leregardlibre.sandbox-novadev.ch\/en\/wp-json\/"}],"wp:attachment":[{"href":"https:\/\/leregardlibre.sandbox-novadev.ch\/en\/wp-json\/wp\/v2\/media?parent=528360"}],"wp:term":[{"taxonomy":"product_brand","embeddable":true,"href":"https:\/\/leregardlibre.sandbox-novadev.ch\/en\/wp-json\/wp\/v2\/product_brand?post=528360"},{"taxonomy":"product_cat","embeddable":true,"href":"https:\/\/leregardlibre.sandbox-novadev.ch\/en\/wp-json\/wp\/v2\/product_cat?post=528360"},{"taxonomy":"product_tag","embeddable":true,"href":"https:\/\/leregardlibre.sandbox-novadev.ch\/en\/wp-json\/wp\/v2\/product_tag?post=528360"}],"curies":[{"name":"wp","href":"https:\/\/api.w.org\/{rel}","templated":true}]}}