{"id":528113,"date":"2025-06-10T22:16:12","date_gmt":"2025-06-10T20:16:12","guid":{"rendered":"https:\/\/leregardlibre.com\/?post_type=product&amp;p=528113"},"modified":"2025-06-10T22:16:12","modified_gmt":"2025-06-10T20:16:12","slug":"le-regard-libre-n117-dossier-elites","status":"publish","type":"product","link":"https:\/\/leregardlibre.sandbox-novadev.ch\/en\/product\/le-regard-libre-n117-dossier-elites\/","title":{"rendered":"Le Regard Libre N\u00b0117 | Dossier \u00c9LITES"},"content":{"rendered":"<p><em>Le Regard Libre<\/em> N\u00b0117 | \u00abQuand les \u00e9lites sont irresponsables\u00bb<br \/>\nExemplaire papier<br \/>\nEdition de juin 2025<br \/>\nFormat magazine papier chic<\/p>\n<hr \/>\n<p class=\"p1\"><strong><span class=\"s1\">Opinions et r\u00e9flexions<br \/>\n<\/span><\/strong><span class=\"s2\">05<\/span> L\u2019\u00e9dito de Jonas Follonier: La n\u00e9cessaire exigence envers les \u00e9lites<br \/>\n<span class=\"s2\">07<\/span> La cartouche de Ralph M\u00fcller: L\u2019Homme est un sujet et donc un h\u00e9ritier<br \/>\n<span class=\"s2\">08<\/span> La tribune de Marianne Grosjean: Pas de \u00aball in\u00bb dans l\u2019IA<br \/>\n<span class=\"s2\">09<\/span> La lecture de Pascal Couchepin: J. D. Vance et les postlib\u00e9raux catholiques<br \/>\n<span class=\"s2\">10<\/span> D\u00e9saccord: Les agriculteurs ont-ils trop de poids politique en Suisse?<br \/>\n<span class=\"s2\">11<\/span> L\u2019essai du mois: 7 octobre 2023, le bouleversement du monde<br \/>\n<span class=\"s2\">12<\/span> Zofingue, l\u2019Unil et les sir\u00e8nes de l\u2019\u00e9poque<br \/>\n<span class=\"s2\">13<\/span> Esprits libres espagnols 2\/3: Maria Zambrano, la r\u00e9v\u00e9lation de l\u2019\u00eatre<br \/>\n<span class=\"s2\">16<\/span> Mark Schelker: \u00abBerne ne peut gu\u00e8re estimer les effets d\u2019une r\u00e9forme fiscale\u00bb<br \/>\n<span class=\"s2\">18<\/span> La g\u00e9n\u00e9tique influence le potentiel intellectuel, l\u2019\u00e9ducation le lib\u00e8re<\/p>\n<p class=\"p5\"><strong><span class=\"s1\">Dossier: L\u2019irresponsabilit\u00e9 des \u00e9lites<br \/>\n<\/span><\/strong><span class=\"s2\">22<\/span> <span class=\"s3\">Samuel Fitoussi:\u2009\u00abSous certaines conditions, l\u2019intelligence pr\u00e9dispose \u00e0 l\u2019erreur\u00bb<br \/>\n<\/span><span class=\"s2\">28<\/span> Quand science et militantisme convolent en justes noces<br \/>\n<span class=\"s2\">32<\/span> C\u00e9line Vara et la r\u00e9volte des \u00e9lites<br \/>\n<span class=\"s2\">34<\/span> De la singularit\u00e9 artistique au formatage de la pens\u00e9e<\/p>\n<p class=\"p1\"><strong><span class=\"s1\">Culture et carnets<br \/>\n<\/span><\/strong><span class=\"s2\">38<\/span> Mise en trope: Marco Martella, \u00e9crivain en herbes<br \/>\n<span class=\"s2\">40<\/span> Libert\u00e9 dans l\u2019objectif: De la fiction, peu de v\u00e9rit\u00e9<br \/>\n<span class=\"s2\">42<\/span> L\u2019actualit\u00e9 de Chateaubriand<br \/>\n<span class=\"s2\">43<\/span> Les carnets d\u2019\u00e9laboration de Theodor Wildt (10\/10)<br \/>\n<span class=\"s2\">44<\/span> Le photoreportage de Bernard L\u00e9chot: Sombre Canari<br \/>\n<span class=\"s2\">50<\/span> En bref: La <i>Landsgemeinde<\/i>, deux romans fr\u00e8res et une blague de ChatGPT<br \/>\n<span class=\"s2\">52<\/span> Abonnement et m\u00e9c\u00e9nat<br \/>\n<span class=\"s2\">54<\/span> Citations<\/p>","protected":false},"excerpt":{"rendered":"<p>Le Regard Libre N\u00b0117 | \u00abQuand les \u00e9lites sont irresponsables\u00bb Exemplaire papier Edition de juin 2025 Format magazine papier chic Opinions et r\u00e9flexions 05 L\u2019\u00e9dito de Jonas Follonier: La n\u00e9cessaire exigence envers les \u00e9lites 07 La cartouche de Ralph M\u00fcller: [&hellip;]<\/p>","protected":false},"featured_media":528116,"comment_status":"open","ping_status":"closed","template":"","meta":{"_acf_changed":false},"product_brand":[],"product_cat":[1228],"product_tag":[],"class_list":{"0":"post-528113","1":"product","2":"type-product","3":"status-publish","4":"has-post-thumbnail","6":"product_cat-numeros","8":"first","9":"instock","10":"shipping-taxable","11":"purchasable","12":"product-type-variable"},"acf":[],"_links":{"self":[{"href":"https:\/\/leregardlibre.sandbox-novadev.ch\/en\/wp-json\/wp\/v2\/product\/528113","targetHints":{"allow":["GET"]}}],"collection":[{"href":"https:\/\/leregardlibre.sandbox-novadev.ch\/en\/wp-json\/wp\/v2\/product"}],"about":[{"href":"https:\/\/leregardlibre.sandbox-novadev.ch\/en\/wp-json\/wp\/v2\/types\/product"}],"replies":[{"embeddable":true,"href":"https:\/\/leregardlibre.sandbox-novadev.ch\/en\/wp-json\/wp\/v2\/comments?post=528113"}],"wp:featuredmedia":[{"embeddable":true,"href":"https:\/\/leregardlibre.sandbox-novadev.ch\/en\/wp-json\/"}],"wp:attachment":[{"href":"https:\/\/leregardlibre.sandbox-novadev.ch\/en\/wp-json\/wp\/v2\/media?parent=528113"}],"wp:term":[{"taxonomy":"product_brand","embeddable":true,"href":"https:\/\/leregardlibre.sandbox-novadev.ch\/en\/wp-json\/wp\/v2\/product_brand?post=528113"},{"taxonomy":"product_cat","embeddable":true,"href":"https:\/\/leregardlibre.sandbox-novadev.ch\/en\/wp-json\/wp\/v2\/product_cat?post=528113"},{"taxonomy":"product_tag","embeddable":true,"href":"https:\/\/leregardlibre.sandbox-novadev.ch\/en\/wp-json\/wp\/v2\/product_tag?post=528113"}],"curies":[{"name":"wp","href":"https:\/\/api.w.org\/{rel}","templated":true}]}}