{"id":527819,"date":"2025-05-10T09:43:00","date_gmt":"2025-05-10T07:43:00","guid":{"rendered":"https:\/\/leregardlibre.com\/?post_type=product&amp;p=527819"},"modified":"2025-05-10T09:43:00","modified_gmt":"2025-05-10T07:43:00","slug":"le-regard-libre-n116-dossier-civilite","status":"publish","type":"product","link":"https:\/\/leregardlibre.sandbox-novadev.ch\/en\/product\/le-regard-libre-n116-dossier-civilite\/","title":{"rendered":"Le Regard Libre N\u00b0116 | Dossier CIVILIT\u00c9"},"content":{"rendered":"<p><em>Le Regard Libre<\/em> N\u00b0116 | \u00abFaire face \u00e0 l\u2019incivilit\u00e9\u00bb<br \/>\nExemplaire papier<br \/>\nEdition de mai 2025<br \/>\nFormat magazine papier chic<\/p>\n<hr \/>\n<p class=\"p1\"><strong><span class=\"s1\">Opinions et r\u00e9flexions<br \/>\n<\/span><\/strong><span class=\"s1\">05<\/span> L\u2019\u00e9dito de Jonas Follonier: Trumpisme et wokisme, sept similitudes<br \/>\n<span class=\"s1\">07<\/span> La cartouche de Ralph M\u00fcller: La civilit\u00e9, une hypocrisie salutaire<br \/>\n<span class=\"s1\">08<\/span> La tribune de Marianne Grosjean: Femmes sans enfants et mamans d\u00e9pass\u00e9es<br \/>\n<span class=\"s1\">09<\/span> La lecture de Pascal Couchepin: <i>Prisonnier du r\u00eave \u00e9carlate<\/i>, d\u2019Andre\u00ef Makine<br \/>\n<span class=\"s1\">10<\/span> D\u00e9saccord: Faut-il rehausser le nombre de signatures pour les initiatives?<br \/>\n<span class=\"s1\">11<\/span> L\u2019essai du mois: <i>Rire<\/i> avec Philippe Val<br \/>\n<span class=\"s1\">12<\/span> Marc Bonnant: \u00abDevenir avocat, c\u2019est une ligne de cr\u00eate\u00bb<br \/>\n<span class=\"s1\">16<\/span> Esprits libres espagnols 1\/3: Ortega y Gasset, le cri du lib\u00e9ralisme<br \/>\n<span class=\"s1\">18<\/span> Les causes du progr\u00e8s humain<\/p>\n<p class=\"p2\"><strong><span class=\"s2\">Dossier: A l\u2019ombre des Alpes<br \/>\n<\/span><\/strong><span class=\"s1\">24<\/span> Br\u00e8ve histoire du mot \u00abcivilit\u00e9\u00bb<br \/>\n<span class=\"s1\">26<\/span> Hausse des incivilit\u00e9s et des agressions en Suisse<br \/>\n<span class=\"s1\">28<\/span> \u00abLa violence s\u2019est aggrav\u00e9e\u00bb: entretien avec le porte-parole des CFF<br \/>\n<span class=\"s1\">32<\/span> David Lisnard, le maire en guerre contre l\u2019incivisme<br \/>\n<span class=\"s1\">34<\/span> Vertus de la galanterie<\/p>\n<p class=\"p3\"><strong><span class=\"s2\">Culture et carnets<br \/>\n<\/span><\/strong><span class=\"s1\">38<\/span> Mise en trope: <i>Fourth Wing<\/i>, quand la litt\u00e9rature a du plomb dans l\u2019aile<br \/>\n<span class=\"s1\">40<\/span> Libert\u00e9 dans l\u2019objectif: De Caligari \u00e0 Disney, histoire d\u2019un d\u00e9samour<br \/>\n<span class=\"s1\">42<\/span> La m\u00e9lodie, fondement du langage musical<br \/>\n<span class=\"s1\">43<\/span> Les carnets d\u2019\u00e9laboration de Theodor Wildt (9\/10)<br \/>\n<span class=\"s1\">44<\/span> Le photoreportage de Bernard L\u00e9chot: Quand le ciel parle<br \/>\n<span class=\"s1\">50<\/span> En bref: Incivilit\u00e9s \u00e0 Lausanne, le style Ghilbi et une blague de ChatGPT<\/p>\n<p class=\"p2\"><span class=\"s1\">52<\/span> Abonnement et m\u00e9c\u00e9nat<br \/>\n<span class=\"s1\">54<\/span> Citations<\/p>","protected":false},"excerpt":{"rendered":"<p>Le Regard Libre N\u00b0116 | \u00abFaire face \u00e0 l\u2019incivilit\u00e9\u00bb Exemplaire papier Edition de mai 2025 Format magazine papier chic Opinions et r\u00e9flexions 05 L\u2019\u00e9dito de Jonas Follonier: Trumpisme et wokisme, sept similitudes 07 La cartouche de Ralph M\u00fcller: La civilit\u00e9, [&hellip;]<\/p>","protected":false},"featured_media":527822,"comment_status":"open","ping_status":"closed","template":"","meta":{"_acf_changed":false},"product_brand":[],"product_cat":[1228],"product_tag":[],"class_list":{"0":"post-527819","1":"product","2":"type-product","3":"status-publish","4":"has-post-thumbnail","6":"product_cat-numeros","8":"first","9":"instock","10":"shipping-taxable","11":"purchasable","12":"product-type-variable"},"acf":[],"_links":{"self":[{"href":"https:\/\/leregardlibre.sandbox-novadev.ch\/en\/wp-json\/wp\/v2\/product\/527819","targetHints":{"allow":["GET"]}}],"collection":[{"href":"https:\/\/leregardlibre.sandbox-novadev.ch\/en\/wp-json\/wp\/v2\/product"}],"about":[{"href":"https:\/\/leregardlibre.sandbox-novadev.ch\/en\/wp-json\/wp\/v2\/types\/product"}],"replies":[{"embeddable":true,"href":"https:\/\/leregardlibre.sandbox-novadev.ch\/en\/wp-json\/wp\/v2\/comments?post=527819"}],"wp:featuredmedia":[{"embeddable":true,"href":"https:\/\/leregardlibre.sandbox-novadev.ch\/en\/wp-json\/"}],"wp:attachment":[{"href":"https:\/\/leregardlibre.sandbox-novadev.ch\/en\/wp-json\/wp\/v2\/media?parent=527819"}],"wp:term":[{"taxonomy":"product_brand","embeddable":true,"href":"https:\/\/leregardlibre.sandbox-novadev.ch\/en\/wp-json\/wp\/v2\/product_brand?post=527819"},{"taxonomy":"product_cat","embeddable":true,"href":"https:\/\/leregardlibre.sandbox-novadev.ch\/en\/wp-json\/wp\/v2\/product_cat?post=527819"},{"taxonomy":"product_tag","embeddable":true,"href":"https:\/\/leregardlibre.sandbox-novadev.ch\/en\/wp-json\/wp\/v2\/product_tag?post=527819"}],"curies":[{"name":"wp","href":"https:\/\/api.w.org\/{rel}","templated":true}]}}