{"id":527404,"date":"2025-04-03T10:48:12","date_gmt":"2025-04-03T08:48:12","guid":{"rendered":"https:\/\/leregardlibre.com\/?post_type=product&amp;p=527404"},"modified":"2025-04-03T10:48:12","modified_gmt":"2025-04-03T08:48:12","slug":"le-regard-libre-n115-dossier-alpes","status":"publish","type":"product","link":"https:\/\/leregardlibre.sandbox-novadev.ch\/en\/product\/le-regard-libre-n115-dossier-alpes\/","title":{"rendered":"Le Regard Libre N\u00b0115 | Dossier ALPES"},"content":{"rendered":"<p><em>Le Regard Libre<\/em> N\u00b0115 | \u00abA l\u2019ombre des Alpes\u00bb<br \/>\nExemplaire papier<br \/>\nEdition d\u2019avril 2025<br \/>\nFormat magazine papier chic<\/p>\n<hr \/>\n<p class=\"p1\"><strong><span class=\"s1\">Opinions et r\u00e9flexions<br \/>\n<\/span><\/strong><span class=\"s1\">05<\/span> L\u2019\u00e9dito d\u2019Antoine-Fr\u00e9d\u00e9ric Bernhard: D\u00e9battre oui, mais pas n\u2019importe comment<br \/>\n<span class=\"s1\">07<\/span> La cartouche de Ralph M\u00fcller: Face \u00e0 l\u2019IA, la question du sens de l\u2019existence<br \/>\n<span class=\"s1\">08<\/span> La tribune de Marianne Grosjean: Retour vers le futur<br \/>\n<span class=\"s1\">09<\/span> La lecture de Pascal Couchepin: <i>L\u2019insurrection des particularit\u00e9s<br \/>\n<\/i><span class=\"s1\">10<\/span> D\u00e9saccord: Faut-il rendre publics les dons de campagne d\u00e9passant 1000 francs?<br \/>\n<span class=\"s1\">11<\/span> L\u2019essai du mois: <i>Laissez-moi faire et je vous rendrai riche<br \/>\n<\/i><span class=\"s1\">12<\/span> Elgas: \u00abLa victimisation m\u00e8ne \u00e0 une forme de d\u00e9responsabilisation\u00bb<\/p>\n<p class=\"p2\"><strong><span class=\"s2\">Dossier: A l\u2019ombre des Alpes<br \/>\n<\/span><\/strong><span class=\"s1\">20<\/span> Le paysage des Alpes: un Eden au centre de l\u2019Europe<br \/>\n<span class=\"s1\">24<\/span> Ramuz, un contemplatif contre l\u2019alpinisme<br \/>\n<span class=\"s1\">26<\/span> De la repr\u00e9sentation des Alpes en Suisse<br \/>\n<span class=\"s1\">30<\/span> Escapade en Engadine, source d\u2019inspiration nietzsch\u00e9enne<br \/>\n<span class=\"s1\">34<\/span> Le \u00abcr\u00e9tin des Alpes\u00bb, une curiosit\u00e9 m\u00e9dicale et litt\u00e9raire<\/p>\n<p class=\"p3\"><strong><span class=\"s2\">Culture et carnets<br \/>\n<\/span><\/strong><span class=\"s1\">38<\/span> Mise en trope: Sang Young Park, l\u2019id\u00e9al \u00e9moi<br \/>\n<span class=\"s1\">39<\/span> Libert\u00e9 dans l\u2019objectif: Le septi\u00e8me art comme \u00e0 bout de souffle<br \/>\n<span class=\"s1\">40<\/span> Paul Morand, itin\u00e9aire d\u2019un antis\u00e9mite cosmopolite<br \/>\n<span class=\"s1\">42<\/span> La musique suisse ne peut \u00eatre que conf\u00e9d\u00e9rale<br \/>\n<span class=\"s1\">43<\/span> Les carnets d\u2019\u00e9laboration de Theodor Wildt (8\/10)<br \/>\n<span class=\"s1\">44<\/span> Le photoreportage de Bernard L\u00e9chot: Carri\u00e8re d\u2019hier<br \/>\n<span class=\"s1\">50<\/span> En bref: Une \u0153uvre polyphonique, une RTS militante et une blague de ChatGPT<\/p>\n<p class=\"p2\"><span class=\"s1\">52<\/span> Abonnement et m\u00e9c\u00e9nat<br \/>\n<span class=\"s1\">54<\/span> Citations<\/p>","protected":false},"excerpt":{"rendered":"<p>Le Regard Libre N\u00b0115 | \u00abA l\u2019ombre des Alpes\u00bb Exemplaire papier Edition d\u2019avril 2025 Format magazine papier chic Opinions et r\u00e9flexions 05 L\u2019\u00e9dito d\u2019Antoine-Fr\u00e9d\u00e9ric Bernhard: D\u00e9battre oui, mais pas n\u2019importe comment 07 La cartouche de Ralph M\u00fcller: Face \u00e0 l\u2019IA, [&hellip;]<\/p>","protected":false},"featured_media":527407,"comment_status":"open","ping_status":"closed","template":"","meta":{"_acf_changed":false},"product_brand":[],"product_cat":[1228],"product_tag":[],"class_list":{"0":"post-527404","1":"product","2":"type-product","3":"status-publish","4":"has-post-thumbnail","6":"product_cat-numeros","8":"first","9":"instock","10":"shipping-taxable","11":"purchasable","12":"product-type-variable"},"acf":[],"_links":{"self":[{"href":"https:\/\/leregardlibre.sandbox-novadev.ch\/en\/wp-json\/wp\/v2\/product\/527404","targetHints":{"allow":["GET"]}}],"collection":[{"href":"https:\/\/leregardlibre.sandbox-novadev.ch\/en\/wp-json\/wp\/v2\/product"}],"about":[{"href":"https:\/\/leregardlibre.sandbox-novadev.ch\/en\/wp-json\/wp\/v2\/types\/product"}],"replies":[{"embeddable":true,"href":"https:\/\/leregardlibre.sandbox-novadev.ch\/en\/wp-json\/wp\/v2\/comments?post=527404"}],"wp:featuredmedia":[{"embeddable":true,"href":"https:\/\/leregardlibre.sandbox-novadev.ch\/en\/wp-json\/"}],"wp:attachment":[{"href":"https:\/\/leregardlibre.sandbox-novadev.ch\/en\/wp-json\/wp\/v2\/media?parent=527404"}],"wp:term":[{"taxonomy":"product_brand","embeddable":true,"href":"https:\/\/leregardlibre.sandbox-novadev.ch\/en\/wp-json\/wp\/v2\/product_brand?post=527404"},{"taxonomy":"product_cat","embeddable":true,"href":"https:\/\/leregardlibre.sandbox-novadev.ch\/en\/wp-json\/wp\/v2\/product_cat?post=527404"},{"taxonomy":"product_tag","embeddable":true,"href":"https:\/\/leregardlibre.sandbox-novadev.ch\/en\/wp-json\/wp\/v2\/product_tag?post=527404"}],"curies":[{"name":"wp","href":"https:\/\/api.w.org\/{rel}","templated":true}]}}