{"id":526982,"date":"2025-03-07T23:49:35","date_gmt":"2025-03-07T22:49:35","guid":{"rendered":"https:\/\/leregardlibre.com\/?post_type=product&amp;p=526982"},"modified":"2025-03-07T23:49:35","modified_gmt":"2025-03-07T22:49:35","slug":"le-regard-libre-n114-dossier-beaute","status":"publish","type":"product","link":"https:\/\/leregardlibre.sandbox-novadev.ch\/en\/product\/le-regard-libre-n114-dossier-beaute\/","title":{"rendered":"Le Regard Libre N\u00b0114 | Dossier BEAUT\u00c9"},"content":{"rendered":"<p><em>Le Regard Libre<\/em>\u00a0N\u00b0114 | \u00abLe beau a-t-il un visage?\u00bb<br \/>\nExemplaire papier<br \/>\nEdition de mars 2025<br \/>\nFormat magazine papier chic<\/p>\n<hr \/>\n<p class=\"p1\"><strong><span class=\"s1\">Opinions et r\u00e9flexions<br \/>\n<\/span><\/strong><span class=\"s1\">05<\/span> L\u2019\u00e9dito de Jonas Follonier: Ni raison sans d\u00e9bat ni d\u00e9bat sans raison<br \/>\n<span class=\"s1\">07<\/span> La cartouche de Ralph M\u00fcller: L\u2019alliance de l\u2019ordre et du courage<br \/>\n<span class=\"s1\">08<\/span> Le message de Marianne Grosjean: 8 mars, deux injustices, encore z\u00e9ro solution<br \/>\n<span class=\"s1\">09<\/span> La lecture de Pascal Couchepin: <i>Mesopotamia<\/i>, une r\u00e9gion victime de l\u2019histoire<br \/>\n<span class=\"s1\">10<\/span> Paul Widmer: \u00abLa libert\u00e9 est la raison d\u2019\u00eatre de la Suisse\u00bb<\/p>\n<p class=\"p2\"><strong><span class=\"s2\">Dossier: Faire resurgir la beaut\u00e9<br \/>\n<\/span><\/strong><span class=\"s1\">16<\/span> Le paradoxe de la beaut\u00e9 th\u00e9oris\u00e9 par Roger Scruton<br \/>\n<span class=\"s1\">17<\/span> A la recherche d\u2019un beau objectif et universel<br \/>\n<span class=\"s1\">18<\/span> La tentation autoritaire d\u2019abolir les canons esth\u00e9tiques<br \/>\n<span class=\"s1\">20<\/span> Florian Eglin, le dandysme comme art de raffiner la violence<br \/>\n<span class=\"s1\">22<\/span> Les g\u00e9n\u00e9rateurs d\u2019images au d\u00e9fi de la laideur<\/p>\n<p class=\"p3\"><strong><span class=\"s2\">Actualit\u00e9s culturelles<br \/>\n<\/span><\/strong><span class=\"s1\">30<\/span> <i>Winter Palace<\/i>, le bon go\u00fbt du luxe<br \/>\n<span class=\"s1\">32<\/span> Le western, l\u2019interminable s\u00e9ance de psychanalyse am\u00e9ricaine<br \/>\n<span class=\"s1\">34<\/span> Six balades pour d\u00e9couvrir la Gen\u00e8ve d\u2019Albert Cohen<br \/>\n<span class=\"s1\">36<\/span> La fiction, vraie mythomanie ou fausse parano\u00efa?<\/p>\n<p class=\"p3\"><strong><span class=\"s2\">Les rendez-vous de fin de magazine<br \/>\n<\/span><\/strong><span class=\"s1\">38<\/span> D\u00e9saccord: La Suisse doit-elle se rapprocher de l\u2019OTAN?<br \/>\n<span class=\"s1\">39<\/span> L\u2019essai du mois: <i>Contre la culture du clash<\/i> d\u2019Antoine Vuille<br \/>\n<span class=\"s1\">40<\/span> La Suisse en 10 \u00e9pisodes: L\u2019arc l\u00e9manique au c\u0153ur de la \u00abR\u00e9publique des lettres\u00bb<br \/>\n<span class=\"s1\">43<\/span> Les carnets d\u2019\u00e9laboration de Theodor Wildt (7\/10)<br \/>\n<span class=\"s1\">44<\/span> Le photoreportage de Bernard L\u00e9chot: 1055, Via Tuscolana<br \/>\n<span class=\"s1\">50<\/span> En bref: Les images du mois, une br\u00e8ve et une blague de ChatGPT<\/p>","protected":false},"excerpt":{"rendered":"<p>Le Regard Libre\u00a0N\u00b0114 | \u00abLe beau a-t-il un visage?\u00bb Exemplaire papier Edition de mars 2025 Format magazine papier chic Opinions et r\u00e9flexions 05 L\u2019\u00e9dito de Jonas Follonier: Ni raison sans d\u00e9bat ni d\u00e9bat sans raison 07 La cartouche de Ralph [&hellip;]<\/p>","protected":false},"featured_media":526984,"comment_status":"open","ping_status":"closed","template":"","meta":{"_acf_changed":false},"product_brand":[],"product_cat":[1228],"product_tag":[],"class_list":{"0":"post-526982","1":"product","2":"type-product","3":"status-publish","4":"has-post-thumbnail","6":"product_cat-numeros","8":"first","9":"instock","10":"shipping-taxable","11":"purchasable","12":"product-type-variable"},"acf":[],"_links":{"self":[{"href":"https:\/\/leregardlibre.sandbox-novadev.ch\/en\/wp-json\/wp\/v2\/product\/526982","targetHints":{"allow":["GET"]}}],"collection":[{"href":"https:\/\/leregardlibre.sandbox-novadev.ch\/en\/wp-json\/wp\/v2\/product"}],"about":[{"href":"https:\/\/leregardlibre.sandbox-novadev.ch\/en\/wp-json\/wp\/v2\/types\/product"}],"replies":[{"embeddable":true,"href":"https:\/\/leregardlibre.sandbox-novadev.ch\/en\/wp-json\/wp\/v2\/comments?post=526982"}],"wp:featuredmedia":[{"embeddable":true,"href":"https:\/\/leregardlibre.sandbox-novadev.ch\/en\/wp-json\/"}],"wp:attachment":[{"href":"https:\/\/leregardlibre.sandbox-novadev.ch\/en\/wp-json\/wp\/v2\/media?parent=526982"}],"wp:term":[{"taxonomy":"product_brand","embeddable":true,"href":"https:\/\/leregardlibre.sandbox-novadev.ch\/en\/wp-json\/wp\/v2\/product_brand?post=526982"},{"taxonomy":"product_cat","embeddable":true,"href":"https:\/\/leregardlibre.sandbox-novadev.ch\/en\/wp-json\/wp\/v2\/product_cat?post=526982"},{"taxonomy":"product_tag","embeddable":true,"href":"https:\/\/leregardlibre.sandbox-novadev.ch\/en\/wp-json\/wp\/v2\/product_tag?post=526982"}],"curies":[{"name":"wp","href":"https:\/\/api.w.org\/{rel}","templated":true}]}}