{"id":526760,"date":"2025-02-25T11:25:16","date_gmt":"2025-02-25T10:25:16","guid":{"rendered":"https:\/\/leregardlibre.com\/?post_type=product&amp;p=526760"},"modified":"2025-02-25T11:25:16","modified_gmt":"2025-02-25T10:25:16","slug":"esprit-dentreprise-commande","status":"publish","type":"product","link":"https:\/\/leregardlibre.sandbox-novadev.ch\/en\/product\/esprit-dentreprise-commande\/","title":{"rendered":"Le Regard Libre hors-s\u00e9rie N\u00b05 | \u00abVive l\u2019esprit d\u2019entreprise!\u00bb"},"content":{"rendered":"<p><em>Le Regard Libre<\/em> hors-s\u00e9rie N\u00b05 | \u00abVive l\u2019esprit d\u2019entreprise!\u00bb<br \/>\nExemplaire papier<br \/>\nSuppl\u00e9ment joint dans l\u2019\u00e9dition courante de mars 2025 pour les abonn\u00e9s<br \/>\nFormat magazine papier chic<\/p>\n<hr \/>\n<p class=\"p1\"><strong><span class=\"s1\">Editorial<br \/>\n<\/span><\/strong><span class=\"s2\">05<\/span> Jonas Follonier, fondateur et r\u00e9dacteur en chef du <i>Regard Libre<\/i>: Favoriser l\u2019esprit d\u2019entreprise<\/p>\n<p class=\"p1\"><strong><span class=\"s1\">Figures inspirantes<br \/>\n<\/span><\/strong><span class=\"s2\">06<\/span> Timon Zimmermann, fondateur de MageMetrics: \u00abJ\u2019essaie de vivre une vie intentionnelle\u00bb<\/p>\n<p class=\"p1\"><span class=\"s2\">12<\/span> Carole Hubscher, pr\u00e9sidente de Caran d\u2019Ache: \u00abJongler entre tradition et innovation est un d\u00e9fi permanent\u00bb<\/p>\n<p class=\"p3\"><span class=\"s4\">18<\/span><span class=\"s3\"> Alan Frei, fondateur d\u2019Amorana: \u00abL\u2019esprit entrepreneurial n\u2019est pas inn\u00e9\u00bb<\/span><\/p>\n<p class=\"p3\"><span class=\"s2\">22<\/span> L\u00e9a Miggiano, cofondatrice de Carvolution: \u00abSi tu as une \u00e9quipe cool, tu sais tr\u00e8s bien pourquoi tu fais ce que tu fais\u00bb<\/p>\n<p class=\"p1\"><strong><span class=\"s1\">Analyses<\/span><\/strong><\/p>\n<p class=\"p3\"><span class=\"s2\">26<\/span> Olivier Meuwly, historien: La d\u00e9sertion de l\u2019entrepreneur dans la politique suisse<\/p>\n<p class=\"p3\"><span class=\"s2\">29<\/span> Florian Schweitzer, associ\u00e9 fondateur de b2ventures: Ce n\u2019est pas l\u2019argent qui manque, mais la volont\u00e9<\/p>\n<p class=\"p1\">Nous remercions la Fondation Bonny\u00a0pour la Libert\u00e9 et la Fondation PEMOL-Baumann pour le soutien \u00e0 ce hors\u00a0s\u00e9rie r\u00e9alis\u00e9 en collaboration avec <i>Schweizer\u00a0Monat<\/i>. <i>Le\u00a0Regard\u00a0Libre<\/i> est responsable de la r\u00e9daction de ce suppl\u00e9ment.<\/p>\n<p><strong>Tous les articles de ce num\u00e9ro sont disponibles <a href=\"https:\/\/leregardlibre.sandbox-novadev.ch\/en\/ee\/\">gratuitement ici<\/a>.<\/strong><\/p>","protected":false},"excerpt":{"rendered":"<p>Le Regard Libre hors-s\u00e9rie N\u00b05 | \u00abVive l\u2019esprit d\u2019entreprise!\u00bb Exemplaire papier Suppl\u00e9ment joint dans l\u2019\u00e9dition courante de mars 2025 pour les abonn\u00e9s Format magazine papier chic Editorial 05 Jonas Follonier, fondateur et r\u00e9dacteur en chef du Regard Libre: Favoriser l\u2019esprit [&hellip;]<\/p>","protected":false},"featured_media":526765,"comment_status":"open","ping_status":"closed","template":"","meta":{"_acf_changed":false},"product_brand":[],"product_cat":[1228],"product_tag":[],"class_list":{"0":"post-526760","1":"product","2":"type-product","3":"status-publish","4":"has-post-thumbnail","6":"product_cat-numeros","8":"first","9":"instock","10":"shipping-taxable","11":"purchasable","12":"product-type-variable"},"acf":[],"_links":{"self":[{"href":"https:\/\/leregardlibre.sandbox-novadev.ch\/en\/wp-json\/wp\/v2\/product\/526760","targetHints":{"allow":["GET"]}}],"collection":[{"href":"https:\/\/leregardlibre.sandbox-novadev.ch\/en\/wp-json\/wp\/v2\/product"}],"about":[{"href":"https:\/\/leregardlibre.sandbox-novadev.ch\/en\/wp-json\/wp\/v2\/types\/product"}],"replies":[{"embeddable":true,"href":"https:\/\/leregardlibre.sandbox-novadev.ch\/en\/wp-json\/wp\/v2\/comments?post=526760"}],"wp:featuredmedia":[{"embeddable":true,"href":"https:\/\/leregardlibre.sandbox-novadev.ch\/en\/wp-json\/"}],"wp:attachment":[{"href":"https:\/\/leregardlibre.sandbox-novadev.ch\/en\/wp-json\/wp\/v2\/media?parent=526760"}],"wp:term":[{"taxonomy":"product_brand","embeddable":true,"href":"https:\/\/leregardlibre.sandbox-novadev.ch\/en\/wp-json\/wp\/v2\/product_brand?post=526760"},{"taxonomy":"product_cat","embeddable":true,"href":"https:\/\/leregardlibre.sandbox-novadev.ch\/en\/wp-json\/wp\/v2\/product_cat?post=526760"},{"taxonomy":"product_tag","embeddable":true,"href":"https:\/\/leregardlibre.sandbox-novadev.ch\/en\/wp-json\/wp\/v2\/product_tag?post=526760"}],"curies":[{"name":"wp","href":"https:\/\/api.w.org\/{rel}","templated":true}]}}