{"id":526387,"date":"2025-01-17T09:40:55","date_gmt":"2025-01-17T08:40:55","guid":{"rendered":"https:\/\/leregardlibre.com\/?post_type=product&amp;p=526387"},"modified":"2025-01-17T09:40:55","modified_gmt":"2025-01-17T08:40:55","slug":"le-regard-libre-113-dossier-pouvoir","status":"publish","type":"product","link":"https:\/\/leregardlibre.sandbox-novadev.ch\/en\/product\/le-regard-libre-113-dossier-pouvoir\/","title":{"rendered":"Le Regard Libre N\u00b0113 | Dossier \u00abQui a vraiment le pouvoir?\u00bb"},"content":{"rendered":"<p><em>Le Regard Libre<\/em> N\u00b0113 | Dossier \u00abQui a vraiment le pouvoir?\u00bb<br \/>\nExemplaire papier<br \/>\nEdition de janvier 2025<br \/>\nFormat magazine papier chic<\/p>\n<hr \/>\n<p class=\"p1\"><strong><span class=\"s1\">Opinions et r\u00e9flexions<br \/>\n<\/span><\/strong><span class=\"s1\">05<\/span> L\u2019\u00e9dito: Le pouvoir surestim\u00e9 des m\u00e9dias<br \/>\n<span class=\"s1\">07<\/span> La cartouche de Ralph M\u00fcller: Le fardeau de la libert\u00e9<br \/>\n<span class=\"s1\">09<\/span> La lecture de Pascal Couchepin: Accepter l\u2019incertitude<br \/>\n<span class=\"s1\">10<\/span> Peggy Sastre: \u00abLa tradition fran\u00e7aise favorise une m\u00e9fiance envers la logique\u00bb<br \/>\n<span class=\"s1\">14<\/span> IA: deux ans qui ont tout chang\u00e9<\/p>\n<p class=\"p3\"><strong><span class=\"s1\">Dossier: Qui a vraiment le pouvoir?<br \/>\n<\/span><\/strong><span class=\"s1\">22<\/span> Qui dirige la Suisse? Pas les lobbys, le peuple<br \/>\n<span class=\"s1\">25<\/span> Ren\u00e9 Schwok: \u00abOn attribue des comp\u00e9tences \u00e0 l\u2019UE qu\u2019elle n\u2019a pas\u00bb<br \/>\n<span class=\"s1\">30<\/span> Souverainisme contre gouvernance internationale<br \/>\n<span class=\"s1\">32<\/span> \u00abEtat profond\u00bb: voyage d\u2019un concept<\/p>\n<p class=\"p1\"><strong><span class=\"s1\">Actualit\u00e9s culturelles<br \/>\n<\/span><\/strong><span class=\"s1\">38<\/span> Le nouveau d\u00e9part de Linkin Park<br \/>\n<span class=\"s1\">40<\/span> <i>Bien-Etre<\/i>, la cruaut\u00e9 de la crudit\u00e9<br \/>\n<span class=\"s1\">41<\/span> Rendez-vous en terre connue avec Fanny Desarzens<\/p>\n<p class=\"p1\"><strong><span class=\"s1\">Les rendez-vous de fin de magazine<br \/>\n<\/span><\/strong><span class=\"s1\">42<\/span> Le photoreportage de Bernard L\u00e9chot: <i>Regards de rues<br \/>\n<\/i><span class=\"s1\">48<\/span> L\u2019essai du mois: <i>La diffusion du wokisme en Suisse<br \/>\n<\/i><span class=\"s1\">49<\/span> Les carnets d\u2019\u00e9laboration de Theodor Wildt (6\/10)<br \/>\n<span class=\"s1\">50<\/span> En bref: Les images du mois, un film incontournable et une blague de ChatGPT<\/p>\n<p class=\"p1\"><a href=\"https:\/\/leregardlibre.sandbox-novadev.ch\/en\/cpt-editions\/le-regard-libre-112-dossier-valeur-age\/\"><em>Vers l\u2019\u00e9dition pr\u00e9c\u00e9dente<\/em><\/a><\/p>","protected":false},"excerpt":{"rendered":"<p>Le Regard Libre N\u00b0113 | Dossier \u00abQui a vraiment le pouvoir?\u00bb Exemplaire papier Edition de janvier 2025 Format magazine papier chic Opinions et r\u00e9flexions 05 L\u2019\u00e9dito: Le pouvoir surestim\u00e9 des m\u00e9dias 07 La cartouche de Ralph M\u00fcller: Le fardeau de [&hellip;]<\/p>","protected":false},"featured_media":526392,"comment_status":"open","ping_status":"closed","template":"","meta":{"_acf_changed":false},"product_brand":[],"product_cat":[1228],"product_tag":[],"class_list":{"0":"post-526387","1":"product","2":"type-product","3":"status-publish","4":"has-post-thumbnail","6":"product_cat-numeros","8":"first","9":"instock","10":"shipping-taxable","11":"purchasable","12":"product-type-variable"},"acf":[],"_links":{"self":[{"href":"https:\/\/leregardlibre.sandbox-novadev.ch\/en\/wp-json\/wp\/v2\/product\/526387","targetHints":{"allow":["GET"]}}],"collection":[{"href":"https:\/\/leregardlibre.sandbox-novadev.ch\/en\/wp-json\/wp\/v2\/product"}],"about":[{"href":"https:\/\/leregardlibre.sandbox-novadev.ch\/en\/wp-json\/wp\/v2\/types\/product"}],"replies":[{"embeddable":true,"href":"https:\/\/leregardlibre.sandbox-novadev.ch\/en\/wp-json\/wp\/v2\/comments?post=526387"}],"wp:featuredmedia":[{"embeddable":true,"href":"https:\/\/leregardlibre.sandbox-novadev.ch\/en\/wp-json\/"}],"wp:attachment":[{"href":"https:\/\/leregardlibre.sandbox-novadev.ch\/en\/wp-json\/wp\/v2\/media?parent=526387"}],"wp:term":[{"taxonomy":"product_brand","embeddable":true,"href":"https:\/\/leregardlibre.sandbox-novadev.ch\/en\/wp-json\/wp\/v2\/product_brand?post=526387"},{"taxonomy":"product_cat","embeddable":true,"href":"https:\/\/leregardlibre.sandbox-novadev.ch\/en\/wp-json\/wp\/v2\/product_cat?post=526387"},{"taxonomy":"product_tag","embeddable":true,"href":"https:\/\/leregardlibre.sandbox-novadev.ch\/en\/wp-json\/wp\/v2\/product_tag?post=526387"}],"curies":[{"name":"wp","href":"https:\/\/api.w.org\/{rel}","templated":true}]}}