{"id":525951,"date":"2024-12-08T17:19:29","date_gmt":"2024-12-08T16:19:29","guid":{"rendered":"https:\/\/leregardlibre.com\/?post_type=product&amp;p=525951"},"modified":"2024-12-08T17:19:29","modified_gmt":"2024-12-08T16:19:29","slug":"le-regard-libre-n112-dossier-valeur-age","status":"publish","type":"product","link":"https:\/\/leregardlibre.sandbox-novadev.ch\/en\/product\/le-regard-libre-n112-dossier-valeur-age\/","title":{"rendered":"Le Regard Libre N\u00b0112 | Dossier \u00abLa valeur de l\u2019\u00e2ge\u00bb"},"content":{"rendered":"<p><em>Le Regard Libre<\/em> N\u00b0112 | Dossier \u00abLa valeur de l\u2019\u00e2ge\u00bb<br \/>\nExemplaire papier<br \/>\nEdition de d\u00e9cembre 2024<br \/>\nFormat magazine papier chic<\/p>\n<hr \/>\n<p class=\"p1\"><strong><span class=\"s1\">Opinions et r\u00e9flexions<br \/>\n<\/span><\/strong><\/p>\n<p class=\"p1\"><span class=\"s1\">05<\/span> L\u2019\u00e9dito: Un num\u00e9ro particulier avant une ann\u00e9e 2025 pleine de nouveaut\u00e9s<br \/>\n<span class=\"s1\">07<\/span> La lecture de Pascal Couchepin: Bruno Tertrais, <i>Pax atomica?<br \/>\n<\/i><span class=\"s1\">09<\/span> La cartouche de Ralph M\u00fcller: L\u2019autorit\u00e9 horizontale<br \/>\n<span class=\"s1\">10<\/span> <span class=\"s2\">Alain Finkielkraut: \u00abJe reproche au pr\u00e9sent de ne pas faire de place \u00e0 l\u2019admiration\u00bb<br \/>\n<\/span><span class=\"s1\">14<\/span> <span class=\"s2\">Le r\u00eave am\u00e9ricain au lendemain de la pr\u00e9sidentielle<br \/>\n<\/span><span class=\"s1\">20<\/span> La transformation de la Suisse entre\u00a01847 et\u00a01920<\/p>\n<p class=\"p3\"><strong><span class=\"s1\">Dossier: La valeur de l\u2019\u00e2ge<br \/>\n<\/span><\/strong><\/p>\n<p class=\"p1\"><span class=\"s1\">24<\/span> Fr\u00e9d\u00e9ric Tadde\u00ef: \u00abL\u2019\u00e2ge est l\u2019angle mort de l\u2019histoire\u00bb<br \/>\n<span class=\"s1\">30<\/span> Jeunes leaders, vieux \u00e9cueils<br \/>\n<span class=\"s1\">32<\/span> Le XIX<sup>e<\/sup>\u00a0si\u00e8cle ou l\u2019essor d\u2019une jeunesse rebelle<br \/>\n<span class=\"s1\">34<\/span> Les trois piliers de la <i>silver economy<br \/>\n<\/i><span class=\"s1\">37<\/span> Sept faits insoup\u00e7onn\u00e9s sur le troisi\u00e8me \u00e2ge<\/p>\n<p class=\"p1\"><strong><span class=\"s1\">Actualit\u00e9s culturelles<br \/>\n<\/span><\/strong><\/p>\n<p class=\"p1\"><span class=\"s1\">40<\/span> Riefenstahl, la damnation de l\u2019\u00e2me allemande<br \/>\n<span class=\"s1\">42<\/span> Les m\u00e9chants, c\u2019est sa grande passion<br \/>\n<span class=\"s1\">44<\/span> L\u2019inqui\u00e9tante disparition du lecteur<br \/>\n<span class=\"s1\">45<\/span> Douglas Kennedy interroge l\u2019Am\u00e9rique qui le divise<br \/>\n<span class=\"s1\">48<\/span> \u00abPendant 400 ans, les catholiques n\u2019avaient presque aucun droit en Irlande\u00bb<\/p>\n<p class=\"p1\"><strong><span class=\"s1\">Les rendez-vous de fin de magazine<br \/>\n<\/span><\/strong>52 Le photoreportage de Bernard L\u00e9chot: Eaux fumantes<br \/>\n58 La nuit du G\u00fctsch, roman in\u00e9dit d\u2019Andr\u00e9 Durussel (10\/10)<br \/>\n63 Les carnets d\u2019\u00e9laboration de Theodor Wildt (5\/10)<br \/>\n64 En bref: Quelques nouvelles du wokisme<br \/>\n66 Lien d\u2019abonnement et formulaire de m\u00e9c\u00e9nat<br \/>\n68 Citations<\/p>\n<p class=\"p1\"><a href=\"https:\/\/leregardlibre.sandbox-novadev.ch\/en\/cpt-editions\/le-regard-libre-n111-dossier-liberalisme\/\"><em>Vers l\u2019\u00e9dition pr\u00e9c\u00e9dente<\/em><\/a><\/p>","protected":false},"excerpt":{"rendered":"<p>Le Regard Libre N\u00b0112 | Dossier \u00abLa valeur de l\u2019\u00e2ge\u00bb Exemplaire papier Edition de d\u00e9cembre 2024 Format magazine papier chic Opinions et r\u00e9flexions 05 L\u2019\u00e9dito: Un num\u00e9ro particulier avant une ann\u00e9e 2025 pleine de nouveaut\u00e9s 07 La lecture de Pascal [&hellip;]<\/p>","protected":false},"featured_media":526031,"comment_status":"open","ping_status":"closed","template":"","meta":{"_acf_changed":false},"product_brand":[],"product_cat":[1228],"product_tag":[],"class_list":{"0":"post-525951","1":"product","2":"type-product","3":"status-publish","4":"has-post-thumbnail","6":"product_cat-numeros","8":"first","9":"instock","10":"shipping-taxable","11":"purchasable","12":"product-type-variable"},"acf":[],"_links":{"self":[{"href":"https:\/\/leregardlibre.sandbox-novadev.ch\/en\/wp-json\/wp\/v2\/product\/525951","targetHints":{"allow":["GET"]}}],"collection":[{"href":"https:\/\/leregardlibre.sandbox-novadev.ch\/en\/wp-json\/wp\/v2\/product"}],"about":[{"href":"https:\/\/leregardlibre.sandbox-novadev.ch\/en\/wp-json\/wp\/v2\/types\/product"}],"replies":[{"embeddable":true,"href":"https:\/\/leregardlibre.sandbox-novadev.ch\/en\/wp-json\/wp\/v2\/comments?post=525951"}],"wp:featuredmedia":[{"embeddable":true,"href":"https:\/\/leregardlibre.sandbox-novadev.ch\/en\/wp-json\/"}],"wp:attachment":[{"href":"https:\/\/leregardlibre.sandbox-novadev.ch\/en\/wp-json\/wp\/v2\/media?parent=525951"}],"wp:term":[{"taxonomy":"product_brand","embeddable":true,"href":"https:\/\/leregardlibre.sandbox-novadev.ch\/en\/wp-json\/wp\/v2\/product_brand?post=525951"},{"taxonomy":"product_cat","embeddable":true,"href":"https:\/\/leregardlibre.sandbox-novadev.ch\/en\/wp-json\/wp\/v2\/product_cat?post=525951"},{"taxonomy":"product_tag","embeddable":true,"href":"https:\/\/leregardlibre.sandbox-novadev.ch\/en\/wp-json\/wp\/v2\/product_tag?post=525951"}],"curies":[{"name":"wp","href":"https:\/\/api.w.org\/{rel}","templated":true}]}}