{"id":525462,"date":"2024-11-03T19:32:55","date_gmt":"2024-11-03T18:32:55","guid":{"rendered":"https:\/\/leregardlibre.com\/?post_type=product&amp;p=525462"},"modified":"2024-11-03T19:32:55","modified_gmt":"2024-11-03T18:32:55","slug":"le-regard-libre-n111-dossier-liberalisme","status":"publish","type":"product","link":"https:\/\/leregardlibre.sandbox-novadev.ch\/en\/product\/le-regard-libre-n111-dossier-liberalisme\/","title":{"rendered":"Le Regard Libre N\u00b0111 | Dossier LIB\u00c9RALISME"},"content":{"rendered":"<p><em>Le Regard Libre<\/em> N\u00b0111 | Dossier LIB\u00c9RALISME<br \/>\nExemplaire papier<br \/>\nEdition de novembre 2024<br \/>\nFormat magazine papier chic<\/p>\n<hr \/>\n<p class=\"p1\"><strong><span class=\"s1\">Opinions et r\u00e9flexions<br \/>\n<\/span><\/strong><span class=\"s1\">05<\/span> L\u2019\u00e9dito: N\u00e9cessaire, le lib\u00e9ralisme est-il pour autant suffisant?<br \/>\n<span class=\"s1\">07<\/span> La lecture de Pascal Couchepin: <i>Discours de la servitude volontaire<br \/>\n<\/i><span class=\"s1\">09<\/span> La cartouche de Ralph M\u00fcller: Le faux temps et le faux espace<br \/>\n<span class=\"s1\">10<\/span> L\u2019\u00e9mission qui veut mener les jeunes \u00e0 la lecture et \u00e0 la pens\u00e9e<br \/>\n<span class=\"s1\">14<\/span> Chypre: deux m\u00e9moires en conflit<br \/>\n<span class=\"s1\">16<\/span> Elle n\u2019est pas de gauche, lui n\u2019est pas de droite<\/p>\n<p class=\"p3\"><strong><span class=\"s1\">Dossier: Actualit\u00e9 de la pens\u00e9e lib\u00e9rale<br \/>\n<\/span><\/strong><span class=\"s1\">20<\/span> L\u2019unit\u00e9 constitutive du lib\u00e9ralisme<br \/>\n<span class=\"s1\">23<\/span> Olivier Zunz, biographe: \u00abTocqueville avait un esprit juste\u00bb<br \/>\n<span class=\"s1\">26<\/span> Fr\u00e9d\u00e9ric II, pr\u00e9curseur \u00e0 sa fa\u00e7on du lib\u00e9ralisme<br \/>\n<span class=\"s1\">28<\/span> Le Salvador comme application du L\u00e9viathan de Hobbes<br \/>\n<span class=\"s1\">30<\/span> Germaine de Sta\u00ebl, l\u2019oubli\u00e9e de la pens\u00e9e lib\u00e9rale<br \/>\n<span class=\"s1\">33<\/span> Le mythe fondateur du lib\u00e9ralisme \u00e9conomique<br \/>\n<span class=\"s1\">34<\/span> Trois enseignements de Friedman faisant \u00e9cho aux enjeux actuels<br \/>\n<span class=\"s1\">36<\/span> L\u2019h\u00e9t\u00e9rodoxie autrichienne: une \u00e9conomie lib\u00e9rale assum\u00e9e<br \/>\n<span class=\"s1\">38<\/span> Hayek et la fin de la v\u00e9rit\u00e9<br \/>\n<span class=\"s1\">41<\/span> La lutte culturelle pour la souverainet\u00e9 d\u2019interpr\u00e9tation<\/p>\n<p class=\"p1\"><strong><span class=\"s1\">Actualit\u00e9s culturelles<br \/>\n<\/span><\/strong><span class=\"s1\">44<\/span> Peter Stamm, le parfum des mots sans silhouette<br \/>\n<span class=\"s1\">46<\/span> <i>Ilaria<\/i>, un road trip \u00e0 hauteur d\u2019enfant<br \/>\n<span class=\"s1\">47<\/span> <i>Le barman du Ritz<\/i>, l\u2019ambigu\u00eft\u00e9 au fond du cocktail<br \/>\n<span class=\"s1\">48<\/span> C\u0101rt\u0101rescu le visionnaire se la joue archange de roman<br \/>\n<span class=\"s1\">50<\/span> <i>Drone<\/i>, le panoptique \u00e0 l\u2019\u00e8re d\u2019OnlyFans<\/p>\n<p class=\"p1\"><strong><span class=\"s1\">Les rendez-vous de fin de magazine<br \/>\n<\/span><\/strong><span class=\"s1\">52<\/span> Le photoreportage de Bernard L\u00e9chot: <i>Les ponts de Paris<br \/>\n<\/i><span class=\"s1\">58<\/span> <i>La nuit du G\u00fctsch<\/i>, roman in\u00e9dit d\u2019Andr\u00e9 Durussel (9\/10)<br \/>\n<span class=\"s1\">63<\/span> Les carnets d\u2019\u00e9laboration de Theodor Wildt (4\/10)<br \/>\n<span class=\"s1\">64<\/span> En bref: Une science antiscientifique, un nouveau mensuel et un b\u00e9b\u00e9 photoreportage<br \/>\n<span class=\"s1\">66<\/span> Talon d\u2019abonnement et formulaire de m\u00e9c\u00e9nat<br \/>\n<span class=\"s1\">68<\/span> Citations<\/p>\n<p class=\"p1\"><a href=\"https:\/\/leregardlibre.sandbox-novadev.ch\/en\/cpt-editions\/le-regard-libre-n110-dossier-feminisme\/\"><em>Vers l\u2019\u00e9dition pr\u00e9c\u00e9dente<\/em><\/a><\/p>","protected":false},"excerpt":{"rendered":"<p>Le Regard Libre N\u00b0111 | Dossier LIB\u00c9RALISME Exemplaire papier Edition de novembre 2024 Format magazine papier chic Opinions et r\u00e9flexions 05 L\u2019\u00e9dito: N\u00e9cessaire, le lib\u00e9ralisme est-il pour autant suffisant? 07 La lecture de Pascal Couchepin: Discours de la servitude volontaire [&hellip;]<\/p>","protected":false},"featured_media":525459,"comment_status":"open","ping_status":"closed","template":"","meta":{"_acf_changed":false},"product_brand":[],"product_cat":[1228],"product_tag":[],"class_list":{"0":"post-525462","1":"product","2":"type-product","3":"status-publish","4":"has-post-thumbnail","6":"product_cat-numeros","8":"first","9":"instock","10":"shipping-taxable","11":"purchasable","12":"product-type-variable"},"acf":[],"_links":{"self":[{"href":"https:\/\/leregardlibre.sandbox-novadev.ch\/en\/wp-json\/wp\/v2\/product\/525462","targetHints":{"allow":["GET"]}}],"collection":[{"href":"https:\/\/leregardlibre.sandbox-novadev.ch\/en\/wp-json\/wp\/v2\/product"}],"about":[{"href":"https:\/\/leregardlibre.sandbox-novadev.ch\/en\/wp-json\/wp\/v2\/types\/product"}],"replies":[{"embeddable":true,"href":"https:\/\/leregardlibre.sandbox-novadev.ch\/en\/wp-json\/wp\/v2\/comments?post=525462"}],"wp:featuredmedia":[{"embeddable":true,"href":"https:\/\/leregardlibre.sandbox-novadev.ch\/en\/wp-json\/"}],"wp:attachment":[{"href":"https:\/\/leregardlibre.sandbox-novadev.ch\/en\/wp-json\/wp\/v2\/media?parent=525462"}],"wp:term":[{"taxonomy":"product_brand","embeddable":true,"href":"https:\/\/leregardlibre.sandbox-novadev.ch\/en\/wp-json\/wp\/v2\/product_brand?post=525462"},{"taxonomy":"product_cat","embeddable":true,"href":"https:\/\/leregardlibre.sandbox-novadev.ch\/en\/wp-json\/wp\/v2\/product_cat?post=525462"},{"taxonomy":"product_tag","embeddable":true,"href":"https:\/\/leregardlibre.sandbox-novadev.ch\/en\/wp-json\/wp\/v2\/product_tag?post=525462"}],"curies":[{"name":"wp","href":"https:\/\/api.w.org\/{rel}","templated":true}]}}