{"id":525102,"date":"2024-10-04T01:25:05","date_gmt":"2024-10-03T23:25:05","guid":{"rendered":"https:\/\/leregardlibre.com\/?post_type=product&amp;p=525102"},"modified":"2024-10-04T01:25:05","modified_gmt":"2024-10-03T23:25:05","slug":"le-regard-libre-n110-dossier-feminisme","status":"publish","type":"product","link":"https:\/\/leregardlibre.sandbox-novadev.ch\/en\/product\/le-regard-libre-n110-dossier-feminisme\/","title":{"rendered":"Le Regard Libre N\u00b0110 | Dossier F\u00c9MINISME"},"content":{"rendered":"<p><em>Le Regard Libre<\/em> N\u00b0110 | Dossier F\u00c9MINISME<br \/>\nExemplaire papier<br \/>\nEdition d&rsquo;octobre 2024<br \/>\nFormat magazine papier chic<\/p>\n<hr \/>\n<p class=\"p1\"><strong><span class=\"s1\">Opinions et r\u00e9flexions<br \/>\n<\/span><\/strong><span class=\"s2\">05<\/span> Scepticisme: r\u00e9ponse \u00e0 Olivier Delacr\u00e9taz<br \/>\n<span class=\"s2\">07<\/span> La lecture de Pascal Couchepin: Le XVII<sup>e<\/sup> si\u00e8cle \u00e0 l\u2019aube de la mondialisation<br \/>\n<span class=\"s2\">09<\/span> Une alliance comme aventure: vie et mort de l\u2019Alliance culturelle romande<br \/>\n<span class=\"s2\">10<\/span> Immigration: le Labour \u00e0 l\u2019\u00e9preuve de la r\u00e9alit\u00e9<br \/>\n<span class=\"s2\">12<\/span> Au c\u0153ur de Paris\u00a02024, les ind\u00e9fectibles liens franco-suisses<\/p>\n<p class=\"p3\"><strong><span class=\"s1\">Dossier: Des f\u00e9ministes et des hommes<br \/>\n<\/span><\/strong><span class=\"s2\">20<\/span> Gis\u00e8le Halimi, le f\u00e9minisme au pr\u00e9toire<br \/>\n<span class=\"s2\">22<\/span> Les femmes au pouvoir, ligne de fracture du f\u00e9minisme<br \/>\n<span class=\"s2\">24<\/span> Des r\u00e9unions \u00abgenr\u00e9es\u00bb ou \u00abracis\u00e9es\u00bb: un scandale d\u00e9mocratique?<br \/>\n<span class=\"s2\">27<\/span> Les contradictions du nouveau f\u00e9minisme<br \/>\n<span class=\"s2\">28<\/span> Anouck Saugy, d\u00e9put\u00e9e PLR lausannoise: \u00abMon f\u00e9minisme ne fait pas la gr\u00e8ve\u00bb<br \/>\n<span class=\"s2\">31<\/span> Camille Paglia ou le f\u00e9minisme amazone anti-victimaire<br \/>\n<span class=\"s2\">34<\/span> Le sexe faible, en d\u00e9mographie, c\u2019est l\u2019homme<br \/>\n<span class=\"s2\">37<\/span> Affaires familiales: la dangereuse d\u00e9rive des m\u00e9dias romands<br \/>\n<span class=\"s2\">38<\/span> Plaidoyer pour un f\u00e9minisme lib\u00e9ral<br \/>\n<span class=\"s2\">40<\/span> Les femmes doivent-elles \u00eatre nues pour figurer dans les mus\u00e9es?<\/p>\n<p class=\"p1\"><strong><span class=\"s1\">Actualit\u00e9s culturelles<br \/>\n<\/span><\/strong><span class=\"s2\">44<\/span> Ingeborg Bachmann, le couple en friche<br \/>\n<span class=\"s2\">46<\/span> Le racisme a eu <i>Get Out<\/i>, le f\u00e9minisme a <i>Blink Twice<br \/>\n<\/i><span class=\"s2\">48<\/span> <i>La Fanatique<\/i>: voyage au c\u0153ur de la haine<br \/>\n<span class=\"s2\">50<\/span> Les souvenirs \u00e0 disposition des m\u00e9diums artistiques<\/p>\n<p class=\"p1\"><strong><span class=\"s1\">Les rendez-vous de fin de magazine<br \/>\n<\/span><\/strong><span class=\"s2\">52<\/span> Le photoreportage de Bernard L\u00e9chot: <i>Art cara\u00efbe<br \/>\n<\/i><span class=\"s2\">58<\/span> <i>La nuit du G\u00fctsch<\/i>, roman in\u00e9dit d\u2019Andr\u00e9 Durussel (8\/10)<br \/>\n<span class=\"s2\">63<\/span> Les carnets d\u2019\u00e9laboration de Theodor Wildt (3\/10)<br \/>\n<span class=\"s2\">64<\/span> En bref: Eddy Mitchell, personnages ha\u00efssables, \u00e9crans et terrorisme sexuel<br \/>\n<span class=\"s2\">66<\/span> Talon d\u2019abonnement et formulaire de m\u00e9c\u00e9nat<br \/>\n<span class=\"s2\">68<\/span> Citations<\/p>\n<p class=\"p1\"><a href=\"https:\/\/leregardlibre.sandbox-novadev.ch\/en\/cpt-editions\/le-regard-libre-n109-dossier-milice\/\"><em>Vers l\u2019\u00e9dition pr\u00e9c\u00e9dente<\/em><\/a><\/p>","protected":false},"excerpt":{"rendered":"<p>Le Regard Libre N\u00b0110 | Dossier F\u00c9MINISME Exemplaire papier Edition d&rsquo;octobre 2024 Format magazine papier chic Opinions et r\u00e9flexions 05 Scepticisme: r\u00e9ponse \u00e0 Olivier Delacr\u00e9taz 07 La lecture de Pascal Couchepin: Le XVIIe si\u00e8cle \u00e0 l\u2019aube de la mondialisation 09 [&hellip;]<\/p>","protected":false},"featured_media":525105,"comment_status":"open","ping_status":"closed","template":"","meta":{"_acf_changed":false},"product_brand":[],"product_cat":[1228],"product_tag":[],"class_list":{"0":"post-525102","1":"product","2":"type-product","3":"status-publish","4":"has-post-thumbnail","6":"product_cat-numeros","8":"first","9":"instock","10":"shipping-taxable","11":"purchasable","12":"product-type-variable"},"acf":[],"_links":{"self":[{"href":"https:\/\/leregardlibre.sandbox-novadev.ch\/en\/wp-json\/wp\/v2\/product\/525102","targetHints":{"allow":["GET"]}}],"collection":[{"href":"https:\/\/leregardlibre.sandbox-novadev.ch\/en\/wp-json\/wp\/v2\/product"}],"about":[{"href":"https:\/\/leregardlibre.sandbox-novadev.ch\/en\/wp-json\/wp\/v2\/types\/product"}],"replies":[{"embeddable":true,"href":"https:\/\/leregardlibre.sandbox-novadev.ch\/en\/wp-json\/wp\/v2\/comments?post=525102"}],"wp:featuredmedia":[{"embeddable":true,"href":"https:\/\/leregardlibre.sandbox-novadev.ch\/en\/wp-json\/"}],"wp:attachment":[{"href":"https:\/\/leregardlibre.sandbox-novadev.ch\/en\/wp-json\/wp\/v2\/media?parent=525102"}],"wp:term":[{"taxonomy":"product_brand","embeddable":true,"href":"https:\/\/leregardlibre.sandbox-novadev.ch\/en\/wp-json\/wp\/v2\/product_brand?post=525102"},{"taxonomy":"product_cat","embeddable":true,"href":"https:\/\/leregardlibre.sandbox-novadev.ch\/en\/wp-json\/wp\/v2\/product_cat?post=525102"},{"taxonomy":"product_tag","embeddable":true,"href":"https:\/\/leregardlibre.sandbox-novadev.ch\/en\/wp-json\/wp\/v2\/product_tag?post=525102"}],"curies":[{"name":"wp","href":"https:\/\/api.w.org\/{rel}","templated":true}]}}