{"id":524691,"date":"2024-09-01T17:48:09","date_gmt":"2024-09-01T15:48:09","guid":{"rendered":"https:\/\/leregardlibre.com\/?post_type=product&amp;p=524691"},"modified":"2024-09-01T17:48:09","modified_gmt":"2024-09-01T15:48:09","slug":"le-regard-libre-n109-dossier-milice","status":"publish","type":"product","link":"https:\/\/leregardlibre.sandbox-novadev.ch\/en\/product\/le-regard-libre-n109-dossier-milice\/","title":{"rendered":"Le Regard Libre N\u00b0109 | Dossier MILICE"},"content":{"rendered":"<p><em>Le Regard Libre<\/em> N\u00b0109 | Dossier MILICE<br \/>\nExemplaire papier<br \/>\nEdition de septembre 2024<br \/>\nFormat magazine papier chic<\/p>\n<hr \/>\n<p class=\"p1\"><strong><span class=\"s1\">Opinions et r\u00e9flexions<br \/>\n<\/span><\/strong>05 Editorial: Les associations sont indispensables \u00e0 la d\u00e9mocratie<br \/>\n06 Le Regard Libre, \u00abn\u00e9olib\u00e9ral\u00bb? R\u00e9ponse \u00e0 Julia Steinberger<br \/>\n09 La cartouche de Ralph M\u00fcller: Sus \u00e0 l\u2019excuse de la sp\u00e9cialisation<br \/>\n11 La lecture de Pascal Couchepin: L\u2019invention de la Chine<br \/>\n12 \u00abA propos du scepticisme\u00bb: Olivier Delacr\u00e9taz r\u00e9agit \u00e0 notre pr\u00e9c\u00e9dente \u00e9dition<br \/>\n13 Jeux de Paris: quand le sexe biologique r\u00e9siste<br \/>\n16 L\u2019arm\u00e9e russe, grande profiteuse de la r\u00e9volte Wagner<br \/>\n18 D\u00e9pendante de la Chine, l\u2019Australie tente encore de lui faire face<\/p>\n<p class=\"p3\"><strong><span class=\"s1\">Dossier: L\u2019esprit de milice<br \/>\n<\/span><\/strong><span class=\"s1\">22<\/span> Esprit de milice, f\u00e9d\u00e9ralisme et d\u00e9mocratie directe ne font qu\u2019un<br \/>\n<span class=\"s1\">25<\/span> Arm\u00e9e suisse: aux origines d\u2019un syst\u00e8me de milice unique<br \/>\n<span class=\"s1\">28<\/span> Les atouts de la milice et les d\u00e9fauts de la professionnalisation<br \/>\n<span class=\"s1\">32<\/span> <span class=\"s2\">Marco Taddei: \u00abL\u2019engagement milicien n\u2019est pas un co\u00fbt, mais un investissement\u00bb<br \/>\n<\/span><span class=\"s1\">36<\/span> Le r\u00f4le essentiel des miliciens pour la s\u00e9curit\u00e9 au travail<br \/>\n<span class=\"s1\">37<\/span> L\u2019\u00eatre humain est son propre ma\u00eetre<\/p>\n<p class=\"p1\"><strong><span class=\"s1\">Actualit\u00e9s culturelles<br \/>\n<\/span><\/strong><span class=\"s1\">44<\/span> Avec Quentin Mouron, la mort ne s\u2019influence pas<br \/>\n<span class=\"s1\">46<\/span> L\u2019Am\u00e9rique selon Joseph Incardona<br \/>\n<span class=\"s1\">47<\/span> L\u2019impossible deuil<br \/>\n<span class=\"s1\">48<\/span> <i>L\u2019Empire<\/i>:\u00a0la d\u00e9rive des cath\u00e9drales<\/p>\n<p class=\"p1\"><strong><span class=\"s1\">Les rendez-vous de fin de magazine<br \/>\n<\/span><\/strong><span class=\"s1\">50<\/span> Le photoreportage de Bernard L\u00e9chot: <i>Bleu blanc rose<br \/>\n<\/i><span class=\"s1\">56<\/span> <i>La nuit du G\u00fctsch<\/i>, roman in\u00e9dit d\u2019Andr\u00e9 Durussel (7\/10)<br \/>\n<span class=\"s1\">63<\/span> Les carnets d\u2019\u00e9laboration de Theodor Wildt (2\/10)<br \/>\n<span class=\"s1\">64<\/span> En bref: Le NIFFF, les coulisses d\u2019un Cercle, des traductions et un <i>Guide du r\u00e9ac<br \/>\n<\/i><span class=\"s1\">66<\/span> Talon d\u2019abonnement et formulaire de m\u00e9c\u00e9nat<br \/>\n<span class=\"s1\">68<\/span> Citations<\/p>\n<p class=\"p1\"><a href=\"https:\/\/leregardlibre.sandbox-novadev.ch\/en\/cpt-editions\/le-regard-libre-n108-dossier-argent\/\"><em>Vers l\u2019\u00e9dition pr\u00e9c\u00e9dente<\/em><\/a><\/p>","protected":false},"excerpt":{"rendered":"<p>Le Regard Libre N\u00b0109 | Dossier MILICE Exemplaire papier Edition de septembre 2024 Format magazine papier chic Opinions et r\u00e9flexions 05 Editorial: Les associations sont indispensables \u00e0 la d\u00e9mocratie 06 Le Regard Libre, \u00abn\u00e9olib\u00e9ral\u00bb? R\u00e9ponse \u00e0 Julia Steinberger 09 La [&hellip;]<\/p>","protected":false},"featured_media":524694,"comment_status":"open","ping_status":"closed","template":"","meta":{"_acf_changed":false},"product_brand":[],"product_cat":[1228],"product_tag":[],"class_list":{"0":"post-524691","1":"product","2":"type-product","3":"status-publish","4":"has-post-thumbnail","6":"product_cat-numeros","8":"first","9":"instock","10":"shipping-taxable","11":"purchasable","12":"product-type-variable"},"acf":[],"_links":{"self":[{"href":"https:\/\/leregardlibre.sandbox-novadev.ch\/en\/wp-json\/wp\/v2\/product\/524691","targetHints":{"allow":["GET"]}}],"collection":[{"href":"https:\/\/leregardlibre.sandbox-novadev.ch\/en\/wp-json\/wp\/v2\/product"}],"about":[{"href":"https:\/\/leregardlibre.sandbox-novadev.ch\/en\/wp-json\/wp\/v2\/types\/product"}],"replies":[{"embeddable":true,"href":"https:\/\/leregardlibre.sandbox-novadev.ch\/en\/wp-json\/wp\/v2\/comments?post=524691"}],"wp:featuredmedia":[{"embeddable":true,"href":"https:\/\/leregardlibre.sandbox-novadev.ch\/en\/wp-json\/"}],"wp:attachment":[{"href":"https:\/\/leregardlibre.sandbox-novadev.ch\/en\/wp-json\/wp\/v2\/media?parent=524691"}],"wp:term":[{"taxonomy":"product_brand","embeddable":true,"href":"https:\/\/leregardlibre.sandbox-novadev.ch\/en\/wp-json\/wp\/v2\/product_brand?post=524691"},{"taxonomy":"product_cat","embeddable":true,"href":"https:\/\/leregardlibre.sandbox-novadev.ch\/en\/wp-json\/wp\/v2\/product_cat?post=524691"},{"taxonomy":"product_tag","embeddable":true,"href":"https:\/\/leregardlibre.sandbox-novadev.ch\/en\/wp-json\/wp\/v2\/product_tag?post=524691"}],"curies":[{"name":"wp","href":"https:\/\/api.w.org\/{rel}","templated":true}]}}