{"id":524095,"date":"2024-07-06T21:12:52","date_gmt":"2024-07-06T19:12:52","guid":{"rendered":"https:\/\/leregardlibre.com\/?post_type=product&amp;p=524095"},"modified":"2024-07-06T21:12:52","modified_gmt":"2024-07-06T19:12:52","slug":"le-regard-libre-n108-dossier-argent","status":"publish","type":"product","link":"https:\/\/leregardlibre.sandbox-novadev.ch\/en\/product\/le-regard-libre-n108-dossier-argent\/","title":{"rendered":"Le Regard Libre N\u00b0108 | Dossier ARGENT"},"content":{"rendered":"<p><em>Le Regard Libre<\/em> N\u00b0108 | Dossier ARGENT<br \/>\nExemplaire papier<br \/>\nEdition de juillet 2024<br \/>\nFormat magazine papier chic<\/p>\n<hr \/>\n<p class=\"p1\"><strong><span class=\"s1\">Opinions et r\u00e9flexions<br \/>\n<\/span><\/strong><span class=\"s1\">05<\/span> Editorial: La mauvaise formulation des questions nuit \u00e0 la qualit\u00e9 des d\u00e9bats<br \/>\n<span class=\"s1\">07<\/span> La cartouche de Ralph M\u00fcller: Pourquoi j\u2019ai quitt\u00e9 l\u2019universit\u00e9<br \/>\n<span class=\"s1\">08<\/span> La lecture trompeuse des r\u00e9sultats l\u00e9gislatifs en Catalogne<br \/>\n<span class=\"s1\">10<\/span> En Egypte, la conception d\u2019un monde qui \u00abbouge\u00bb<br \/>\n<span class=\"s1\">18<\/span> Resserrement des fronti\u00e8res: une mesure temporelle et insuffisante<br \/>\n<span class=\"s1\">19<\/span> L\u2019enfermement technologique individuel est un enjeu du si\u00e8cle<br \/>\n<span class=\"s1\">22<\/span> Le Blanc esclavagiste: d\u00e9construction d\u2019un st\u00e9r\u00e9otype woke<\/p>\n<p class=\"p3\"><strong><span class=\"s1\">Dossier: L\u2019argent<br \/>\n<\/span><\/strong><\/p>\n<p class=\"p1\"><span class=\"s1\">28<\/span> Jean-Marc Daniel: \u00abLa France souffre d\u2019une forme d\u2019impunit\u00e9 budg\u00e9taire\u00bb<br \/>\n<span class=\"s1\">31<\/span> Le d\u00e9bat de la r\u00e9daction: Faut-il rendre publics les salaires en entreprise?<br \/>\n<span class=\"s1\">32<\/span> L\u2019homme petit, cette minorit\u00e9 qui r\u00e9siste \u00e0 l\u2019\u00e9galitarisme ambiant<br \/>\n<span class=\"s1\">34<\/span> Les rapports ambigus de la haute noblesse \u00e0 l\u2019argent<br \/>\n<span class=\"s1\">36<\/span> Le bitcoin convient \u00e0 la Suisse, selon Ronnie Grob<\/p>\n<p class=\"p1\"><strong><span class=\"s1\">Actualit\u00e9s culturelles<br \/>\n<\/span><\/strong><span class=\"s1\">40<\/span> Neige Sinno re\u00e7ue avec les honneurs \u00e0 Lausanne<br \/>\n<span class=\"s1\">42<\/span> <i>Damned<\/i>, le bon go\u00fbt du mauvais genre<br \/>\n<span class=\"s1\">44<\/span> Quentin Mouron nous introduit aux fluides enfers de l\u2019agr\u00e9able<br \/>\n<span class=\"s1\">47<\/span> <i>Contrefeu<\/i>, combustion sans \u00e9motion d\u2019une cath\u00e9drale<br \/>\n<span class=\"s1\">48<\/span> Si j\u2019\u00e9tais un homme, je serais Marcello Mastroianni<br \/>\n<span class=\"s1\">50<\/span> <i>Le Comte de Monte-Cristo<\/i>: la France r\u00e9cup\u00e8re son patrimoine<br \/>\n<span class=\"s1\">52<\/span> <i>Furiosa: Une saga Mad Max<\/i>, la travers\u00e9e<\/p>\n<p class=\"p1\"><strong><span class=\"s1\">Les rendez-vous de fin de magazine<br \/>\n<\/span><\/strong><span class=\"s1\">54<\/span> Le photoreportage de Bernard L\u00e9chot: <i>Oui, elle penche. Et?<br \/>\n<\/i><span class=\"s1\">60<\/span> <i>La nuit du G\u00fctsch<\/i>, roman in\u00e9dit d\u2019Andr\u00e9 Durussel (6\/10)<br \/>\n<span class=\"s1\">63<\/span> Les carnets d\u2019\u00e9laboration de Theodor Wildt (1\/10)<br \/>\n<span class=\"s1\">64<\/span> <span class=\"s2\">En bref: Une loi b\u00eate, la gr\u00e8ve f\u00e9ministe, un oncle fant\u00f4me et la propagande Tamedia<br \/>\n<\/span><span class=\"s1\">66<\/span> Talon d\u2019abonnement et formulaire de m\u00e9c\u00e9nat<br \/>\n<span class=\"s1\">68<\/span> Citations<\/p>\n<p class=\"p1\"><a href=\"https:\/\/leregardlibre.sandbox-novadev.ch\/en\/cpt-editions\/le-regard-libre-n107-dossier-verite\/\"><em>Vers l\u2019\u00e9dition pr\u00e9c\u00e9dente<\/em><\/a><\/p>","protected":false},"excerpt":{"rendered":"<p>Le Regard Libre N\u00b0108 | Dossier ARGENT Exemplaire papier Edition de juillet 2024 Format magazine papier chic Opinions et r\u00e9flexions 05 Editorial: La mauvaise formulation des questions nuit \u00e0 la qualit\u00e9 des d\u00e9bats 07 La cartouche de Ralph M\u00fcller: Pourquoi [&hellip;]<\/p>","protected":false},"featured_media":524099,"comment_status":"open","ping_status":"closed","template":"","meta":{"_acf_changed":false},"product_brand":[],"product_cat":[1228],"product_tag":[],"class_list":{"0":"post-524095","1":"product","2":"type-product","3":"status-publish","4":"has-post-thumbnail","6":"product_cat-numeros","8":"first","9":"instock","10":"shipping-taxable","11":"purchasable","12":"product-type-variable"},"acf":[],"_links":{"self":[{"href":"https:\/\/leregardlibre.sandbox-novadev.ch\/en\/wp-json\/wp\/v2\/product\/524095","targetHints":{"allow":["GET"]}}],"collection":[{"href":"https:\/\/leregardlibre.sandbox-novadev.ch\/en\/wp-json\/wp\/v2\/product"}],"about":[{"href":"https:\/\/leregardlibre.sandbox-novadev.ch\/en\/wp-json\/wp\/v2\/types\/product"}],"replies":[{"embeddable":true,"href":"https:\/\/leregardlibre.sandbox-novadev.ch\/en\/wp-json\/wp\/v2\/comments?post=524095"}],"wp:featuredmedia":[{"embeddable":true,"href":"https:\/\/leregardlibre.sandbox-novadev.ch\/en\/wp-json\/"}],"wp:attachment":[{"href":"https:\/\/leregardlibre.sandbox-novadev.ch\/en\/wp-json\/wp\/v2\/media?parent=524095"}],"wp:term":[{"taxonomy":"product_brand","embeddable":true,"href":"https:\/\/leregardlibre.sandbox-novadev.ch\/en\/wp-json\/wp\/v2\/product_brand?post=524095"},{"taxonomy":"product_cat","embeddable":true,"href":"https:\/\/leregardlibre.sandbox-novadev.ch\/en\/wp-json\/wp\/v2\/product_cat?post=524095"},{"taxonomy":"product_tag","embeddable":true,"href":"https:\/\/leregardlibre.sandbox-novadev.ch\/en\/wp-json\/wp\/v2\/product_tag?post=524095"}],"curies":[{"name":"wp","href":"https:\/\/api.w.org\/{rel}","templated":true}]}}