{"id":523783,"date":"2024-06-09T10:40:02","date_gmt":"2024-06-09T08:40:02","guid":{"rendered":"https:\/\/leregardlibre.com\/?post_type=product&amp;p=523783"},"modified":"2024-06-09T10:40:02","modified_gmt":"2024-06-09T08:40:02","slug":"le-regard-libre-n107-dossier-verite","status":"publish","type":"product","link":"https:\/\/leregardlibre.sandbox-novadev.ch\/en\/product\/le-regard-libre-n107-dossier-verite\/","title":{"rendered":"Le Regard Libre N\u00b0107 | Dossier V\u00c9RIT\u00c9"},"content":{"rendered":"<p><em>Le Regard Libre<\/em> N\u00b0107 | Dossier V\u00c9RIT\u00c9<br \/>\nExemplaire papier<br \/>\nEdition de juin 2024<br \/>\nFormat magazine papier chic<\/p>\n<hr \/>\n<p class=\"p1\"><strong><span class=\"s1\">Opinions et r\u00e9flexions<br \/>\n<\/span><\/strong><span class=\"s2\">05<\/span> Un \u00abtroisi\u00e8me sexe\u00bb dans le registre de l\u2019\u00e9tat civil? Pas si vite<br \/>\n<span class=\"s2\">07<\/span> Liban: un milliard d\u2019euros, le pansement de l\u2019\u00e9chec politique<br \/>\n<span class=\"s2\">08<\/span> Zoom sur l\u2019occupation \u00abnon-violente\u00bb des universit\u00e9s par des propalestiniens<br \/>\n<span class=\"s2\">18<\/span> Terrorisme: le massacre des Jeux de Munich<br \/>\n<span class=\"s2\">20<\/span> A Gen\u00e8ve, l\u2019alliance prometteuse entre Le Centre et les Vert\u2019lib\u00e9raux<\/p>\n<p class=\"p3\"><strong><span class=\"s1\">Dossier: La v\u00e9rit\u00e9<br \/>\n<\/span><\/strong><span class=\"s2\">24<\/span> Le scepticisme, pour \u00e9chapper au dogmatisme et au relativisme<br \/>\n<span class=\"s2\">25<\/span> En histoire comme en tout, la v\u00e9rit\u00e9 ne se d\u00e9cr\u00e8te pas<br \/>\n<span class=\"s2\">28<\/span> La sp\u00e9cificit\u00e9 de la pens\u00e9e politique moderne<br \/>\n<span class=\"s2\">30<\/span> Pourquoi la th\u00e9orie du genre d\u00e9range<br \/>\n<span class=\"s2\">32<\/span> L\u2019identit\u00e9 de Ta\u00efwan en d\u00e9bat<br \/>\n<span class=\"s2\">34<\/span> Agathe Ruga, divorcer de la fiction<\/p>\n<p class=\"p1\"><strong><span class=\"s1\">Actualit\u00e9s culturelles<br \/>\n<\/span><\/strong><span class=\"s2\">40<\/span> Les \u00abbooklovers\u00bb<br \/>\n<span class=\"s2\">43<\/span> Les combats d\u2019une vie de romancier<br \/>\n<span class=\"s2\">44<\/span> Les disparus de Tsanfleuron devenus des h\u00e9ros de roman<br \/>\n<span class=\"s2\">46<\/span> Le cin\u00e9ma favorise un autre r\u00e9cit du conflit au Proche-Orient<br \/>\n<span class=\"s2\">50<\/span> <i>Daaaaaal\u00ed!<\/i>, l\u2019infid\u00e9lit\u00e9 r\u00e9compens\u00e9e<br \/>\n<span class=\"s2\">52<\/span> L\u2019agonie de l\u2019\u00e2me am\u00e9ricaine<\/p>\n<p class=\"p1\"><strong><span class=\"s1\">Les rendez-vous de fin de magazine<br \/>\n<\/span><\/strong><span class=\"s2\">54<\/span> Le photoreportage de Bernard L\u00e9chot: <i>Bandelier au pays des Pueblos<br \/>\n<\/i><span class=\"s2\">60<\/span> <i>La nuit du G\u00fctsch<\/i>, roman in\u00e9dit d\u2019Andr\u00e9 Durussel (5\/10)<br \/>\n<span class=\"s2\">64<\/span> <span class=\"s3\">En bref: La post-d\u00e9mocratie, Dante &amp; Levi, un bourgeois qui s\u2019ignore et un gel cocasse<br \/>\n<\/span><span class=\"s2\">66<\/span> Talon d\u2019abonnement et formulaire de m\u00e9c\u00e9nat<br \/>\n<span class=\"s2\">68<\/span> Citations<\/p>\n<p class=\"p1\"><a href=\"https:\/\/leregardlibre.sandbox-novadev.ch\/en\/cpt-editions\/le-regard-libre-n106-dossier-sacre\/\"><em>Vers l\u2019\u00e9dition pr\u00e9c\u00e9dente<\/em><\/a><\/p>","protected":false},"excerpt":{"rendered":"<p>Le Regard Libre N\u00b0107 | Dossier V\u00c9RIT\u00c9 Exemplaire papier Edition de juin 2024 Format magazine papier chic Opinions et r\u00e9flexions 05 Un \u00abtroisi\u00e8me sexe\u00bb dans le registre de l\u2019\u00e9tat civil? Pas si vite 07 Liban: un milliard d\u2019euros, le pansement [&hellip;]<\/p>","protected":false},"featured_media":523787,"comment_status":"open","ping_status":"closed","template":"","meta":{"_acf_changed":false},"product_brand":[],"product_cat":[1228],"product_tag":[],"class_list":{"0":"post-523783","1":"product","2":"type-product","3":"status-publish","4":"has-post-thumbnail","6":"product_cat-numeros","8":"first","9":"instock","10":"shipping-taxable","11":"purchasable","12":"product-type-variable"},"acf":[],"_links":{"self":[{"href":"https:\/\/leregardlibre.sandbox-novadev.ch\/en\/wp-json\/wp\/v2\/product\/523783","targetHints":{"allow":["GET"]}}],"collection":[{"href":"https:\/\/leregardlibre.sandbox-novadev.ch\/en\/wp-json\/wp\/v2\/product"}],"about":[{"href":"https:\/\/leregardlibre.sandbox-novadev.ch\/en\/wp-json\/wp\/v2\/types\/product"}],"replies":[{"embeddable":true,"href":"https:\/\/leregardlibre.sandbox-novadev.ch\/en\/wp-json\/wp\/v2\/comments?post=523783"}],"wp:featuredmedia":[{"embeddable":true,"href":"https:\/\/leregardlibre.sandbox-novadev.ch\/en\/wp-json\/"}],"wp:attachment":[{"href":"https:\/\/leregardlibre.sandbox-novadev.ch\/en\/wp-json\/wp\/v2\/media?parent=523783"}],"wp:term":[{"taxonomy":"product_brand","embeddable":true,"href":"https:\/\/leregardlibre.sandbox-novadev.ch\/en\/wp-json\/wp\/v2\/product_brand?post=523783"},{"taxonomy":"product_cat","embeddable":true,"href":"https:\/\/leregardlibre.sandbox-novadev.ch\/en\/wp-json\/wp\/v2\/product_cat?post=523783"},{"taxonomy":"product_tag","embeddable":true,"href":"https:\/\/leregardlibre.sandbox-novadev.ch\/en\/wp-json\/wp\/v2\/product_tag?post=523783"}],"curies":[{"name":"wp","href":"https:\/\/api.w.org\/{rel}","templated":true}]}}