{"id":523353,"date":"2024-05-04T22:10:31","date_gmt":"2024-05-04T20:10:31","guid":{"rendered":"https:\/\/leregardlibre.com\/?post_type=product&amp;p=523353"},"modified":"2024-05-04T22:10:31","modified_gmt":"2024-05-04T20:10:31","slug":"le-regard-libre-n106-dossier-sacre","status":"publish","type":"product","link":"https:\/\/leregardlibre.sandbox-novadev.ch\/en\/product\/le-regard-libre-n106-dossier-sacre\/","title":{"rendered":"Le Regard Libre N\u00b0106 | Dossier SACR\u00c9"},"content":{"rendered":"<p><em>Le Regard Libre<\/em> N\u00b0106 | Dossier S\u00c9CURIT\u00c9<br \/>\nExemplaire papier<br \/>\nEdition de mai 2024<br \/>\nFormat magazine papier chic<\/p>\n<hr \/>\n<p class=\"p1\"><strong><span class=\"s1\">Opinions et r\u00e9flexions<br \/>\n<\/span><\/strong><span class=\"s2\">05<\/span> | Editorial: Sacr\u00e9e pagaille<br \/>\n<span class=\"s2\">07\u00a0| <\/span>La cartouche de Ralph M\u00fcller: \u00abUne \u00e9tude a montr\u00e9 que&#8230;\u00bb<br \/>\n<span class=\"s2\">08\u00a0| <\/span>Courrier des lecteurs: le retour des droits naturels, entre id\u00e9ologie et l\u00e9gitimit\u00e9<br \/>\n<span class=\"s2\">10\u00a0| <\/span>La censure ne prot\u00e8ge pas de la haine<\/p>\n<p class=\"p1\"><strong><span class=\"s1\">Dossier: Le sacr\u00e9<br \/>\n<\/span><\/strong><span class=\"s2\">14\u00a0| <\/span>Vestiges du sentiment religieux en Suisse<br \/>\n<span class=\"s2\">16\u00a0| <\/span>Retour du sacr\u00e9: du mim\u00e9tisme \u00e0 l\u2019instrumentalisation<br \/>\n<span class=\"s2\">18\u00a0| <\/span>Grande interview d\u2019Olivier Moos: le wokisme comme post-protestantisme<br \/>\n<span class=\"s2\">26\u00a0| <\/span>L\u2019Arm\u00e9nie va-t-elle dispara\u00eetre?<br \/>\n<span class=\"s2\">28\u00a0| <\/span>Un nouvel espoir de s\u00e9cularisation en Turquie<br \/>\n<span class=\"s2\">34\u00a0| <\/span><i>Dune<\/i>: le film de l\u2019ann\u00e9e est un r\u00e9cit messianique<br \/>\n<span class=\"s2\">36\u00a0| <\/span>Hors du monde, pour le monde<\/p>\n<p class=\"p1\"><strong><span class=\"s1\">Actualit\u00e9s culturelles<br \/>\n<\/span><\/strong><span class=\"s2\">42<\/span> | Dans le vase clos de la litt\u00e9rature avec Tanguy Viel<br \/>\n<span class=\"s2\">44 | <\/span>Mariage d\u2019amour et de raison entre acteurs dzodzets de l\u2019\u00e9dition<br \/>\n<span class=\"s2\">46\u00a0| <\/span><i>San Francisco 1906<\/i>, une BD qui ne tremble pas<br \/>\n<span class=\"s2\">48\u00a0| <\/span>L\u2019acte manqu\u00e9 de la r\u00e9alisatrice Anne Fontaine<br \/>\n<span class=\"s2\">50\u00a0| <\/span>Comment Simenon et Highsmith d\u00e9jouent les poncifs du polar<\/p>\n<p class=\"p1\"><strong><span class=\"s1\">Les rendez-vous de fin de magazine<br \/>\n<\/span><\/strong><span class=\"s2\">54\u00a0| <\/span>Le photoreportage de Bernard L\u00e9chot: <i>Indipendenza<br \/>\n<\/i><span class=\"s2\">60\u00a0| <\/span><i>La nuit du G\u00fctsch<\/i>, roman in\u00e9dit d\u2019Andr\u00e9 Durussel (4\/10)<br \/>\n<span class=\"s2\">64\u00a0| <\/span>En bref: Le sadomasochisme suisse et le retour de Sangsue et ses fant\u00f4mes<br \/>\n<span class=\"s2\">66<\/span> | Talon d\u2019abonnement et formulaire de m\u00e9c\u00e9nat<br \/>\n<span class=\"s2\">68\u00a0| <\/span>Citations<\/p>\n<p class=\"p1\"><a href=\"https:\/\/leregardlibre.sandbox-novadev.ch\/en\/cpt-editions\/le-regard-libre-n105-dossier-securite\/\"><em>Vers l\u2019\u00e9dition pr\u00e9c\u00e9dente<\/em><\/a><\/p>","protected":false},"excerpt":{"rendered":"<p>Le Regard Libre N\u00b0106 | Dossier S\u00c9CURIT\u00c9 Exemplaire papier Edition de mai 2024 Format magazine papier chic Opinions et r\u00e9flexions 05 | Editorial: Sacr\u00e9e pagaille 07\u00a0| La cartouche de Ralph M\u00fcller: \u00abUne \u00e9tude a montr\u00e9 que&#8230;\u00bb 08\u00a0| Courrier des lecteurs: [&hellip;]<\/p>","protected":false},"featured_media":523356,"comment_status":"open","ping_status":"closed","template":"","meta":{"_acf_changed":false},"product_brand":[],"product_cat":[1228],"product_tag":[],"class_list":{"0":"post-523353","1":"product","2":"type-product","3":"status-publish","4":"has-post-thumbnail","6":"product_cat-numeros","8":"first","9":"instock","10":"shipping-taxable","11":"purchasable","12":"product-type-variable"},"acf":[],"_links":{"self":[{"href":"https:\/\/leregardlibre.sandbox-novadev.ch\/en\/wp-json\/wp\/v2\/product\/523353","targetHints":{"allow":["GET"]}}],"collection":[{"href":"https:\/\/leregardlibre.sandbox-novadev.ch\/en\/wp-json\/wp\/v2\/product"}],"about":[{"href":"https:\/\/leregardlibre.sandbox-novadev.ch\/en\/wp-json\/wp\/v2\/types\/product"}],"replies":[{"embeddable":true,"href":"https:\/\/leregardlibre.sandbox-novadev.ch\/en\/wp-json\/wp\/v2\/comments?post=523353"}],"wp:featuredmedia":[{"embeddable":true,"href":"https:\/\/leregardlibre.sandbox-novadev.ch\/en\/wp-json\/"}],"wp:attachment":[{"href":"https:\/\/leregardlibre.sandbox-novadev.ch\/en\/wp-json\/wp\/v2\/media?parent=523353"}],"wp:term":[{"taxonomy":"product_brand","embeddable":true,"href":"https:\/\/leregardlibre.sandbox-novadev.ch\/en\/wp-json\/wp\/v2\/product_brand?post=523353"},{"taxonomy":"product_cat","embeddable":true,"href":"https:\/\/leregardlibre.sandbox-novadev.ch\/en\/wp-json\/wp\/v2\/product_cat?post=523353"},{"taxonomy":"product_tag","embeddable":true,"href":"https:\/\/leregardlibre.sandbox-novadev.ch\/en\/wp-json\/wp\/v2\/product_tag?post=523353"}],"curies":[{"name":"wp","href":"https:\/\/api.w.org\/{rel}","templated":true}]}}