{"id":522999,"date":"2024-04-09T21:06:44","date_gmt":"2024-04-09T19:06:44","guid":{"rendered":"https:\/\/leregardlibre.com\/?post_type=product&amp;p=522999"},"modified":"2024-04-09T21:06:44","modified_gmt":"2024-04-09T19:06:44","slug":"le-regard-libre-n105-dossier-securite","status":"publish","type":"product","link":"https:\/\/leregardlibre.sandbox-novadev.ch\/en\/product\/le-regard-libre-n105-dossier-securite\/","title":{"rendered":"Le Regard Libre N\u00b0105 | Dossier S\u00c9CURIT\u00c9"},"content":{"rendered":"<p><em>Le Regard Libre<\/em> N\u00b0105 | Dossier S\u00c9CURIT\u00c9<br \/>\nExemplaire papier<br \/>\nEdition d\u2019avril 2024<br \/>\nFormat magazine papier chic<\/p>\n<hr \/>\n<p class=\"p1\"><strong><span class=\"s1\">Opinions et r\u00e9flexions<br \/>\n<\/span><\/strong><span class=\"s1\">05 <span class=\"s2\">|\u00a0<\/span><\/span>Salaires hommes-femmes: le mythe de l\u2019in\u00e9galit\u00e9 forc\u00e9ment injuste<br \/>\n<span class=\"s1\">07 <span class=\"s2\">|\u00a0<\/span><\/span>La lecture de Pascal Couchepin: <i>L\u2019homme augment\u00e9<\/i> de Rapha\u00ebl Gaillard<br \/>\n<span class=\"s1\">08 <span class=\"s2\">|\u00a0<\/span><\/span>Etienne Klein: \u00abLes courts-circuits sont un antidote au ressassement\u00bb<br \/>\n<span class=\"s1\">14 <span class=\"s2\">|\u00a0<\/span><\/span>Economie politique et \u00e9conomie de sport ne font qu\u2019un en Ouzb\u00e9kistan<br \/>\n<span class=\"s1\">20 <span class=\"s2\">|\u00a0<\/span><\/span>Le go\u00fbt de l\u2019ivresse, un programme de vie<br \/>\n<span class=\"s1\">22 <span class=\"s2\">|\u00a0<\/span><\/span>Barnabooth, le journal d\u2019un homme libre<\/p>\n<p class=\"p3\"><strong><span class=\"s1\">Dossier: La s\u00e9curit\u00e9<br \/>\n<\/span><\/strong><span class=\"s1\">26 <span class=\"s2\">|\u00a0<\/span><\/span><span class=\"s2\">Gerhard Andrey: \u00abLa cybers\u00e9curit\u00e9 est par d\u00e9finition une t\u00e2che r\u00e9galienne\u00bb<br \/>\n<\/span><span class=\"s1\">30 <span class=\"s2\">|\u00a0<\/span><\/span>Lorsque la guerre menace, l\u2019histoire militaire redevient d\u2019actualit\u00e9<br \/>\n<span class=\"s1\">34 <span class=\"s2\">|\u00a0<\/span><\/span>Paris 2024 sous haute tension<br \/>\n<span class=\"s1\">38 <span class=\"s2\">|\u00a0<\/span><\/span>Andy Ngo: \u00abL\u2019attaque que j\u2019ai subie a \u00e9t\u00e9 c\u00e9l\u00e9br\u00e9e par la gauche radicale\u00bb<br \/>\n<span class=\"s1\">42 <span class=\"s2\">|\u00a0<\/span><\/span>La responsabilit\u00e9 des juges au c\u0153ur de deux romans<br \/>\n<span class=\"s1\">44 <span class=\"s2\">|\u00a0<\/span><\/span>Le photoreportage de Bernard L\u00e9chot: Entrez, c\u2019est (presque) ouvert!<\/p>\n<p class=\"p1\"><strong><span class=\"s1\">Actualit\u00e9s culturelles<br \/>\n<\/span><\/strong><span class=\"s1\">52<span class=\"s2\">\u00a0|\u00a0<\/span><\/span><i>Camille s\u2019en va<\/i> sur fond de sir\u00e8nes et de grenades lacrymog\u00e8nes<br \/>\n<span class=\"s1\">54<span class=\"s2\">\u00a0|\u00a0<\/span><\/span>Renaud Rodier, sortir du d\u00e9dale<br \/>\n<span class=\"s1\">56<span class=\"s2\">\u00a0|\u00a0<\/span><\/span>Quand les hirondelles d\u2019Ossorguine r\u00e9sistent au chaos du monde<\/p>\n<p class=\"p1\"><strong><span class=\"s1\">Les rendez-vous de fin de magazine<br \/>\n<\/span><\/strong><span class=\"s1\">60<span class=\"s2\">\u00a0|\u00a0<\/span><\/span><i>La nuit du G\u00fctsch<\/i>, roman in\u00e9dit d\u2019Andr\u00e9 Durussel (3\/10)<br \/>\n<span class=\"s1\">64<span class=\"s2\">\u00a0|\u00a0<\/span><\/span><span class=\"s2\">En bref: Jung protestant, autoplagiats de Sardou, mort de Badinter, surprise de Nikos<br \/>\n<\/span><span class=\"s1\">66<span class=\"s2\">\u00a0|\u00a0<\/span><\/span>Talon d\u2019abonnement et formulaire de m\u00e9c\u00e9nat<br \/>\n<span class=\"s1\">68<span class=\"s2\">\u00a0|\u00a0<\/span><\/span>Citations<\/p>\n<p class=\"p1\"><a href=\"https:\/\/leregardlibre.sandbox-novadev.ch\/en\/cpt-editions\/le-regard-libre-n104-dossier-travail\/\"><em>Vers l\u2019\u00e9dition pr\u00e9c\u00e9dente<\/em><\/a><\/p>","protected":false},"excerpt":{"rendered":"<p>Le Regard Libre N\u00b0105 | Dossier S\u00c9CURIT\u00c9 Exemplaire papier Edition d\u2019avril 2024 Format magazine papier chic Opinions et r\u00e9flexions 05 |\u00a0Salaires hommes-femmes: le mythe de l\u2019in\u00e9galit\u00e9 forc\u00e9ment injuste 07 |\u00a0La lecture de Pascal Couchepin: L\u2019homme augment\u00e9 de Rapha\u00ebl Gaillard 08 [&hellip;]<\/p>","protected":false},"featured_media":523008,"comment_status":"open","ping_status":"closed","template":"","meta":{"_acf_changed":false},"product_brand":[],"product_cat":[1228],"product_tag":[],"class_list":{"0":"post-522999","1":"product","2":"type-product","3":"status-publish","4":"has-post-thumbnail","6":"product_cat-numeros","8":"first","9":"instock","10":"shipping-taxable","11":"purchasable","12":"product-type-variable"},"acf":[],"_links":{"self":[{"href":"https:\/\/leregardlibre.sandbox-novadev.ch\/en\/wp-json\/wp\/v2\/product\/522999","targetHints":{"allow":["GET"]}}],"collection":[{"href":"https:\/\/leregardlibre.sandbox-novadev.ch\/en\/wp-json\/wp\/v2\/product"}],"about":[{"href":"https:\/\/leregardlibre.sandbox-novadev.ch\/en\/wp-json\/wp\/v2\/types\/product"}],"replies":[{"embeddable":true,"href":"https:\/\/leregardlibre.sandbox-novadev.ch\/en\/wp-json\/wp\/v2\/comments?post=522999"}],"wp:featuredmedia":[{"embeddable":true,"href":"https:\/\/leregardlibre.sandbox-novadev.ch\/en\/wp-json\/"}],"wp:attachment":[{"href":"https:\/\/leregardlibre.sandbox-novadev.ch\/en\/wp-json\/wp\/v2\/media?parent=522999"}],"wp:term":[{"taxonomy":"product_brand","embeddable":true,"href":"https:\/\/leregardlibre.sandbox-novadev.ch\/en\/wp-json\/wp\/v2\/product_brand?post=522999"},{"taxonomy":"product_cat","embeddable":true,"href":"https:\/\/leregardlibre.sandbox-novadev.ch\/en\/wp-json\/wp\/v2\/product_cat?post=522999"},{"taxonomy":"product_tag","embeddable":true,"href":"https:\/\/leregardlibre.sandbox-novadev.ch\/en\/wp-json\/wp\/v2\/product_tag?post=522999"}],"curies":[{"name":"wp","href":"https:\/\/api.w.org\/{rel}","templated":true}]}}