{"id":522593,"date":"2024-03-03T10:53:06","date_gmt":"2024-03-03T09:53:06","guid":{"rendered":"https:\/\/leregardlibre.com\/?post_type=product&amp;p=522593"},"modified":"2024-03-03T10:53:06","modified_gmt":"2024-03-03T09:53:06","slug":"le-regard-libre-n104-dossier-travail","status":"publish","type":"product","link":"https:\/\/leregardlibre.sandbox-novadev.ch\/en\/product\/le-regard-libre-n104-dossier-travail\/","title":{"rendered":"Le Regard Libre N\u00b0104 | Dossier TRAVAIL"},"content":{"rendered":"<p><em>Le Regard Libre<\/em> N\u00b0104 | Dossier TRAVAIL<br \/>\nExemplaire papier<br \/>\nEdition de mars 2024<br \/>\nFormat magazine papier chic<\/p>\n<hr \/>\n<p class=\"p1\"><strong><span class=\"s1\">Opinions et r\u00e9flexions<br \/>\n<\/span><\/strong><span class=\"s1\">05 <span class=\"s2\">|\u00a0<\/span><\/span>Editorial: Quand les homosexuels deviennent une cible \u00e0 gauche<br \/>\n<span class=\"s1\">07 <span class=\"s2\">|\u00a0<\/span><\/span>La chronique de Quentin Mouron: Le miracle de la pens\u00e9e qui s\u2019obstine<br \/>\n<span class=\"s1\">08 <span class=\"s2\">|\u00a0<\/span><\/span>Chaos au Y\u00e9men<br \/>\n<span class=\"s1\">10 <span class=\"s2\">|\u00a0<\/span><\/span>Isra\u00ebl face au droit international humanitaire<br \/>\n<span class=\"s1\">12 <span class=\"s2\">|\u00a0<\/span><\/span>Changement de nationalit\u00e9 sportive: doit-on imposer des r\u00e8gles?<br \/>\n<span class=\"s1\">20 <span class=\"s2\">|\u00a0<\/span><\/span>Quelques raisons (plus ou moins bonnes) de ne pas abolir l\u2019arm\u00e9e suisse<\/p>\n<p class=\"p3\"><strong><span class=\"s1\">Dossier: Le travail<br \/>\n<\/span><\/strong><span class=\"s1\">22 <span class=\"s2\">|\u00a0<\/span><\/span><span class=\"s2\">V\u00e9ra Nikolski: \u00abLa lib\u00e9ration des femmes d\u00e9marre avec le capitalisme industriel\u00bb<br \/>\n<\/span><span class=\"s1\">28 <span class=\"s2\">|\u00a0<\/span><\/span>Intelligence artificielle et emploi, tous concern\u00e9s par la r\u00e9volution<br \/>\n<span class=\"s1\">30 <span class=\"s2\">|\u00a0<\/span><\/span>Syst\u00e8me de formation: un ouvrage \u00e0 remettre sans cesse sur le m\u00e9tier<br \/>\n<span class=\"s1\">32 <span class=\"s2\">|\u00a0<\/span><\/span>Utiliser l\u2019effet de levier du march\u00e9 du travail pour financer l\u2019AVS<br \/>\n<span class=\"s1\">35 <span class=\"s2\">|\u00a0<\/span><\/span>Faut-il bannir les <i>open spaces<\/i>? Le d\u00e9saccord de la r\u00e9daction<br \/>\n<span class=\"s1\">36 <span class=\"s2\">|\u00a0<\/span><\/span>Figures de l\u2019oisivet\u00e9 chez Marcel Proust<br \/>\n<span class=\"s1\">38 <span class=\"s2\">|\u00a0<\/span><\/span>Le photoreportage de Bernard L\u00e9chot: Saint-Gobain sans Saint-Gobain<\/p>\n<p class=\"p1\"><strong><span class=\"s1\">Actualit\u00e9s culturelles<br \/>\n<\/span><\/strong><span class=\"s1\">46 <span class=\"s2\">|\u00a0<\/span><\/span>La renaissance r\u00e9ussie du Roman des Romands<br \/>\n<span class=\"s1\">48 <span class=\"s2\">|\u00a0<\/span><\/span><i>La double nuit du lac<\/i>, travers\u00e9e d\u2019une rupture<br \/>\n<span class=\"s1\">50 <span class=\"s2\">|\u00a0<\/span><\/span><i>Eurotrash<\/i>, entre roman familial et \u0153uvre cathartique<br \/>\n<span class=\"s1\">52 <span class=\"s2\">|\u00a0<\/span><\/span>Les Pajak p\u00e8re et fils unis par leurs ardentes passions communes<\/p>\n<p class=\"p1\"><strong><span class=\"s1\">Les rendez-vous de fin de magazine<br \/>\n<\/span><\/strong><span class=\"s2\">56\u00a0|\u00a0Les d\u00e9bats du <em>Regard Libre<\/em> au Salon du Livre de Gen\u00e8ve, du 6 au 10 mars<br \/>\n58<\/span> <span class=\"s2\">|\u00a0<\/span><i>La nuit du G\u00fctsch<\/i>, roman in\u00e9dit d\u2019Andr\u00e9 Durussel (2\/10)<br \/>\n<span class=\"s2\">64<\/span> <span class=\"s2\">| <\/span><span class=\"s1\">En bref: <i>Germinal<\/i> au XXI<sup>e<\/sup>, chat-poisson, Caravage radin et Reporters avec fronti\u00e8res<br \/>\n<\/span><span class=\"s2\">66<\/span> <span class=\"s2\">|\u00a0<\/span>Talon d\u2019abonnement et formulaire de m\u00e9c\u00e9nat<br \/>\n<span class=\"s2\">68<\/span> <span class=\"s2\">|\u00a0<\/span>Citations<\/p>\n<p class=\"p1\"><a href=\"https:\/\/leregardlibre.sandbox-novadev.ch\/en\/cpt-editions\/le-regard-libre-n103-dossier-transports\/\"><em>Vers l\u2019\u00e9dition pr\u00e9c\u00e9dente<\/em><\/a><\/p>","protected":false},"excerpt":{"rendered":"<p>Le Regard Libre N\u00b0104 | Dossier TRAVAIL Exemplaire papier Edition de mars 2024 Format magazine papier chic Opinions et r\u00e9flexions 05 |\u00a0Editorial: Quand les homosexuels deviennent une cible \u00e0 gauche 07 |\u00a0La chronique de Quentin Mouron: Le miracle de la [&hellip;]<\/p>","protected":false},"featured_media":522597,"comment_status":"open","ping_status":"closed","template":"","meta":{"_acf_changed":false},"product_brand":[],"product_cat":[1228],"product_tag":[],"class_list":{"0":"post-522593","1":"product","2":"type-product","3":"status-publish","4":"has-post-thumbnail","6":"product_cat-numeros","8":"first","9":"instock","10":"shipping-taxable","11":"purchasable","12":"product-type-variable"},"acf":[],"_links":{"self":[{"href":"https:\/\/leregardlibre.sandbox-novadev.ch\/en\/wp-json\/wp\/v2\/product\/522593","targetHints":{"allow":["GET"]}}],"collection":[{"href":"https:\/\/leregardlibre.sandbox-novadev.ch\/en\/wp-json\/wp\/v2\/product"}],"about":[{"href":"https:\/\/leregardlibre.sandbox-novadev.ch\/en\/wp-json\/wp\/v2\/types\/product"}],"replies":[{"embeddable":true,"href":"https:\/\/leregardlibre.sandbox-novadev.ch\/en\/wp-json\/wp\/v2\/comments?post=522593"}],"wp:featuredmedia":[{"embeddable":true,"href":"https:\/\/leregardlibre.sandbox-novadev.ch\/en\/wp-json\/"}],"wp:attachment":[{"href":"https:\/\/leregardlibre.sandbox-novadev.ch\/en\/wp-json\/wp\/v2\/media?parent=522593"}],"wp:term":[{"taxonomy":"product_brand","embeddable":true,"href":"https:\/\/leregardlibre.sandbox-novadev.ch\/en\/wp-json\/wp\/v2\/product_brand?post=522593"},{"taxonomy":"product_cat","embeddable":true,"href":"https:\/\/leregardlibre.sandbox-novadev.ch\/en\/wp-json\/wp\/v2\/product_cat?post=522593"},{"taxonomy":"product_tag","embeddable":true,"href":"https:\/\/leregardlibre.sandbox-novadev.ch\/en\/wp-json\/wp\/v2\/product_tag?post=522593"}],"curies":[{"name":"wp","href":"https:\/\/api.w.org\/{rel}","templated":true}]}}