{"id":522021,"date":"2024-01-26T09:52:08","date_gmt":"2024-01-26T08:52:08","guid":{"rendered":"https:\/\/leregardlibre.com\/?post_type=product&amp;p=522021"},"modified":"2024-01-26T09:52:08","modified_gmt":"2024-01-26T08:52:08","slug":"le-regard-libre-n102-dossier-monde-rural-copie","status":"publish","type":"product","link":"https:\/\/leregardlibre.sandbox-novadev.ch\/en\/product\/le-regard-libre-n102-dossier-monde-rural-copie\/","title":{"rendered":"Le Regard Libre N\u00b0103 | Dossier TRANSPORTS"},"content":{"rendered":"<p><em>Le Regard Libre<\/em> N\u00b0103 | Dossier TRANSPORTS<br \/>\nExemplaire papier<br \/>\nEdition de janvier 2024 <strong>\u2013 10 ans ce mois-ci!<\/strong><br \/>\nFormat magazine papier chic, inauguration de la nouvelle maquette<\/p>\n<hr \/>\n<p class=\"p1\"><strong><span class=\"s1\">Opinions et r\u00e9flexions<br \/>\n<\/span><\/strong><span class=\"s2\">05\u00a0|\u00a0<\/span>Depardieu: l\u2019absurdit\u00e9 du choix de la RTS, en cinq points<br \/>\n<span class=\"s2\">06\u00a0|\u00a0<\/span>Faut-il autoriser les magasins \u00e0 ouvrir le dimanche?<br \/>\n<span class=\"s2\">07<\/span> <span class=\"s2\">|\u00a0<\/span>Ne pas financer l\u2019UNRWA, c\u2019est nourrir la haine contre l\u2019Occident<br \/>\n<span class=\"s2\">08<\/span> <span class=\"s2\">|\u00a0<\/span>\u00abL\u2019Union europ\u00e9enne ne peut pas tol\u00e9rer la d\u00e9mocratie directe\u00bb<br \/>\n<span class=\"s2\">11<\/span> <span class=\"s2\">|\u00a0<\/span>La cr\u00e9ation de l\u2019euro selon Charles Gave<br \/>\n<span class=\"s2\">12<\/span> <span class=\"s2\">|\u00a0<\/span>Les Africains m\u00e9ritent de retrouver la libert\u00e9 \u00e9conomique<br \/>\n<span class=\"s2\">16<\/span> <span class=\"s2\">|\u00a0<\/span>Le fran\u00e7ais comme art de vivre<\/p>\n<p class=\"p3\"><strong><span class=\"s1\">Dossier: les transports<br \/>\n<\/span><\/strong><span class=\"s2\">20<\/span> <span class=\"s2\">|\u00a0<\/span>Vincent Kaufmann: \u00abLes CFF ont un sens un peu trop \u00e9lev\u00e9 de la routine\u00bb<br \/>\n<span class=\"s2\">24<\/span> <span class=\"s2\">|\u00a0<\/span>Les h\u00e9ros de l\u2019A\u00e9ropostale<br \/>\n<span class=\"s2\">26<\/span> <span class=\"s2\">|\u00a0<\/span>Le trois-m\u00e2ts, ce bateau qui traverse les \u00e2ges<br \/>\n<span class=\"s2\">28<\/span> <span class=\"s2\">|\u00a0<\/span>Importer des tomates a plus de sens que d\u2019en produire en Suisse<br \/>\n<span class=\"s2\">30<\/span> <span class=\"s2\">|\u00a0<\/span>Inconfort croissant dans les avions et autres curiosit\u00e9s<br \/>\n<span class=\"s2\">32<\/span> <span class=\"s2\">|\u00a0<\/span>Voyages en mots troubles<br \/>\n<span class=\"s2\">34<\/span> <span class=\"s2\">|\u00a0<\/span>Sur les traces de l\u2019explorateur Xavier Chevrin<br \/>\n<span class=\"s2\">40<\/span> <span class=\"s2\">|\u00a0<\/span>Le photoreportage de Bernard L\u00e9chot: Au \u00abCoin des trois pays\u00bb<\/p>\n<p class=\"p1\"><strong><span class=\"s1\">Actualit\u00e9s culturelles<br \/>\n<\/span><\/strong><span class=\"s2\">48<\/span> <span class=\"s2\">| <\/span>M\u00e9lanie Richoz: <span class=\"s1\">\u00abTaire des choses est une fa\u00e7on de les cautionner\u00bb<i><br \/>\n<\/i><\/span><span class=\"s2\">54<\/span> <span class=\"s2\">|\u00a0<\/span>C\u2019est pour leur bien<br \/>\n<span class=\"s2\">56<\/span> <span class=\"s2\">|\u00a0<\/span><i>S\u00e9gurant<\/i>, pourchasser le manuscrit et le dragon<br \/>\n<span class=\"s2\">58<\/span> <span class=\"s2\">|\u00a0<\/span>Faire taire les l\u00e9mures<\/p>\n<p class=\"p1\"><strong><span class=\"s1\">Les rendez-vous de fin de magazine<br \/>\n<\/span><\/strong><span class=\"s2\">60<\/span> <span class=\"s2\">|\u00a0<\/span><i>La nuit du G\u00fctsch<\/i>, roman in\u00e9dit d\u2019Andr\u00e9 Durussel (1\/10)<br \/>\n<span class=\"s2\">64<\/span> <span class=\"s2\">|\u00a0<\/span>En bref: Harvard, les grands auteurs, Robert Boyle et un parti communiste<br \/>\n<span class=\"s2\">66<\/span> <span class=\"s2\">|\u00a0<\/span>Talon d\u2019abonnement et formulaire de m\u00e9c\u00e9nat<br \/>\n<span class=\"s2\">68<\/span> <span class=\"s2\">|\u00a0<\/span>Citations<\/p>\n<p class=\"p1\"><a href=\"https:\/\/leregardlibre.sandbox-novadev.ch\/en\/cpt-editions\/le-regard-libre-n102-dossier-monde-rural\/\"><em>Vers l\u2019\u00e9dition pr\u00e9c\u00e9dente<\/em><\/a><\/p>","protected":false},"excerpt":{"rendered":"<p>Le Regard Libre N\u00b0103 | Dossier TRANSPORTS Exemplaire papier Edition de janvier 2024 \u2013 10 ans ce mois-ci! Format magazine papier chic, inauguration de la nouvelle maquette Opinions et r\u00e9flexions 05\u00a0|\u00a0Depardieu: l\u2019absurdit\u00e9 du choix de la RTS, en cinq points [&hellip;]<\/p>","protected":false},"featured_media":522024,"comment_status":"open","ping_status":"closed","template":"","meta":{"_acf_changed":false},"product_brand":[],"product_cat":[1228],"product_tag":[],"class_list":{"0":"post-522021","1":"product","2":"type-product","3":"status-publish","4":"has-post-thumbnail","6":"product_cat-numeros","8":"first","9":"instock","10":"shipping-taxable","11":"purchasable","12":"product-type-variable"},"acf":[],"_links":{"self":[{"href":"https:\/\/leregardlibre.sandbox-novadev.ch\/en\/wp-json\/wp\/v2\/product\/522021","targetHints":{"allow":["GET"]}}],"collection":[{"href":"https:\/\/leregardlibre.sandbox-novadev.ch\/en\/wp-json\/wp\/v2\/product"}],"about":[{"href":"https:\/\/leregardlibre.sandbox-novadev.ch\/en\/wp-json\/wp\/v2\/types\/product"}],"replies":[{"embeddable":true,"href":"https:\/\/leregardlibre.sandbox-novadev.ch\/en\/wp-json\/wp\/v2\/comments?post=522021"}],"wp:featuredmedia":[{"embeddable":true,"href":"https:\/\/leregardlibre.sandbox-novadev.ch\/en\/wp-json\/"}],"wp:attachment":[{"href":"https:\/\/leregardlibre.sandbox-novadev.ch\/en\/wp-json\/wp\/v2\/media?parent=522021"}],"wp:term":[{"taxonomy":"product_brand","embeddable":true,"href":"https:\/\/leregardlibre.sandbox-novadev.ch\/en\/wp-json\/wp\/v2\/product_brand?post=522021"},{"taxonomy":"product_cat","embeddable":true,"href":"https:\/\/leregardlibre.sandbox-novadev.ch\/en\/wp-json\/wp\/v2\/product_cat?post=522021"},{"taxonomy":"product_tag","embeddable":true,"href":"https:\/\/leregardlibre.sandbox-novadev.ch\/en\/wp-json\/wp\/v2\/product_tag?post=522021"}],"curies":[{"name":"wp","href":"https:\/\/api.w.org\/{rel}","templated":true}]}}