{"id":521566,"date":"2023-12-24T11:35:23","date_gmt":"2023-12-24T10:35:23","guid":{"rendered":"https:\/\/leregardlibre.com\/?post_type=product&amp;p=521566"},"modified":"2023-12-24T11:35:23","modified_gmt":"2023-12-24T10:35:23","slug":"le-regard-libre-n101-dossier-monde-rural","status":"publish","type":"product","link":"https:\/\/leregardlibre.sandbox-novadev.ch\/en\/product\/le-regard-libre-n101-dossier-monde-rural\/","title":{"rendered":"Le Regard Libre N\u00b0102 | Dossier MONDE RURAL"},"content":{"rendered":"<p><em>Le Regard Libre<\/em> N\u00b0102 | Dossier MONDE RURAL<br \/>\nExemplaire papier<br \/>\nEdition de d\u00e9cembre 2023<br \/>\nFormat magazine papier chic<\/p>\n<hr \/>\n<p class=\"p1\"><strong>05<\/strong><b> <\/b>| Editorial: L\u2019extr\u00eame droite, un concept galvaud\u00e9<br \/>\n<strong>07<\/strong><b> <\/b>| La lecture de Pascal Couchepin: <i>Les naufrag\u00e9s du Wager<br \/>\n<\/i><strong>09<\/strong><b> <\/b>| En quelques mots: Javier Milei et Milan Kundera<br \/>\n<strong>10<\/strong> | L\u2019affirmation de la puissance militaire japonaise en Asie du Sud<br \/>\n<b>12 <\/b>| Stefan Zweig, \u00e9pisode 3\/3: Pour un monde en couleurs<br \/>\n<b>16 <\/b>| La \u00abgrande convergence\u00bb: l\u2019\u00e9galit\u00e9 mondiale et ses inconv\u00e9nients<\/p>\n<p class=\"p2\"><strong>Dossier: Le monde rural<\/strong><br \/>\n<strong>28<\/strong> | Michael Hermann: \u00abLa campagne se sent infantilis\u00e9e par les villes\u00bb<br \/>\n<strong>38<\/strong> | Jean-Claude Mich\u00e9a, un philosophe \u00e9tabli \u00e0 la campagne<br \/>\n<strong>40<\/strong> | Clivage centres-p\u00e9riph\u00e9ries, l\u2019\u00e9ternel probl\u00e8me suisse<br \/>\n<strong>41<\/strong> | Ces gens du coin qui doivent supporter les cyclistes tout-terrain<br \/>\n<strong>42<\/strong> | Pierric Bailly, terres de fascination<br \/>\n<strong>44<\/strong> | Deux autres p\u00e9pites de litt\u00e9rature rurale contemporaine<br \/>\n<strong>46<\/strong> | Le photoreportage de Bernard L\u00e9chot: <i>L\u2019internationale des bovid\u00e9s<\/i><\/p>\n<p class=\"p2\"><strong>Actualit\u00e9s culturelles<\/strong><br \/>\n<b>54<\/b> | Caspar David Friedrich, le pinceau du romantisme philosophique<br \/>\n<b>58<\/b> | Les affranchis chez les Osages<br \/>\n<b>60<\/b> | <i>Panorama<\/i>, le cauchemar de la transparence<br \/>\n<b>61<\/b> | Les tribulations de Tribolet<br \/>\n<b>62<\/b> | Florent Oiseau, vicissitudes sans lassitude<br \/>\n<b>64<\/b> | D\u00e8s janvier 2024, un nouveau roman in\u00e9dit dans <i>Le Regard Libre<\/i><\/p>\n<p class=\"p2\"><strong>66<\/strong><b> <\/b>| Talon d\u2019abonnement et formulaire de m\u00e9c\u00e9nat<br \/>\n<strong>67<\/strong> | Impressum<br \/>\n<strong>68<\/strong> | Citations<\/p>\n<p class=\"p1\"><a href=\"https:\/\/leregardlibre.sandbox-novadev.ch\/en\/cpt-editions\/le-regard-libre-n101-dossier-communautes\/\"><em>Vers l\u2019\u00e9dition pr\u00e9c\u00e9dente<\/em><\/a><\/p>","protected":false},"excerpt":{"rendered":"<p>Le Regard Libre N\u00b0102 | Dossier MONDE RURAL Exemplaire papier Edition de d\u00e9cembre 2023 Format magazine papier chic 05 | Editorial: L\u2019extr\u00eame droite, un concept galvaud\u00e9 07 | La lecture de Pascal Couchepin: Les naufrag\u00e9s du Wager 09 | En [&hellip;]<\/p>","protected":false},"featured_media":521569,"comment_status":"open","ping_status":"closed","template":"","meta":{"_acf_changed":false},"product_brand":[],"product_cat":[1228],"product_tag":[],"class_list":{"0":"post-521566","1":"product","2":"type-product","3":"status-publish","4":"has-post-thumbnail","6":"product_cat-numeros","8":"first","9":"instock","10":"shipping-taxable","11":"purchasable","12":"product-type-variable"},"acf":[],"_links":{"self":[{"href":"https:\/\/leregardlibre.sandbox-novadev.ch\/en\/wp-json\/wp\/v2\/product\/521566","targetHints":{"allow":["GET"]}}],"collection":[{"href":"https:\/\/leregardlibre.sandbox-novadev.ch\/en\/wp-json\/wp\/v2\/product"}],"about":[{"href":"https:\/\/leregardlibre.sandbox-novadev.ch\/en\/wp-json\/wp\/v2\/types\/product"}],"replies":[{"embeddable":true,"href":"https:\/\/leregardlibre.sandbox-novadev.ch\/en\/wp-json\/wp\/v2\/comments?post=521566"}],"wp:featuredmedia":[{"embeddable":true,"href":"https:\/\/leregardlibre.sandbox-novadev.ch\/en\/wp-json\/"}],"wp:attachment":[{"href":"https:\/\/leregardlibre.sandbox-novadev.ch\/en\/wp-json\/wp\/v2\/media?parent=521566"}],"wp:term":[{"taxonomy":"product_brand","embeddable":true,"href":"https:\/\/leregardlibre.sandbox-novadev.ch\/en\/wp-json\/wp\/v2\/product_brand?post=521566"},{"taxonomy":"product_cat","embeddable":true,"href":"https:\/\/leregardlibre.sandbox-novadev.ch\/en\/wp-json\/wp\/v2\/product_cat?post=521566"},{"taxonomy":"product_tag","embeddable":true,"href":"https:\/\/leregardlibre.sandbox-novadev.ch\/en\/wp-json\/wp\/v2\/product_tag?post=521566"}],"curies":[{"name":"wp","href":"https:\/\/api.w.org\/{rel}","templated":true}]}}