{"id":521250,"date":"2023-11-21T22:02:51","date_gmt":"2023-11-21T21:02:51","guid":{"rendered":"https:\/\/leregardlibre.com\/?post_type=product&amp;p=521250"},"modified":"2023-11-21T22:02:51","modified_gmt":"2023-11-21T21:02:51","slug":"le-regard-libre-n101-dossier-communautes","status":"publish","type":"product","link":"https:\/\/leregardlibre.sandbox-novadev.ch\/en\/product\/le-regard-libre-n101-dossier-communautes\/","title":{"rendered":"Le Regard Libre N\u00b0101 | Dossier COMMUNAUTES"},"content":{"rendered":"<p><em>Le Regard Libre<\/em> N\u00b0101 | Dossier COMMUNAUTES<br \/>\nExemplaire papier<br \/>\nEdition de novembre 2023<br \/>\nFormat magazine papier chic<\/p>\n<hr \/>\n<p class=\"p1\"><strong>05<\/strong> | Editorial: Isra\u00ebl-Hamas, les cons sentiments<br \/>\n<strong>07<\/strong> | Ralph M\u00fcller: La politisation de l\u2019Universit\u00e9 de Gen\u00e8ve<br \/>\n<strong>09<\/strong> | En quelques mots: Performance artistique \u2013 Palme d\u2019or \u2013 Ayn Rand<br \/>\n<strong>10<\/strong> | Les raisons taboues de la pouss\u00e9e de l\u2019UDC et de l\u2019\u00e9chec des Verts<br \/>\n<strong>12<\/strong> | Arabie saoudite: le sport comme <i>soft power<br \/>\n<\/i><strong>14<\/strong> | Stefan Zweig, \u00e9crivain tourment\u00e9<br \/>\n<strong>18<\/strong> | Fran\u00e7ois Mauriac tel que nous pouvons encore l\u2019aimer<\/p>\n<p class=\"p2\"><strong>Dossier: Les communaut\u00e9s<\/strong><br \/>\n<strong>22<\/strong> | La nation: l\u2019\u00e9ternel retour<br \/>\n<strong>26<\/strong> | Un monde de micronations<br \/>\n<strong>30<\/strong> | D\u00e9finir le souverainisme<br \/>\n<strong>32<\/strong> | Regards crois\u00e9s sur l\u2019id\u00e9e de souverainisme europ\u00e9en<br \/>\n<strong>34<\/strong> | Voil\u00e0 que les hommes se communautarisent<br \/>\n<strong>36<\/strong> | Les nouveaux dogmes antiracistes<br \/>\n<strong>38<\/strong> | Les clivages identitaires qui traversent la Suisse<br \/>\n<strong>42<\/strong> | Filouteries en Helv\u00e9tie<br \/>\n<strong>44<\/strong> | Le photoreportage de Bernard L\u00e9chot: <i>Navajo nation<\/i><\/p>\n<p class=\"p2\"><strong>Actualit\u00e9s culturelles<\/strong><br \/>\n<strong>52<\/strong> | Dominique A: \u00abMa vision du monde est morcel\u00e9e\u00bb<br \/>\n<strong>56<\/strong> | <i>Second Tour<\/i>: les jumeaux Dupondel Dupontel<br \/>\n<strong>58<\/strong> | B\u00e2le et Martigny se renvoient les \u00e9chos de rugissements picturaux<br \/>\n<strong>61<\/strong> | Les bons baisers de Moscou d\u2019Isabelle Cornaz<br \/>\n<strong>62<\/strong> | <i>Les Injusticiers<\/i>, un roman d\u2019inventaires<br \/>\n<strong>64<\/strong> | Ce qui perdure apr\u00e8s sa mort<\/p>\n<p class=\"p2\"><strong>66<\/strong> | Talon d\u2019abonnement et formulaire de m\u00e9c\u00e9nat<br \/>\n<strong>67<\/strong> | Impressum<br \/>\n<strong>68<\/strong> | Citations<\/p>\n<p class=\"p1\"><a href=\"https:\/\/leregardlibre.sandbox-novadev.ch\/en\/cpt-editions\/le-regard-libre-n100\/\"><em>Vers l\u2019\u00e9dition pr\u00e9c\u00e9dente<\/em><\/a><\/p>","protected":false},"excerpt":{"rendered":"<p>Le Regard Libre N\u00b0101 | Dossier COMMUNAUTES Exemplaire papier Edition de novembre 2023 Format magazine papier chic 05 | Editorial: Isra\u00ebl-Hamas, les cons sentiments 07 | Ralph M\u00fcller: La politisation de l\u2019Universit\u00e9 de Gen\u00e8ve 09 | En quelques mots: Performance [&hellip;]<\/p>","protected":false},"featured_media":521253,"comment_status":"open","ping_status":"closed","template":"","meta":{"_acf_changed":false},"product_brand":[],"product_cat":[1228],"product_tag":[],"class_list":{"0":"post-521250","1":"product","2":"type-product","3":"status-publish","4":"has-post-thumbnail","6":"product_cat-numeros","8":"first","9":"instock","10":"shipping-taxable","11":"purchasable","12":"product-type-variable"},"acf":[],"_links":{"self":[{"href":"https:\/\/leregardlibre.sandbox-novadev.ch\/en\/wp-json\/wp\/v2\/product\/521250","targetHints":{"allow":["GET"]}}],"collection":[{"href":"https:\/\/leregardlibre.sandbox-novadev.ch\/en\/wp-json\/wp\/v2\/product"}],"about":[{"href":"https:\/\/leregardlibre.sandbox-novadev.ch\/en\/wp-json\/wp\/v2\/types\/product"}],"replies":[{"embeddable":true,"href":"https:\/\/leregardlibre.sandbox-novadev.ch\/en\/wp-json\/wp\/v2\/comments?post=521250"}],"wp:featuredmedia":[{"embeddable":true,"href":"https:\/\/leregardlibre.sandbox-novadev.ch\/en\/wp-json\/"}],"wp:attachment":[{"href":"https:\/\/leregardlibre.sandbox-novadev.ch\/en\/wp-json\/wp\/v2\/media?parent=521250"}],"wp:term":[{"taxonomy":"product_brand","embeddable":true,"href":"https:\/\/leregardlibre.sandbox-novadev.ch\/en\/wp-json\/wp\/v2\/product_brand?post=521250"},{"taxonomy":"product_cat","embeddable":true,"href":"https:\/\/leregardlibre.sandbox-novadev.ch\/en\/wp-json\/wp\/v2\/product_cat?post=521250"},{"taxonomy":"product_tag","embeddable":true,"href":"https:\/\/leregardlibre.sandbox-novadev.ch\/en\/wp-json\/wp\/v2\/product_tag?post=521250"}],"curies":[{"name":"wp","href":"https:\/\/api.w.org\/{rel}","templated":true}]}}