{"id":520482,"date":"2023-10-12T18:44:16","date_gmt":"2023-10-12T16:44:16","guid":{"rendered":"https:\/\/leregardlibre.com\/?post_type=product&amp;p=520482"},"modified":"2023-10-12T18:44:16","modified_gmt":"2023-10-12T16:44:16","slug":"le-regard-libre-n100","status":"publish","type":"product","link":"https:\/\/leregardlibre.sandbox-novadev.ch\/en\/product\/le-regard-libre-n100\/","title":{"rendered":"Le Regard Libre N\u00b0100"},"content":{"rendered":"<p><em>Le Regard Libre<\/em> N\u00b0100 | Sp\u00e9cial 100 pages<br \/>\nExemplaire papier<br \/>\nEdition d\u2019octobre 2023<br \/>\nFormat magazine papier chic<\/p>\n<hr \/>\n<p class=\"p1\"><b>05 <\/b>| Editorial: La culture du d\u00e9bat et le d\u00e9bat culturel, toujours et encore<br \/>\n<b>07 <\/b>| Courrier des lecteurs: Credit Suisse aurait pu \u00eatre sauv\u00e9<br \/>\n<b>08 <\/b>| En quelques mots: Sorbonne \u2013 Lampedusa \u2013 Philosophie du vin<br \/>\n<b>10 <\/b>| Stefan Zweig: le regard libre d\u2019un \u00e9crivain maudit (1\/3)<\/p>\n<p class=\"p2\"><b>Dix ans de regards libres<br \/>\n<\/b><b>16 <\/b>| Cent num\u00e9ros et tant d\u2019aventures<br \/>\n<b>24 <\/b>| <span class=\"s1\">T\u00e9moignages de lecteurs: Delphine Gendre, Lionel Hort, Zeynep Ersan, Jean-Jacques Michelet, Laetitia Guinand, Jean-Fran\u00e7ois Braunstein&#8230;<\/span><\/p>\n<p class=\"p2\"><b>La Suisse, aujourd\u2019hui et demain<br \/>\n<\/b><b>44 <\/b>| Pascal Couchepin et Christoph Blocher, le grand d\u00e9bat<br \/>\n<b>52 <\/b>| Pierre-Yves Maillard: \u00abIl y a une forte demande sociale en Suisse\u00bb<\/p>\n<p class=\"p2\"><b>La d\u00e9cennie 2014-2023<br \/>\n<\/b><b>64 <\/b>| Une d\u00e9cennie occidentale sous le signe de la d\u00e9construction<br \/>\n<b>67 <\/b>| Le danger d\u2019une Suisse qui se repose sur ses lauriers<br \/>\n<b>68 <\/b>| La transformation des m\u00e9dias sous l\u2019influence du num\u00e9rique<br \/>\n<b>70 <\/b>| La musique mise au diapason du <i>streaming<br \/>\n<\/i><b>72 <\/b>| Testost\u00e9rone: en dix ans, l\u2019athl\u00e9tisme a \u00e9volu\u00e9 \u00e0 contre-courant<br \/>\n<b>76 <\/b>| La renaissance de Notre-Dame de Paris sous l\u2019\u0153il du photoreporter<\/p>\n<p class=\"p2\"><b>Actualit\u00e9 de la litt\u00e9rature helv\u00e9tique<br \/>\n<\/b><b>84 <\/b>| <i>La Chasse au Cerf<\/i> de Romain Deblu\u00eb: les bonnes feuilles<br \/>\n<b>91 <\/b>| Le retour finement dr\u00f4le et dr\u00f4lement fin de Laure Mi Hyun Croset<br \/>\n<b>92 <\/b>| Un t\u00eate-\u00e0-t\u00eate sororal dans le nouveau roman d\u2019Elisa Shua Dusapin<br \/>\n<b>94 <\/b>| Peter Stamm: \u00abLa fiction vole un peu la vie\u00bb<br \/>\n<b><\/b><\/p>\n<p class=\"p2\"><b>98 <\/b>| Talon d\u2019abonnement et formulaire de m\u00e9c\u00e9nat<br \/>\n<b>99 <\/b>| Impressum<\/p>\n<p class=\"p1\"><a href=\"https:\/\/leregardlibre.sandbox-novadev.ch\/en\/cpt-editions\/le-regard-libre-n99-dossier-drogue\/\"><em>Vers l\u2019\u00e9dition pr\u00e9c\u00e9dente<\/em><\/a><\/p>","protected":false},"excerpt":{"rendered":"<p>Le Regard Libre N\u00b0100 | Sp\u00e9cial 100 pages Exemplaire papier Edition d\u2019octobre 2023 Format magazine papier chic 05 | Editorial: La culture du d\u00e9bat et le d\u00e9bat culturel, toujours et encore 07 | Courrier des lecteurs: Credit Suisse aurait pu [&hellip;]<\/p>","protected":false},"featured_media":520485,"comment_status":"open","ping_status":"closed","template":"","meta":{"_acf_changed":false},"product_brand":[],"product_cat":[1228],"product_tag":[],"class_list":{"0":"post-520482","1":"product","2":"type-product","3":"status-publish","4":"has-post-thumbnail","6":"product_cat-numeros","8":"first","9":"instock","10":"shipping-taxable","11":"purchasable","12":"product-type-variable"},"acf":[],"_links":{"self":[{"href":"https:\/\/leregardlibre.sandbox-novadev.ch\/en\/wp-json\/wp\/v2\/product\/520482","targetHints":{"allow":["GET"]}}],"collection":[{"href":"https:\/\/leregardlibre.sandbox-novadev.ch\/en\/wp-json\/wp\/v2\/product"}],"about":[{"href":"https:\/\/leregardlibre.sandbox-novadev.ch\/en\/wp-json\/wp\/v2\/types\/product"}],"replies":[{"embeddable":true,"href":"https:\/\/leregardlibre.sandbox-novadev.ch\/en\/wp-json\/wp\/v2\/comments?post=520482"}],"wp:featuredmedia":[{"embeddable":true,"href":"https:\/\/leregardlibre.sandbox-novadev.ch\/en\/wp-json\/"}],"wp:attachment":[{"href":"https:\/\/leregardlibre.sandbox-novadev.ch\/en\/wp-json\/wp\/v2\/media?parent=520482"}],"wp:term":[{"taxonomy":"product_brand","embeddable":true,"href":"https:\/\/leregardlibre.sandbox-novadev.ch\/en\/wp-json\/wp\/v2\/product_brand?post=520482"},{"taxonomy":"product_cat","embeddable":true,"href":"https:\/\/leregardlibre.sandbox-novadev.ch\/en\/wp-json\/wp\/v2\/product_cat?post=520482"},{"taxonomy":"product_tag","embeddable":true,"href":"https:\/\/leregardlibre.sandbox-novadev.ch\/en\/wp-json\/wp\/v2\/product_tag?post=520482"}],"curies":[{"name":"wp","href":"https:\/\/api.w.org\/{rel}","templated":true}]}}