{"id":519936,"date":"2023-09-10T11:19:45","date_gmt":"2023-09-10T09:19:45","guid":{"rendered":"https:\/\/leregardlibre.com\/?post_type=product&amp;p=519936"},"modified":"2023-09-10T11:19:45","modified_gmt":"2023-09-10T09:19:45","slug":"le-regard-libre-n99-dossier-drogue","status":"publish","type":"product","link":"https:\/\/leregardlibre.sandbox-novadev.ch\/en\/product\/le-regard-libre-n99-dossier-drogue\/","title":{"rendered":"Le Regard Libre N\u00b099 | Dossier DROGUE"},"content":{"rendered":"<p><em>Le Regard Libre<\/em> N\u00b099 | Dossier DROGUE<br \/>\nExemplaire papier<br \/>\nEdition de septembre 2023<br \/>\nFormat magazine papier chic (68 pages)<\/p>\n<hr \/>\n<p class=\"p1\"><b>05 <\/b>| Editorial: Face \u00e0 la drague de la drogue, le go\u00fbt du go\u00fbt<br \/>\n<b>07 <\/b>| Quentin Mouron: \u00abLe po\u00e8te pleure quand le publicitaire chouine\u00bb<br \/>\n<b>09 <\/b>| En quelques mots: un roman d\u2019espionnage et un hommage m\u00e9diatique<br \/>\n<b>10 <\/b>| Le Sud global, ses contradictions et les le\u00e7ons pour l\u2019Occident<br \/>\n<b>12 <\/b>| Quand l\u2019argent public profite \u00e0 des collectifs d\u2019extr\u00eame gauche<br \/>\n<b>14 <\/b>| <i>Drag queen<\/i> pour enfant: une performance dans l\u2019air du temps<\/p>\n<p class=\"p2\"><b>Dossier: La drogue<br \/>\n<\/b><b>20 <\/b>| L\u00e9galiser le cannabis, et comment! Mais\u2026 comment?<br \/>\n<b>23 <\/b>| Ces chansons fran\u00e7aises qui \u00e9voquent l\u2019enfer de la dope<br \/>\n<b>24 <\/b>| Coca\u00efne: \u00abBerne a un r\u00f4le de leader dans la politique de la drogue\u00bb<br \/>\n<b>28 <\/b>| Lib\u00e9ralisme et l\u00e9galisation des drogues<br \/>\n<b>30 <\/b>| Au Moyen-Orient, la mal\u00e9diction de l\u2019addiction<br \/>\n<b>32 <\/b>| La drogue, un classique des guerres<br \/>\n<b>34 <\/b>| T\u00e9moignage: \u00abCette innocente petite goutte de LSD&#8230;\u00bb<br \/>\n<b>40 <\/b>| Michael Shellenberger: \u00abNous nous sommes perdus dans un r\u00eave\u00bb<\/p>\n<p class=\"p2\"><b>Actualit\u00e9s culturelles<br \/>\n<\/b><b>46 <\/b>| Marie-H\u00e9l\u00e8ne Miauton: \u00abL\u2019Homme a \u00e9t\u00e9 cr\u00e9\u00e9 pour admirer la nature\u00bb<br \/>\n<b>50 <\/b>| <i>Mars<\/i>, la derni\u00e8re col\u00e8re d\u2019un jeune Zurichois<br \/>\n<b>52 <\/b>| <i>La Cit\u00e9 des r\u00eaves<\/i>, l\u2019anti-polar<br \/>\n<b>54 <\/b>| Un r\u00e9cit en patchwork pour remonter aux ann\u00e9es sida en Suisse<br \/>\n<b>56 <\/b>| Sur les pas de J\u00e9sus avec Eric-Emmanuel Schmitt<br \/>\n<b>58 <\/b>| Un exil neuch\u00e2telois vers les petites magouilles parisiennes<\/p>\n<p class=\"p3\"><b>Les rendez-vous de fin de magazine<br \/>\n<\/b><b>60 <\/b>| Le photoreportage de Bernard L\u00e9chot: <i>Piq\u00fbre de rappel<br \/>\n<\/i><b>66 <\/b>| Talon d\u2019abonnement et formulaire de m\u00e9c\u00e9nat<br \/>\n<b>67 <\/b>| Impressum<br \/>\n<b>68 <\/b>| Citations<\/p>\n<p class=\"p1\"><a href=\"https:\/\/leregardlibre.sandbox-novadev.ch\/en\/cpt-editions\/le-regard-libre-n98-dossier-infantilisation\/\"><em>Vers l\u2019\u00e9dition pr\u00e9c\u00e9dente<\/em><\/a><\/p>","protected":false},"excerpt":{"rendered":"<p>Le Regard Libre N\u00b099 | Dossier DROGUE Exemplaire papier Edition de septembre 2023 Format magazine papier chic (68 pages) 05 | Editorial: Face \u00e0 la drague de la drogue, le go\u00fbt du go\u00fbt 07 | Quentin Mouron: \u00abLe po\u00e8te pleure [&hellip;]<\/p>","protected":false},"featured_media":519939,"comment_status":"open","ping_status":"closed","template":"","meta":{"_acf_changed":false},"product_brand":[],"product_cat":[1228],"product_tag":[],"class_list":{"0":"post-519936","1":"product","2":"type-product","3":"status-publish","4":"has-post-thumbnail","6":"product_cat-numeros","8":"first","9":"instock","10":"shipping-taxable","11":"purchasable","12":"product-type-variable"},"acf":[],"_links":{"self":[{"href":"https:\/\/leregardlibre.sandbox-novadev.ch\/en\/wp-json\/wp\/v2\/product\/519936","targetHints":{"allow":["GET"]}}],"collection":[{"href":"https:\/\/leregardlibre.sandbox-novadev.ch\/en\/wp-json\/wp\/v2\/product"}],"about":[{"href":"https:\/\/leregardlibre.sandbox-novadev.ch\/en\/wp-json\/wp\/v2\/types\/product"}],"replies":[{"embeddable":true,"href":"https:\/\/leregardlibre.sandbox-novadev.ch\/en\/wp-json\/wp\/v2\/comments?post=519936"}],"wp:featuredmedia":[{"embeddable":true,"href":"https:\/\/leregardlibre.sandbox-novadev.ch\/en\/wp-json\/"}],"wp:attachment":[{"href":"https:\/\/leregardlibre.sandbox-novadev.ch\/en\/wp-json\/wp\/v2\/media?parent=519936"}],"wp:term":[{"taxonomy":"product_brand","embeddable":true,"href":"https:\/\/leregardlibre.sandbox-novadev.ch\/en\/wp-json\/wp\/v2\/product_brand?post=519936"},{"taxonomy":"product_cat","embeddable":true,"href":"https:\/\/leregardlibre.sandbox-novadev.ch\/en\/wp-json\/wp\/v2\/product_cat?post=519936"},{"taxonomy":"product_tag","embeddable":true,"href":"https:\/\/leregardlibre.sandbox-novadev.ch\/en\/wp-json\/wp\/v2\/product_tag?post=519936"}],"curies":[{"name":"wp","href":"https:\/\/api.w.org\/{rel}","templated":true}]}}