{"id":519157,"date":"2023-07-18T09:33:10","date_gmt":"2023-07-18T07:33:10","guid":{"rendered":"https:\/\/leregardlibre.com\/?post_type=product&amp;p=519157"},"modified":"2023-07-18T09:33:10","modified_gmt":"2023-07-18T07:33:10","slug":"le-regard-libre-n98-dossier-infantilisation","status":"publish","type":"product","link":"https:\/\/leregardlibre.sandbox-novadev.ch\/en\/product\/le-regard-libre-n98-dossier-infantilisation\/","title":{"rendered":"Le Regard Libre N\u00b098 | Dossier INFANTILISATION"},"content":{"rendered":"<p><em>Le Regard Libre<\/em> N\u00b098 | Dossier INFANTILISATION<br \/>\nExemplaire papier<br \/>\nEdition de juillet 2023<br \/>\nFormat magazine papier chic (68 pages)<\/p>\n<hr \/>\n<p class=\"p1\"><b>05 <\/b>| Editorial: Etre vieux sans \u00eatre adulte ou \u00eatre adulte sans \u00eatre vieux?<br \/>\n<b>07 <\/b>| <span class=\"s1\">Au Liban avec Sophie Woeldgen: Ce que signifie un territoire sans Etat<br \/>\n<\/span><b>09 <\/b>| Rat\u00e9s culturels: Julien Gracq et Myl\u00e8ne Farmer<br \/>\n<b>10 <\/b>| Activisme climatique ill\u00e9gal: vaincre sans convaincre<br \/>\n<b>12 <\/b>| La Chine, nouveau centre de gravit\u00e9 mondial?<br \/>\n<b>14 <\/b>| Turquie: une politique ext\u00e9rieure complexe<br \/>\n<b>18 <\/b>| Le poids de l\u2019Etat en Suisse n\u2019est pas si faible qu\u2019on le pense<\/p>\n<p class=\"p2\"><b>Dossier: L\u2019infantilisation<br \/>\n<\/b><b>22 <\/b>| Infantilisation: \u00e0 qui la faute?<br \/>\n<b>24 <\/b>| La face sombre de l\u2019appel \u00e0 la responsabilit\u00e9<br \/>\n<b>26 <\/b>| Vers une <i>gamification<\/i> de tout?<br \/>\n<b>28 <\/b>| Bienveillance enfantine: dix exemples en un jour<br \/>\n<b>30 <\/b>| L\u2019infantilisation de la femme<\/p>\n<p class=\"p2\"><b>Actualit\u00e9s culturelles<br \/>\n<\/b><b>36 <\/b>| <i>Le Grand Monde<\/i>, une glorieuse saga<br \/>\n<b>39 <\/b>| Joyce Maynard, le bagne du bonheur<br \/>\n<b>40 <\/b>| Lugon, Gleyre et Sappho, dans le galbe du texte<br \/>\n<b>42 <\/b>| Les plaies ouvertes d\u2019un deuil entre Moscou et la Sib\u00e9rie<br \/>\n<b>44 <\/b>| Mourad Winter, c\u2019est un mec bien?<br \/>\n<b>46 <\/b>| Lire ou ne pas lire Bruno Le Maire?<br \/>\n<b>50 <\/b>| <i>Nouvelle Ecole<\/i>: m\u00eame refrain<\/p>\n<p class=\"p3\"><b>Les rendez-vous de fin de magazine<br \/>\n<\/b><b>52 <\/b>| <span class=\"s2\">Sport: Ancienne \u00e9curie de Formule E, Venturi vise d\u00e9sormais la Lune<br \/>\n<\/span><b>60 <\/b>| Le photoreportage de Bernard L\u00e9chot: Grandes vacances<br \/>\n<b>66 <\/b>| Talon d\u2019abonnement et formulaire de m\u00e9c\u00e9nat<br \/>\n<b>67 <\/b>| Impressum<br \/>\n<b>68 <\/b>| Citations<\/p>\n<p class=\"p1\"><a href=\"https:\/\/leregardlibre.sandbox-novadev.ch\/en\/cpt-editions\/le-regard-libre-n97-dossier-federales-2023\/\"><em>Vers l\u2019\u00e9dition pr\u00e9c\u00e9dente<\/em><\/a><\/p>","protected":false},"excerpt":{"rendered":"<p>Le Regard Libre N\u00b098 | Dossier INFANTILISATION Exemplaire papier Edition de juillet 2023 Format magazine papier chic (68 pages) 05 | Editorial: Etre vieux sans \u00eatre adulte ou \u00eatre adulte sans \u00eatre vieux? 07 | Au Liban avec Sophie Woeldgen: [&hellip;]<\/p>","protected":false},"featured_media":519168,"comment_status":"open","ping_status":"closed","template":"","meta":{"_acf_changed":false},"product_brand":[],"product_cat":[1228],"product_tag":[],"class_list":{"0":"post-519157","1":"product","2":"type-product","3":"status-publish","4":"has-post-thumbnail","6":"product_cat-numeros","8":"first","9":"instock","10":"shipping-taxable","11":"purchasable","12":"product-type-variable"},"acf":[],"_links":{"self":[{"href":"https:\/\/leregardlibre.sandbox-novadev.ch\/en\/wp-json\/wp\/v2\/product\/519157","targetHints":{"allow":["GET"]}}],"collection":[{"href":"https:\/\/leregardlibre.sandbox-novadev.ch\/en\/wp-json\/wp\/v2\/product"}],"about":[{"href":"https:\/\/leregardlibre.sandbox-novadev.ch\/en\/wp-json\/wp\/v2\/types\/product"}],"replies":[{"embeddable":true,"href":"https:\/\/leregardlibre.sandbox-novadev.ch\/en\/wp-json\/wp\/v2\/comments?post=519157"}],"wp:featuredmedia":[{"embeddable":true,"href":"https:\/\/leregardlibre.sandbox-novadev.ch\/en\/wp-json\/"}],"wp:attachment":[{"href":"https:\/\/leregardlibre.sandbox-novadev.ch\/en\/wp-json\/wp\/v2\/media?parent=519157"}],"wp:term":[{"taxonomy":"product_brand","embeddable":true,"href":"https:\/\/leregardlibre.sandbox-novadev.ch\/en\/wp-json\/wp\/v2\/product_brand?post=519157"},{"taxonomy":"product_cat","embeddable":true,"href":"https:\/\/leregardlibre.sandbox-novadev.ch\/en\/wp-json\/wp\/v2\/product_cat?post=519157"},{"taxonomy":"product_tag","embeddable":true,"href":"https:\/\/leregardlibre.sandbox-novadev.ch\/en\/wp-json\/wp\/v2\/product_tag?post=519157"}],"curies":[{"name":"wp","href":"https:\/\/api.w.org\/{rel}","templated":true}]}}