{"id":518627,"date":"2023-06-09T22:39:31","date_gmt":"2023-06-09T20:39:31","guid":{"rendered":"https:\/\/leregardlibre.com\/?post_type=product&amp;p=518627"},"modified":"2023-06-09T22:39:31","modified_gmt":"2023-06-09T20:39:31","slug":"le-regard-libre-no97-dossier-federales-2023","status":"publish","type":"product","link":"https:\/\/leregardlibre.sandbox-novadev.ch\/en\/product\/le-regard-libre-no97-dossier-federales-2023\/","title":{"rendered":"Le Regard Libre N\u00ba97 | Dossier FEDERALES 2023"},"content":{"rendered":"<p><em>Le Regard Libre<\/em> N\u00b097 | Dossier FEDERALES 2023<br \/>\nExemplaire papier<br \/>\nEdition de juin 2023<br \/>\nFormat magazine papier chic (68 pages)<\/p>\n<hr \/>\n<p class=\"p1\"><b>05 <\/b>| Editorial: Les deux faces du pragmatisme suisse<br \/>\n<b>07 <\/b>| La cartouche de Ralph M\u00fcller: ChatGPT et la dignit\u00e9 humaine<br \/>\n<b>08 <\/b>| <span class=\"s1\">Les futurs inaboutis (3\/3): La poign\u00e9e de main manqu\u00e9e sur le Pacifique<br \/>\n<\/span><b>12 <\/b>| Le PSG contre la mairie: les coulisses d\u2019un bras de fer<br \/>\n<b>14 <\/b>| \u00abJe n\u2019ai rien \u00e0 cacher\u00bb: critique d\u2019un argument fallacieux<br \/>\n<b>16 <\/b>| \u00abLe racisme en Suisse existe, le racisme syst\u00e9mique n\u2019existe pas\u00bb<br \/>\n<b>20 <\/b>| <span class=\"s2\">Jean-Louis Thi\u00e9riot: \u00abThatcher fut une bou\u00e9e de sauvetage intellectuelle\u00bb<\/span><\/p>\n<p class=\"p2\"><b>Dossier: Les \u00e9lections f\u00e9d\u00e9rales dans le viseur<br \/>\n<\/b><b>28 <\/b>| Partis politiques suisses: une continuit\u00e9 historique dans la diversit\u00e9<br \/>\n<b>32 <\/b>| Alain Rebetez: \u00abJe suis pass\u00e9 d\u2019un th\u00e9\u00e2tre politique \u00e0 un autre\u00bb<br \/>\n<b>38 <\/b>| Progressistes ou conservateurs?<br \/>\n<b>40 <\/b>| L\u2019av\u00e8nement du B\u00fcnzli de gauche<\/p>\n<p class=\"p2\"><b>Actualit\u00e9s culturelles<br \/>\n<\/b><b>46 <\/b>| Eug\u00e8ne, conteur in\u00e9narrable<br \/>\n<b>52 <\/b>| Bret Easton Ellis, le plus grand auteur am\u00e9ricain vivant?<br \/>\n<b>56 <\/b>| Faut-il assassiner Poutine? Telle est la question (litt\u00e9raire)<br \/>\n<b>58 <\/b>| L\u2019Europe et l\u2019art islamique \u00e0 l\u2019honneur \u00e0 Z\u00fcrich<\/p>\n<p class=\"p3\"><b>Les rendez-vous de fin de magazine<br \/>\n<\/b><b>60 <\/b>| Sport: A Petit-Couronne, au c\u0153ur de l\u2019\u00e9lan de solidarit\u00e9 olympique<br \/>\n<b>66 <\/b>| Talon d\u2019abonnement et formulaire de m\u00e9c\u00e9nat<br \/>\n<b>67 <\/b>| Impressum<br \/>\n<b>68 <\/b>| Citations<\/p>\n<p class=\"p1\"><a href=\"https:\/\/leregardlibre.sandbox-novadev.ch\/en\/cpt-editions\/le-regard-libre-n96-dossier-neutralite\/\"><em>Vers l\u2019\u00e9dition pr\u00e9c\u00e9dente<\/em><\/a><\/p>","protected":false},"excerpt":{"rendered":"<p>Le Regard Libre N\u00b097 | Dossier FEDERALES 2023 Exemplaire papier Edition de juin 2023 Format magazine papier chic (68 pages) 05 | Editorial: Les deux faces du pragmatisme suisse 07 | La cartouche de Ralph M\u00fcller: ChatGPT et la dignit\u00e9 [&hellip;]<\/p>","protected":false},"featured_media":518630,"comment_status":"open","ping_status":"closed","template":"","meta":{"_acf_changed":false},"product_brand":[],"product_cat":[1228],"product_tag":[],"class_list":{"0":"post-518627","1":"product","2":"type-product","3":"status-publish","4":"has-post-thumbnail","6":"product_cat-numeros","8":"first","9":"instock","10":"shipping-taxable","11":"purchasable","12":"product-type-variable"},"acf":[],"_links":{"self":[{"href":"https:\/\/leregardlibre.sandbox-novadev.ch\/en\/wp-json\/wp\/v2\/product\/518627","targetHints":{"allow":["GET"]}}],"collection":[{"href":"https:\/\/leregardlibre.sandbox-novadev.ch\/en\/wp-json\/wp\/v2\/product"}],"about":[{"href":"https:\/\/leregardlibre.sandbox-novadev.ch\/en\/wp-json\/wp\/v2\/types\/product"}],"replies":[{"embeddable":true,"href":"https:\/\/leregardlibre.sandbox-novadev.ch\/en\/wp-json\/wp\/v2\/comments?post=518627"}],"wp:featuredmedia":[{"embeddable":true,"href":"https:\/\/leregardlibre.sandbox-novadev.ch\/en\/wp-json\/"}],"wp:attachment":[{"href":"https:\/\/leregardlibre.sandbox-novadev.ch\/en\/wp-json\/wp\/v2\/media?parent=518627"}],"wp:term":[{"taxonomy":"product_brand","embeddable":true,"href":"https:\/\/leregardlibre.sandbox-novadev.ch\/en\/wp-json\/wp\/v2\/product_brand?post=518627"},{"taxonomy":"product_cat","embeddable":true,"href":"https:\/\/leregardlibre.sandbox-novadev.ch\/en\/wp-json\/wp\/v2\/product_cat?post=518627"},{"taxonomy":"product_tag","embeddable":true,"href":"https:\/\/leregardlibre.sandbox-novadev.ch\/en\/wp-json\/wp\/v2\/product_tag?post=518627"}],"curies":[{"name":"wp","href":"https:\/\/api.w.org\/{rel}","templated":true}]}}