{"id":518026,"date":"2023-05-07T19:49:29","date_gmt":"2023-05-07T17:49:29","guid":{"rendered":"https:\/\/leregardlibre.com\/?post_type=product&amp;p=518026"},"modified":"2023-05-07T19:49:29","modified_gmt":"2023-05-07T17:49:29","slug":"le-regard-libre-no96-dossier-neutralite","status":"publish","type":"product","link":"https:\/\/leregardlibre.sandbox-novadev.ch\/en\/product\/le-regard-libre-no96-dossier-neutralite\/","title":{"rendered":"Le Regard Libre N\u00ba96 | Dossier NEUTRALITE"},"content":{"rendered":"<p><em>Le Regard Libre<\/em> N\u00b096 | Dossier NEUTRALITE<br \/>\nExemplaire papier<br \/>\nEdition de mai 2023<br \/>\nFormat magazine papier chic (68 pages)<\/p>\n<hr \/>\n<p class=\"p1\"><b>05 <\/b>| Editorial: <i>Le Regard Libre<\/i>, bilan interm\u00e9diaire<br \/>\n<b>07 <\/b>| Le monde selon Quentin Mouron: Annie Ernaux contre le n\u00e9ant<br \/>\n<b>08 <\/b>| <span class=\"s1\">Pierre Manent: \u00abLe souci obs\u00e9dant du corps a succ\u00e9d\u00e9 au souci de l\u2019\u00e2me\u00bb<br \/>\n<\/span><b>16 <\/b>| Les futurs inaboutis (2\/3): La fin de l\u2019histoire, un pari perdu?<\/p>\n<p class=\"p2\"><b>Dossier: La neutralit\u00e9 suisse \u00e0 l\u2019\u00e9preuve de la guerre en Ukraine<br \/>\n<\/b><b>22 <\/b>| Ir\u00e8ne Herrmann: \u00abLa neutralit\u00e9 suisse est \u00e0 g\u00e9om\u00e9trie variable\u00bb<br \/>\n<b>26 <\/b>| Olivier Meuwly: \u00abUn moyen, pas une fin en soi\u00bb<br \/>\n<b>29 <\/b>| Robert Nef: \u00abLa neutralit\u00e9 arm\u00e9e est une offrande de paix\u00bb<br \/>\n<b>32 <\/b>| <span class=\"s2\">Bernhard Altermatt: \u00abLes peines de la Suisse avec la guerre en Ukraine\u00bb<br \/>\n<\/span><b>36 <\/b>| Neutralit\u00e9: renoncer sans y renoncer<br \/>\n<b>38 <\/b>| La vraie-fausse neutralit\u00e9 de la diplomatie vaticane<\/p>\n<p class=\"p2\"><b>Actualit\u00e9s culturelles<br \/>\n<\/b><b>44 <\/b>| Le simple d\u00e9sir de durer<br \/>\n<b>46 <\/b>| De <i>Fonte brute<\/i> aux <i>Jardins de Basra<\/i>, dans les souvenirs ali\u00e9n\u00e9s<br \/>\n<b>48 <\/b>| <i>Jill<\/i>: pour une nuance radicale<br \/>\n<b>50 <\/b>| Le n\u00e9cessaire et le superflu: l\u2019aventure du commentaire<\/p>\n<p class=\"p3\"><b>Les rendez-vous de fin de magazine<br \/>\n<\/b><b>54 <\/b>| Les d\u00e9fis pos\u00e9s par les nouvelles IA ne sont pas totalement in\u00e9dits<br \/>\n<b>60 <\/b>| Le photoreportage de Bernard L\u00e9chot: Les fant\u00f4mes de Camaret<br \/>\n<b>66 <\/b>| Talon d\u2019abonnement et formulaire de m\u00e9c\u00e9nat<br \/>\n<b>67 <\/b>| Impressum<br \/>\n<b>68 <\/b>| Citations<\/p>\n<p class=\"p1\"><a href=\"https:\/\/leregardlibre.sandbox-novadev.ch\/en\/cpt-editions\/le-regard-libre-n95-dossier-wokisme\/\"><em>Vers l\u2019\u00e9dition pr\u00e9c\u00e9dente<\/em><\/a><\/p>","protected":false},"excerpt":{"rendered":"<p>Le Regard Libre N\u00b096 | Dossier NEUTRALITE Exemplaire papier Edition de mai 2023 Format magazine papier chic (68 pages) 05 | Editorial: Le Regard Libre, bilan interm\u00e9diaire 07 | Le monde selon Quentin Mouron: Annie Ernaux contre le n\u00e9ant 08 [&hellip;]<\/p>","protected":false},"featured_media":518166,"comment_status":"open","ping_status":"closed","template":"","meta":{"_acf_changed":false},"product_brand":[],"product_cat":[1228],"product_tag":[],"class_list":{"0":"post-518026","1":"product","2":"type-product","3":"status-publish","4":"has-post-thumbnail","6":"product_cat-numeros","8":"first","9":"instock","10":"shipping-taxable","11":"purchasable","12":"product-type-variable"},"acf":[],"_links":{"self":[{"href":"https:\/\/leregardlibre.sandbox-novadev.ch\/en\/wp-json\/wp\/v2\/product\/518026","targetHints":{"allow":["GET"]}}],"collection":[{"href":"https:\/\/leregardlibre.sandbox-novadev.ch\/en\/wp-json\/wp\/v2\/product"}],"about":[{"href":"https:\/\/leregardlibre.sandbox-novadev.ch\/en\/wp-json\/wp\/v2\/types\/product"}],"replies":[{"embeddable":true,"href":"https:\/\/leregardlibre.sandbox-novadev.ch\/en\/wp-json\/wp\/v2\/comments?post=518026"}],"wp:featuredmedia":[{"embeddable":true,"href":"https:\/\/leregardlibre.sandbox-novadev.ch\/en\/wp-json\/"}],"wp:attachment":[{"href":"https:\/\/leregardlibre.sandbox-novadev.ch\/en\/wp-json\/wp\/v2\/media?parent=518026"}],"wp:term":[{"taxonomy":"product_brand","embeddable":true,"href":"https:\/\/leregardlibre.sandbox-novadev.ch\/en\/wp-json\/wp\/v2\/product_brand?post=518026"},{"taxonomy":"product_cat","embeddable":true,"href":"https:\/\/leregardlibre.sandbox-novadev.ch\/en\/wp-json\/wp\/v2\/product_cat?post=518026"},{"taxonomy":"product_tag","embeddable":true,"href":"https:\/\/leregardlibre.sandbox-novadev.ch\/en\/wp-json\/wp\/v2\/product_tag?post=518026"}],"curies":[{"name":"wp","href":"https:\/\/api.w.org\/{rel}","templated":true}]}}