{"id":517477,"date":"2023-04-14T11:53:57","date_gmt":"2023-04-14T09:53:57","guid":{"rendered":"https:\/\/leregardlibre.com\/?post_type=product&amp;p=517477"},"modified":"2023-04-14T11:53:57","modified_gmt":"2023-04-14T09:53:57","slug":"le-regard-libre-no95-dossier-wokisme","status":"publish","type":"product","link":"https:\/\/leregardlibre.sandbox-novadev.ch\/en\/product\/le-regard-libre-no95-dossier-wokisme\/","title":{"rendered":"Le Regard Libre N\u00ba95 | Dossier WOKISME"},"content":{"rendered":"<p><em>Le Regard Libre<\/em> N\u00b095 | Dossier WOKISME<br \/>\nExemplaire papier<br \/>\nEdition d\u2019avril 2023<br \/>\nFormat magazine papier chic (68 pages)<\/p>\n<hr \/>\n<p class=\"p1\"><b>05 <\/b>| Croisade anti-woke \u00e0 l\u2019UDC: un coup habile<br \/>\n<b>07 <\/b>| La lecture de Pascal Couchepin: <i>L\u2019Anabase<\/i> de X\u00e9nophon<br \/>\n<b>08 <\/b>| <i>Le Regard Libre<\/i> f\u00eatera bient\u00f4t ses dix ans<br \/>\n<b>09 <\/b>| <span class=\"s1\">Credit Suisse: le Conseil f\u00e9d\u00e9ral ne s\u2019embarrasse pas de l\u2019Etat de droit<br \/>\n<\/span><b>12 <\/b>| Les futurs inaboutis (1\/3): L\u2019invasion sovi\u00e9tique de l\u2019OTAN<br \/>\n<b>16 <\/b>| Comment concilier lib\u00e9ralisme et \u00e9ducation, d\u2019apr\u00e8s Olivier Massin<\/p>\n<p class=\"p2\"><b>Dossier: Wokisme, mais encore?<br \/>\n<\/b><b>20 <\/b>| Jean-Fran\u00e7ois Braunstein et la religion woke \u00e0 Gen\u00e8ve<br \/>\n<b>26 <\/b>| 72 nuances de genre<br \/>\n<b>29 <\/b>| Un entrisme \u00abwoke\u00bb dans l\u2019UE?<br \/>\n<b>32 <\/b>| Marxisme, wokisme, rien \u00e0 voir<br \/>\n<b>34 <\/b>| Critique lib\u00e9rale du wokisme<br \/>\n<b>36 <\/b>| D\u00e9transition: les langues se d\u00e9lient<br \/>\n<b>38 <\/b>| David de Pury, esclave de notre temps?<br \/>\n<b>40 <\/b>| \u00abEn se m\u00ealant au capitalisme, le wokisme est devenu inarr\u00eatable\u00bb<\/p>\n<p class=\"p2\"><b>Actualit\u00e9s culturelles<br \/>\n<\/b><b>46 <\/b>| <i>Extraordinary<\/i>, une s\u00e9rie qui sort du commun<br \/>\n<b>48 <\/b>| Plong\u00e9e au c\u0153ur d\u2019Harlem avec Colson Whitehead<br \/>\n<b>50 <\/b>| <i>Pouvoir<\/i>: quand la testost\u00e9rone \u00e9moustille prolos et intellos<br \/>\n<strong>52<\/strong> | La Belle Epoque et les Ann\u00e9es folles, enchantement litt\u00e9raire<\/p>\n<p class=\"p3\"><b>Les rendez-vous de fin de magazine<br \/>\n<\/b><b>54 <\/b>| Le Rwanda toujours plus sur la carte de l\u2019Afrique, gr\u00e2ce au judo<br \/>\n<b>62 <\/b>| <i>Le retour<\/i>, roman d\u2019Elliot\u00a0Mazzella: dernier \u00e9pisode<br \/>\n<b>66 <\/b>| Talon d\u2019abonnement et formulaire de m\u00e9c\u00e9nat<br \/>\n<b>67 <\/b>| Impressum<br \/>\n<b>68 <\/b>| Citations<\/p>\n<p class=\"p1\"><a href=\"https:\/\/leregardlibre.sandbox-novadev.ch\/en\/cpt-editions\/le-regard-libre-n94-dossier-ecole\/\"><em>Vers l\u2019\u00e9dition pr\u00e9c\u00e9dente<\/em><\/a><\/p>","protected":false},"excerpt":{"rendered":"<p>Le Regard Libre N\u00b095 | Dossier WOKISME Exemplaire papier Edition d\u2019avril 2023 Format magazine papier chic (68 pages) 05 | Croisade anti-woke \u00e0 l\u2019UDC: un coup habile 07 | La lecture de Pascal Couchepin: L\u2019Anabase de X\u00e9nophon 08 | Le [&hellip;]<\/p>","protected":false},"featured_media":517480,"comment_status":"open","ping_status":"closed","template":"","meta":{"_acf_changed":false},"product_brand":[],"product_cat":[1228],"product_tag":[],"class_list":{"0":"post-517477","1":"product","2":"type-product","3":"status-publish","4":"has-post-thumbnail","6":"product_cat-numeros","8":"first","9":"instock","10":"shipping-taxable","11":"purchasable","12":"product-type-variable"},"acf":[],"_links":{"self":[{"href":"https:\/\/leregardlibre.sandbox-novadev.ch\/en\/wp-json\/wp\/v2\/product\/517477","targetHints":{"allow":["GET"]}}],"collection":[{"href":"https:\/\/leregardlibre.sandbox-novadev.ch\/en\/wp-json\/wp\/v2\/product"}],"about":[{"href":"https:\/\/leregardlibre.sandbox-novadev.ch\/en\/wp-json\/wp\/v2\/types\/product"}],"replies":[{"embeddable":true,"href":"https:\/\/leregardlibre.sandbox-novadev.ch\/en\/wp-json\/wp\/v2\/comments?post=517477"}],"wp:featuredmedia":[{"embeddable":true,"href":"https:\/\/leregardlibre.sandbox-novadev.ch\/en\/wp-json\/"}],"wp:attachment":[{"href":"https:\/\/leregardlibre.sandbox-novadev.ch\/en\/wp-json\/wp\/v2\/media?parent=517477"}],"wp:term":[{"taxonomy":"product_brand","embeddable":true,"href":"https:\/\/leregardlibre.sandbox-novadev.ch\/en\/wp-json\/wp\/v2\/product_brand?post=517477"},{"taxonomy":"product_cat","embeddable":true,"href":"https:\/\/leregardlibre.sandbox-novadev.ch\/en\/wp-json\/wp\/v2\/product_cat?post=517477"},{"taxonomy":"product_tag","embeddable":true,"href":"https:\/\/leregardlibre.sandbox-novadev.ch\/en\/wp-json\/wp\/v2\/product_tag?post=517477"}],"curies":[{"name":"wp","href":"https:\/\/api.w.org\/{rel}","templated":true}]}}