{"id":516701,"date":"2023-03-05T22:18:44","date_gmt":"2023-03-05T21:18:44","guid":{"rendered":"https:\/\/leregardlibre.com\/?post_type=product&amp;p=516701"},"modified":"2023-03-05T22:18:44","modified_gmt":"2023-03-05T21:18:44","slug":"le-regard-libre-no94-dossier-ecole","status":"publish","type":"product","link":"https:\/\/leregardlibre.sandbox-novadev.ch\/en\/product\/le-regard-libre-no94-dossier-ecole\/","title":{"rendered":"Le Regard Libre N\u00ba94 | Dossier ECOLE"},"content":{"rendered":"<p><em>Le Regard Libre<\/em> N\u00b094 | Dossier ECOLE<br \/>\nExemplaire papier<br \/>\nEdition de mars 2023<br \/>\nFormat magazine papier chic (68 pages)<\/p>\n<hr \/>\n<p class=\"p1\"><b>05 <\/b>| L\u2019\u00e9dito: Gare aux sciences de l\u2019\u00e9ducation!<br \/>\n<b>06 <\/b>| Rat\u00e9s culturels: <i>Le Caravage<\/i> et un spectacle d\u2019Andr\u00e9 Dussollier<br \/>\n<b>07 <\/b>| <span class=\"s1\">Au Liban avec Sophie Woeldgen: Les secousses qui r\u00e9veillent le trauma<br \/>\n<\/span><b>09 <\/b>| Le regard d\u2019Isabelle: De la c\u00e9l\u00e9brit\u00e9<br \/>\n<b>10 <\/b>| Rencontre avec Ghislain Benhessa sur l\u2019Etat de droit<br \/>\n<b>12 <\/b>| Les pays d\u2019Asie du Sud-Est dans l\u2019ombre de la Chine<br \/>\n<b>14 <\/b>| G\u00e9rald Bronner pour la paix des classes<\/p>\n<p class=\"p2\"><b>Dossier: L\u2019\u00e9cole, hier et aujourd\u2019hui<br \/>\n<\/b><b>20 <\/b>| Jean Romain: \u00abToute p\u00e9dagogie se fonde sur une anthropologie\u00bb<br \/>\n<b>24 <\/b>| Vincent Peillon: \u00abL\u2019\u00e9cole doit assumer sa fonction morale\u00bb<br \/>\n<b>28 <\/b>| L\u2019\u00e9cole, un enjeu politique \u00e0 travers le temps<b><br \/>\n<\/b><b>32 <\/b>| En Laponie, la sp\u00e9cialit\u00e9 des cours en ext\u00e9rieur par -15 degr\u00e9s<br \/>\n<b>40 <\/b>| Cl\u00e9ment B\u00e9nech, r\u00e9pudiation nationale<br \/>\n<b>42 <\/b>| Chat GPT s\u2019exprime sur le niveau scolaire en Suisse romande<\/p>\n<p class=\"p2\"><b>Actualit\u00e9s culturelles<br \/>\n<\/b><b>48 <\/b>| Clarisse Gorokhoff, \u00e9prise de d\u00e9sirs et de d\u00e9tonation<br \/>\n<b>50 <\/b>| Avec <i>Le baiser d\u2019Anubia<\/i>, Dunia Miralles se d\u00e9voile<br \/>\n<b>52 <\/b>| Christophe Si\u00e9bert, meurtre, drogues et m\u00e9galopole russe<br \/>\n<strong>54<\/strong> | <i>La Fraternit\u00e9<\/i>: le drame du Temple solaire vu de l\u2019int\u00e9rieur<\/p>\n<p class=\"p3\"><b>Les rendez-vous de fin de magazine<br \/>\n<\/b><b>56 <\/b>| Le photoreportage de Bernard L\u00e9chot: <em>US Bricks &amp; Words<\/em><br \/>\n<b>62 <\/b>| <i>Le retour<\/i>, roman d\u2019Elliot\u00a0Mazzella (\u00e9pisode\u00a014\/15)<br \/>\n<b>66 <\/b>| Talon d\u2019abonnement et formulaire de m\u00e9c\u00e9nat<br \/>\n<b>67 <\/b>| Impressum<br \/>\n<b>68 <\/b>| Citations<\/p>\n<p class=\"p1\"><a href=\"https:\/\/leregardlibre.sandbox-novadev.ch\/en\/cpt-editions\/le-regard-libre-no93-dossier-impots\/\"><em>Vers l\u2019\u00e9dition pr\u00e9c\u00e9dente<\/em><\/a><\/p>","protected":false},"excerpt":{"rendered":"<p>Le Regard Libre N\u00b094 | Dossier ECOLE Exemplaire papier Edition de mars 2023 Format magazine papier chic (68 pages) 05 | L\u2019\u00e9dito: Gare aux sciences de l\u2019\u00e9ducation! 06 | Rat\u00e9s culturels: Le Caravage et un spectacle d\u2019Andr\u00e9 Dussollier 07 | [&hellip;]<\/p>","protected":false},"featured_media":516704,"comment_status":"open","ping_status":"closed","template":"","meta":{"_acf_changed":false},"product_brand":[],"product_cat":[1228],"product_tag":[],"class_list":{"0":"post-516701","1":"product","2":"type-product","3":"status-publish","4":"has-post-thumbnail","6":"product_cat-numeros","8":"first","9":"instock","10":"shipping-taxable","11":"purchasable","12":"product-type-variable"},"acf":[],"_links":{"self":[{"href":"https:\/\/leregardlibre.sandbox-novadev.ch\/en\/wp-json\/wp\/v2\/product\/516701","targetHints":{"allow":["GET"]}}],"collection":[{"href":"https:\/\/leregardlibre.sandbox-novadev.ch\/en\/wp-json\/wp\/v2\/product"}],"about":[{"href":"https:\/\/leregardlibre.sandbox-novadev.ch\/en\/wp-json\/wp\/v2\/types\/product"}],"replies":[{"embeddable":true,"href":"https:\/\/leregardlibre.sandbox-novadev.ch\/en\/wp-json\/wp\/v2\/comments?post=516701"}],"wp:featuredmedia":[{"embeddable":true,"href":"https:\/\/leregardlibre.sandbox-novadev.ch\/en\/wp-json\/"}],"wp:attachment":[{"href":"https:\/\/leregardlibre.sandbox-novadev.ch\/en\/wp-json\/wp\/v2\/media?parent=516701"}],"wp:term":[{"taxonomy":"product_brand","embeddable":true,"href":"https:\/\/leregardlibre.sandbox-novadev.ch\/en\/wp-json\/wp\/v2\/product_brand?post=516701"},{"taxonomy":"product_cat","embeddable":true,"href":"https:\/\/leregardlibre.sandbox-novadev.ch\/en\/wp-json\/wp\/v2\/product_cat?post=516701"},{"taxonomy":"product_tag","embeddable":true,"href":"https:\/\/leregardlibre.sandbox-novadev.ch\/en\/wp-json\/wp\/v2\/product_tag?post=516701"}],"curies":[{"name":"wp","href":"https:\/\/api.w.org\/{rel}","templated":true}]}}