{"id":516118,"date":"2023-02-05T17:45:23","date_gmt":"2023-02-05T16:45:23","guid":{"rendered":"https:\/\/leregardlibre.com\/?post_type=product&amp;p=516118"},"modified":"2023-02-05T17:45:23","modified_gmt":"2023-02-05T16:45:23","slug":"le-regard-libre-93-dossier-impots","status":"publish","type":"product","link":"https:\/\/leregardlibre.sandbox-novadev.ch\/en\/product\/le-regard-libre-93-dossier-impots\/","title":{"rendered":"Le Regard Libre N\u00ba93 | Dossier IMPOTS"},"content":{"rendered":"<p><em>Le Regard Libre<\/em> N\u00b093 | Dossier IMPOTS<br \/>\nExemplaire papier<br \/>\nEdition de f\u00e9vrier 2023<br \/>\nFormat magazine papier chic (68 pages)<\/p>\n<hr \/>\n<p class=\"p1\"><b>05 <\/b>| Les nouveaut\u00e9s du <i>Regard Libre<\/i> pour 2023<br \/>\n<b>07 <\/b>| La cartouche de Ralph M\u00fcller: A droite comme \u00e0 gauche<br \/>\n<b>09 <\/b>| Un ballet \u00e0 la bougie<br \/>\n<b>11 <\/b>| Le regard d\u2019Isabelle: De la paresse<br \/>\n<b>12 <\/b>| L\u2019arme nucl\u00e9aire, cet autre dossier iranien qui nous concerne<br \/>\n<b>14 <\/b>| La langue fran\u00e7aise br\u00fble! Qui s\u2019en soucie?<\/p>\n<p class=\"p2\"><b>Dossier: Les imp\u00f4ts<br \/>\n<\/b><b>20 <\/b>| L\u2019imp\u00f4t redistributif est-il l\u00e9gitime? Le d\u00e9bat Rawls-Nozick<br \/>\n<b>22 <\/b>| Duel sur l\u2019id\u00e9e d\u2019une baisse des imp\u00f4ts dans le canton de Vaud<br \/>\n<b>26 <\/b>| Imposition des successions: bilan moral et \u00e9conomique<br \/>\n<b>28 <\/b>| Le secret de la prosp\u00e9rit\u00e9 helv\u00e9tique selon Charles Gave<br \/>\n<b>30 <\/b>| Suisse et Europe: quand l\u2019argent public finance l\u2019islam politique (grand entretien avec Sa\u00efda Keller-Messahli)<\/p>\n<p class=\"p2\"><b>Actualit\u00e9s culturelles<br \/>\n<\/b><b>40 <\/b>| Fran\u00e7ois Sureau: \u00abJe ressens une diminution du d\u00e9sir de libert\u00e9\u00bb<br \/>\n<b>50 <\/b>| Simon Liberati, la performance la moins rock de l\u2019ann\u00e9e?<br \/>\n<b>52 <\/b>| Pasolini en D\u00e9dale: <i>P\u00e9trole<\/i>, un roman labyrinthique<br \/>\n54 | <i>White Noise<\/i>: beaucoup de bruit blanc pour rien?<\/p>\n<p class=\"p3\"><b>Les rendez-vous de fin de magazine<br \/>\n<\/b><b>56 <\/b>| Grand Tour \u00e0 Ali\u2019i Drive \u00e0 Hawa\u00ef, sur conseil de Mark Twain<br \/>\n<b>62 <\/b>| <i>Le retour<\/i>, roman d\u2019Elliot\u00a0Mazzella (\u00e9pisode\u00a013\/15)<br \/>\n<b>66 <\/b>| Talon d\u2019abonnement et formulaire de m\u00e9c\u00e9nat<br \/>\n<b>67 <\/b>| Impressum<br \/>\n<b>68 <\/b>| Citations<\/p>\n<p><a href=\"https:\/\/leregardlibre.sandbox-novadev.ch\/en\/cpt-editions\/le-regard-libre-n92-dossier-democratie\/\"><em>Vers l\u2019\u00e9dition pr\u00e9c\u00e9dente<\/em><\/a><\/p>","protected":false},"excerpt":{"rendered":"<p>Le Regard Libre N\u00b093 | Dossier IMPOTS Exemplaire papier Edition de f\u00e9vrier 2023 Format magazine papier chic (68 pages) 05 | Les nouveaut\u00e9s du Regard Libre pour 2023 07 | La cartouche de Ralph M\u00fcller: A droite comme \u00e0 gauche [&hellip;]<\/p>","protected":false},"featured_media":516121,"comment_status":"open","ping_status":"closed","template":"","meta":{"_acf_changed":false},"product_brand":[],"product_cat":[1228],"product_tag":[],"class_list":{"0":"post-516118","1":"product","2":"type-product","3":"status-publish","4":"has-post-thumbnail","6":"product_cat-numeros","8":"first","9":"instock","10":"shipping-taxable","11":"purchasable","12":"product-type-variable"},"acf":[],"_links":{"self":[{"href":"https:\/\/leregardlibre.sandbox-novadev.ch\/en\/wp-json\/wp\/v2\/product\/516118","targetHints":{"allow":["GET"]}}],"collection":[{"href":"https:\/\/leregardlibre.sandbox-novadev.ch\/en\/wp-json\/wp\/v2\/product"}],"about":[{"href":"https:\/\/leregardlibre.sandbox-novadev.ch\/en\/wp-json\/wp\/v2\/types\/product"}],"replies":[{"embeddable":true,"href":"https:\/\/leregardlibre.sandbox-novadev.ch\/en\/wp-json\/wp\/v2\/comments?post=516118"}],"wp:featuredmedia":[{"embeddable":true,"href":"https:\/\/leregardlibre.sandbox-novadev.ch\/en\/wp-json\/"}],"wp:attachment":[{"href":"https:\/\/leregardlibre.sandbox-novadev.ch\/en\/wp-json\/wp\/v2\/media?parent=516118"}],"wp:term":[{"taxonomy":"product_brand","embeddable":true,"href":"https:\/\/leregardlibre.sandbox-novadev.ch\/en\/wp-json\/wp\/v2\/product_brand?post=516118"},{"taxonomy":"product_cat","embeddable":true,"href":"https:\/\/leregardlibre.sandbox-novadev.ch\/en\/wp-json\/wp\/v2\/product_cat?post=516118"},{"taxonomy":"product_tag","embeddable":true,"href":"https:\/\/leregardlibre.sandbox-novadev.ch\/en\/wp-json\/wp\/v2\/product_tag?post=516118"}],"curies":[{"name":"wp","href":"https:\/\/api.w.org\/{rel}","templated":true}]}}