{"id":515444,"date":"2023-01-05T18:54:38","date_gmt":"2023-01-05T17:54:38","guid":{"rendered":"https:\/\/leregardlibre.com\/?post_type=product&amp;p=515444"},"modified":"2023-01-05T18:54:38","modified_gmt":"2023-01-05T17:54:38","slug":"le-regard-libre-92-democratie","status":"publish","type":"product","link":"https:\/\/leregardlibre.sandbox-novadev.ch\/en\/product\/le-regard-libre-92-democratie\/","title":{"rendered":"Le Regard Libre N\u00ba92 | Dossier DEMOCRATIE"},"content":{"rendered":"<p><em>Le Regard Libre<\/em> N\u00b0 92 | Dossier DEMOCRATIE<br \/>\nExemplaire papier<br \/>\nEdition de janvier 2023<br \/>\nFormat magazine papier chic (68 pages)<\/p>\n<hr \/>\n<p><strong>SOMMAIRE:<\/strong><\/p>\n<p class=\"p1\"><b>05 <\/b>| L\u2019\u00e9dito: Non, les lobbys ne menacent pas la d\u00e9mocratie<br \/>\n<b>07 <\/b>| Quentin Mouron: Eloge de la r\u00e9cup\u00e9ration politique<br \/>\n<b>09 <\/b>| D\u2019une Simone de Beauvoir instrumentalis\u00e9e \u00e0 la d\u00e9rive queer<br \/>\n<b>10 <\/b>| Ma marche enneig\u00e9e avec <a href=\"https:\/\/fr.wikipedia.org\/wiki\/Sylvain_Tesson\">Sylvain Tesson<\/a>: \u00abTout me ravit en Suisse\u00bb<br \/>\n<b>14 <\/b>| Karl Kraus, infr\u00e9quentable et visionnaire (\u00e9pisode 3\/3)<br \/>\n<b>18 <\/b>| Isra\u00ebl-Palestine: le <i>diplomacy-washing<\/i> du Qatar<br \/>\n<b>20 <\/b>| La Turquie, un pays cl\u00e9 entre deux mondes qui m\u00e9rite plus d\u2019attention<\/p>\n<p class=\"p3\"><b>Dossier: La d\u00e9mocratie<br \/>\n<\/b><b>24 <\/b>| Jean-Baptiste No\u00e9: \u00abL\u2019universalisme est en \u00e9chec\u00bb<br \/>\n<b>29 <\/b>| Un produit qui s\u2019exporte mal<br \/>\n<b>32 <\/b>| La \u00abd\u00e9mocratie illib\u00e9rale\u00bb, un autoritarisme d\u00e9guis\u00e9?<br \/>\n<b>34 <\/b>| Aux Etats-Unis, la r\u00e9publique sans la d\u00e9mocratie<br \/>\n<b>36 <\/b>| Le regard d\u2019Isabelle: De l\u2019\u00e9galit\u00e9<\/p>\n<p class=\"p3\"><b>Actualit\u00e9s culturelles<\/b><\/p>\n<p class=\"p1\"><b>42 <\/b>| <i>Les Papillons noirs<\/i>, de la s\u00e9rie \u00e0 la librairie<br \/>\n<b>44 <\/b>| Des humains derri\u00e8re les morts au Qatar<br \/>\n<b>46 <\/b>| <i>En salle<\/i>, l\u2019envers des fast-foods<br \/>\n<b>48 <\/b>| Les drapeaux effiloch\u00e9s<\/p>\n<p class=\"p4\"><b>Les rendez-vous de fin de magazine<\/b><\/p>\n<p class=\"p1\"><b>50 <\/b>| Sport: Les dessous des m\u00e9thodes (limites) de la Nike Oregon Project<br \/>\n<b>56 <\/b>| Le photoreportage de Bernard L\u00e9chot: Neige en couleurs<br \/>\n<b>62 <\/b>| <i>Le retour<\/i>, roman d\u2019Elliot\u00a0Mazzella (\u00e9pisode\u00a012\/15)<br \/>\n<b>66 <\/b>| Talon d\u2019abonnement et formulaire de m\u00e9c\u00e9nat<br \/>\n<b>67 <\/b>| Impressum<br \/>\n<b>68 <\/b>| Citations<\/p>\n<p><a href=\"https:\/\/leregardlibre.sandbox-novadev.ch\/en\/cpt-editions\/le-regard-libre-no91-dossier-mensonge\/\"><em>Vers l\u2019\u00e9dition pr\u00e9c\u00e9dente<\/em><\/a><\/p>","protected":false},"excerpt":{"rendered":"<p>Le Regard Libre N\u00b0 92 | Dossier DEMOCRATIE Exemplaire papier Edition de janvier 2023 Format magazine papier chic (68 pages) SOMMAIRE: 05 | L\u2019\u00e9dito: Non, les lobbys ne menacent pas la d\u00e9mocratie 07 | Quentin Mouron: Eloge de la r\u00e9cup\u00e9ration [&hellip;]<\/p>","protected":false},"featured_media":515447,"comment_status":"open","ping_status":"closed","template":"","meta":{"_acf_changed":false},"product_brand":[],"product_cat":[1228],"product_tag":[],"class_list":{"0":"post-515444","1":"product","2":"type-product","3":"status-publish","4":"has-post-thumbnail","6":"product_cat-numeros","8":"first","9":"instock","10":"shipping-taxable","11":"purchasable","12":"product-type-variable"},"acf":[],"_links":{"self":[{"href":"https:\/\/leregardlibre.sandbox-novadev.ch\/en\/wp-json\/wp\/v2\/product\/515444","targetHints":{"allow":["GET"]}}],"collection":[{"href":"https:\/\/leregardlibre.sandbox-novadev.ch\/en\/wp-json\/wp\/v2\/product"}],"about":[{"href":"https:\/\/leregardlibre.sandbox-novadev.ch\/en\/wp-json\/wp\/v2\/types\/product"}],"replies":[{"embeddable":true,"href":"https:\/\/leregardlibre.sandbox-novadev.ch\/en\/wp-json\/wp\/v2\/comments?post=515444"}],"wp:featuredmedia":[{"embeddable":true,"href":"https:\/\/leregardlibre.sandbox-novadev.ch\/en\/wp-json\/"}],"wp:attachment":[{"href":"https:\/\/leregardlibre.sandbox-novadev.ch\/en\/wp-json\/wp\/v2\/media?parent=515444"}],"wp:term":[{"taxonomy":"product_brand","embeddable":true,"href":"https:\/\/leregardlibre.sandbox-novadev.ch\/en\/wp-json\/wp\/v2\/product_brand?post=515444"},{"taxonomy":"product_cat","embeddable":true,"href":"https:\/\/leregardlibre.sandbox-novadev.ch\/en\/wp-json\/wp\/v2\/product_cat?post=515444"},{"taxonomy":"product_tag","embeddable":true,"href":"https:\/\/leregardlibre.sandbox-novadev.ch\/en\/wp-json\/wp\/v2\/product_tag?post=515444"}],"curies":[{"name":"wp","href":"https:\/\/api.w.org\/{rel}","templated":true}]}}