{"id":514171,"date":"2022-11-27T11:05:08","date_gmt":"2022-11-27T10:05:08","guid":{"rendered":"https:\/\/leregardlibre.com\/?post_type=product&amp;p=514171"},"modified":"2022-11-27T11:05:08","modified_gmt":"2022-11-27T10:05:08","slug":"le-regard-libre-no91-dossier-mensonge","status":"publish","type":"product","link":"https:\/\/leregardlibre.sandbox-novadev.ch\/en\/product\/le-regard-libre-no91-dossier-mensonge\/","title":{"rendered":"Le Regard Libre N\u00ba91 | Dossier MENSONGE"},"content":{"rendered":"<p><em>Le Regard Libre<\/em> N\u00b0 91 | Dossier MENSONGE<br \/>\nExemplaire papier<br \/>\nEdition de d\u00e9cembre 2022<br \/>\nFormat magazine papier chic (68 pages)<\/p>\n<hr \/>\n<p><strong>SOMMAIRE:<\/strong><\/p>\n<p class=\"p1\"><b>05 <\/b>| L\u2019\u00e9dito: Il ne peut y avoir de mensonge s\u2019il n\u2019y a pas de v\u00e9rit\u00e9<br \/>\n<b>07 <\/b>| La lecture de Pascal Couchepin: <i>Apocalypses<br \/>\n<\/i><b>09 <\/b>| Validit\u00e9 ou cr\u00e9dibilit\u00e9 en sciences humaines?<br \/>\n<b>10 <\/b>| Combattre en dictature<br \/>\n<b>12 <\/b>| Karl Kraus, infr\u00e9quentable et visionnaire (\u00e9pisode 2\/3)<br \/>\n<b>16 <\/b>| L\u2019UE: la beaut\u00e9 dans la l\u00e2chet\u00e9, la joie dans le reniement<\/p>\n<p class=\"p3\"><b>Dossier: Le mensonge<br \/>\n<\/b><b>22 <\/b>| Myret Zaki: \u00abM\u00e9fions-nous de celui qui se pr\u00e9tend neutre\u00bb<br \/>\n<b>28 <\/b>| Le mensonge, un acteur de l\u2019histoire<br \/>\n<b>31 <\/b>| Du mensonge \u00e9hont\u00e9<br \/>\n<b>32 <\/b>| Peut-il \u00eatre \u00e9thique de mentir? La controverse Kant-Constant<br \/>\n<b>34 <\/b>| Irak: quand l\u2019intox for\u00e7a la guerre<br \/>\n<b>36 <\/b>| Le mensonge peut-il mettre en p\u00e9ril l\u2019Etat?<br \/>\n<b>38 <\/b>| Monica Sabolo, le secret comme mentir vrai<\/p>\n<p class=\"p3\"><b>Actualit\u00e9s culturelles<\/b><\/p>\n<p class=\"p1\"><b>42 <\/b>| La Biennale violette contre l\u2019universalit\u00e9 des \u0153uvres<br \/>\n<b>44 <\/b>| Un manifeste pour la diversit\u00e9 en litt\u00e9rature<br \/>\n<b>46 <\/b>| Le nouvel incontournable romand du polar r\u00e9gional<br \/>\n<b>47 <\/b>| Les supplices du surhomme<br \/>\n<b>48 <\/b>| <span class=\"s1\">Roger Federer dans votre album, quelle surprenante \u00e9vidence, Serge Lama<\/span><\/p>\n<p class=\"p4\"><b>Les rendez-vous de fin de magazine<br \/>\n<\/b><b>50 <\/b>| Sport: Comment le Grand-Est fran\u00e7ais se pr\u00e9pare aux JO de Paris<br \/>\n<b>56 <\/b>| Le photoreportage de Bernard L\u00e9chot: Au c\u0153ur de la musique<br \/>\n<b>62 <\/b>| <i>Le retour<\/i>, roman d\u2019Elliot\u00a0Mazzella (\u00e9pisode\u00a011\/15)<br \/>\n<b>66 <\/b>| Talon d\u2019abonnement et formulaire de m\u00e9c\u00e9nat<br \/>\n<b>67 <\/b>| Impressum<br \/>\n<b>68 <\/b>| Citations<\/p>\n<p><a href=\"https:\/\/leregardlibre.sandbox-novadev.ch\/en\/cpt-editions\/le-regard-libre-90-clivages\/\"><em>Vers l\u2019\u00e9dition pr\u00e9c\u00e9dente<\/em><\/a><\/p>","protected":false},"excerpt":{"rendered":"<p>Le Regard Libre N\u00b0 91 | Dossier MENSONGE Exemplaire papier Edition de d\u00e9cembre 2022 Format magazine papier chic (68 pages) SOMMAIRE: 05 | L\u2019\u00e9dito: Il ne peut y avoir de mensonge s\u2019il n\u2019y a pas de v\u00e9rit\u00e9 07 | La [&hellip;]<\/p>","protected":false},"featured_media":514174,"comment_status":"open","ping_status":"closed","template":"","meta":{"_acf_changed":false},"product_brand":[],"product_cat":[1228],"product_tag":[],"class_list":{"0":"post-514171","1":"product","2":"type-product","3":"status-publish","4":"has-post-thumbnail","6":"product_cat-numeros","8":"first","9":"instock","10":"shipping-taxable","11":"purchasable","12":"product-type-variable"},"acf":[],"_links":{"self":[{"href":"https:\/\/leregardlibre.sandbox-novadev.ch\/en\/wp-json\/wp\/v2\/product\/514171","targetHints":{"allow":["GET"]}}],"collection":[{"href":"https:\/\/leregardlibre.sandbox-novadev.ch\/en\/wp-json\/wp\/v2\/product"}],"about":[{"href":"https:\/\/leregardlibre.sandbox-novadev.ch\/en\/wp-json\/wp\/v2\/types\/product"}],"replies":[{"embeddable":true,"href":"https:\/\/leregardlibre.sandbox-novadev.ch\/en\/wp-json\/wp\/v2\/comments?post=514171"}],"wp:featuredmedia":[{"embeddable":true,"href":"https:\/\/leregardlibre.sandbox-novadev.ch\/en\/wp-json\/"}],"wp:attachment":[{"href":"https:\/\/leregardlibre.sandbox-novadev.ch\/en\/wp-json\/wp\/v2\/media?parent=514171"}],"wp:term":[{"taxonomy":"product_brand","embeddable":true,"href":"https:\/\/leregardlibre.sandbox-novadev.ch\/en\/wp-json\/wp\/v2\/product_brand?post=514171"},{"taxonomy":"product_cat","embeddable":true,"href":"https:\/\/leregardlibre.sandbox-novadev.ch\/en\/wp-json\/wp\/v2\/product_cat?post=514171"},{"taxonomy":"product_tag","embeddable":true,"href":"https:\/\/leregardlibre.sandbox-novadev.ch\/en\/wp-json\/wp\/v2\/product_tag?post=514171"}],"curies":[{"name":"wp","href":"https:\/\/api.w.org\/{rel}","templated":true}]}}