{"id":513499,"date":"2022-11-04T08:51:11","date_gmt":"2022-11-04T07:51:11","guid":{"rendered":"https:\/\/leregardlibre.com\/?post_type=product&amp;p=513499"},"modified":"2022-11-04T08:51:11","modified_gmt":"2022-11-04T07:51:11","slug":"le-regard-libre-90-dossier-clivages","status":"publish","type":"product","link":"https:\/\/leregardlibre.sandbox-novadev.ch\/en\/product\/le-regard-libre-90-dossier-clivages\/","title":{"rendered":"Le Regard Libre N\u00ba90 | Dossier CLIVAGES"},"content":{"rendered":"<p><em>Le Regard Libre<\/em> N\u00b0 90 | Dossier CLIVAGES<br \/>\nExemplaire papier<br \/>\nEdition de novembre 2022<br \/>\nFormat magazine papier chic (68 pages)<\/p>\n<hr \/>\n<p><strong>SOMMAIRE:<\/strong><\/p>\n<p class=\"p1\"><b>05 <\/b>| L\u2019\u00e9dito: Comment ne pas \u00eatre conservateur-lib\u00e9ral-socialiste?<br \/>\n<b>06 <\/b><span class=\"s1\">| <\/span>Br\u00e8ve insolite: La F\u00eate des Vendanges, une f\u00eate de l\u2019ironie<br \/>\n<b>07 <\/b>| Ukraine: \u00abQuand je me suis fait refuser un article command\u00e9\u00bb<br \/>\n<b>12 <\/b>| <span class=\"s2\">Le russo-ukrainien <a href=\"https:\/\/fr.wikipedia.org\/wiki\/Vladimir_F%C3%A9dorovski\">Vladimir F\u00e9dorovski<\/a> livre sa vision de la guerre<br \/>\n<\/span><b>16 <\/b>| Karl Kraus, infr\u00e9quentable et visionnaire (\u00e9pisode 1\/3)<br \/>\n<b>19 <\/b>| <span class=\"s3\">Massacre sororiel: les lendemains qui chantent du n\u00e9of\u00e9minisme<\/span><\/p>\n<p class=\"p3\"><b>Dossier: Les clivages politiques d\u2019aujourd\u2019hui<br \/>\n<\/b><b>24 <\/b>| De droite ou de gauche, telle est la question<br \/>\n<b>25 <\/b>| Peut-on \u00eatre lib\u00e9ral-conservateur? Le d\u00e9bat de la r\u00e9daction<br \/>\n<b>27 <\/b>| <span class=\"s2\">L\u2019actualit\u00e9 du clivage peuple\/\u00e9lites avec Araud, Goodhart et Delsol<br \/>\n<\/span><b>30 <\/b>| Le f\u00e9d\u00e9ralisme en question: r\u00e9trospective am\u00e9ricaine<br \/>\n<b>32 <\/b>| Dois-je \u00eatre comme je me sens ou me sentir comme je suis?<br \/>\n<b>36 <\/b>| <i>La Poursuite de l\u2019id\u00e9al<\/i>: quand la m\u00e9lancolie se fait nostalgie<\/p>\n<p class=\"p3\"><b>Actualit\u00e9s culturelles<br \/>\n<\/b><b>40 <\/b>| La musique, c\u2019\u00e9tait mieux avant?<br \/>\n<b>42 <\/b>| Quand Eug\u00e8ne r\u00e8gle ses comptes avec Nicolae Ceausescu<br \/>\n<b>44 <\/b>| <i>Galel<\/i>, le Christ et la montagne<br \/>\n<b>46 <\/b>| A la recherche du nous perdu<br \/>\n<b>48 <\/b>| <i>M\u00e2choires<\/i>, du gore dans la mangrove<br \/>\n<b>50 <\/b>| <span class=\"s3\">Plong\u00e9e dans les Lagunas Verdes, lacs les plus \u00e9lev\u00e9s de la plan\u00e8te<\/span><\/p>\n<p class=\"p4\"><b>Les rendez-vous de fin de magazine<br \/>\n<\/b><b>56 <\/b>| Le photoreportage de Bernard L\u00e9chot: <i>F\u00e9e Electricit\u00e9<br \/>\n<\/i><b>62 <\/b>| <i>Le retour<\/i>, roman d\u2019Elliot\u00a0Mazzella (\u00e9pisode\u00a010\/15)<br \/>\n<b>66 <\/b>| Talon d\u2019abonnement et formulaire de m\u00e9c\u00e9nat<br \/>\n<b>67 <\/b>| Impressum<br \/>\n<b>68 <\/b>| Citations<\/p>\n<p><a href=\"https:\/\/leregardlibre.sandbox-novadev.ch\/en\/cpt-editions\/le-regard-libre-no89-dossier-fin-du-monde\/\"><em>Vers l\u2019\u00e9dition pr\u00e9c\u00e9dente<\/em><\/a><\/p>","protected":false},"excerpt":{"rendered":"<p>Le Regard Libre N\u00b0 90 | Dossier CLIVAGES Exemplaire papier Edition de novembre 2022 Format magazine papier chic (68 pages) SOMMAIRE: 05 | L\u2019\u00e9dito: Comment ne pas \u00eatre conservateur-lib\u00e9ral-socialiste? 06 | Br\u00e8ve insolite: La F\u00eate des Vendanges, une f\u00eate de [&hellip;]<\/p>","protected":false},"featured_media":513502,"comment_status":"open","ping_status":"closed","template":"","meta":{"_acf_changed":false},"product_brand":[],"product_cat":[1228],"product_tag":[],"class_list":{"0":"post-513499","1":"product","2":"type-product","3":"status-publish","4":"has-post-thumbnail","6":"product_cat-numeros","8":"first","9":"instock","10":"shipping-taxable","11":"purchasable","12":"product-type-variable"},"acf":[],"_links":{"self":[{"href":"https:\/\/leregardlibre.sandbox-novadev.ch\/en\/wp-json\/wp\/v2\/product\/513499","targetHints":{"allow":["GET"]}}],"collection":[{"href":"https:\/\/leregardlibre.sandbox-novadev.ch\/en\/wp-json\/wp\/v2\/product"}],"about":[{"href":"https:\/\/leregardlibre.sandbox-novadev.ch\/en\/wp-json\/wp\/v2\/types\/product"}],"replies":[{"embeddable":true,"href":"https:\/\/leregardlibre.sandbox-novadev.ch\/en\/wp-json\/wp\/v2\/comments?post=513499"}],"wp:featuredmedia":[{"embeddable":true,"href":"https:\/\/leregardlibre.sandbox-novadev.ch\/en\/wp-json\/"}],"wp:attachment":[{"href":"https:\/\/leregardlibre.sandbox-novadev.ch\/en\/wp-json\/wp\/v2\/media?parent=513499"}],"wp:term":[{"taxonomy":"product_brand","embeddable":true,"href":"https:\/\/leregardlibre.sandbox-novadev.ch\/en\/wp-json\/wp\/v2\/product_brand?post=513499"},{"taxonomy":"product_cat","embeddable":true,"href":"https:\/\/leregardlibre.sandbox-novadev.ch\/en\/wp-json\/wp\/v2\/product_cat?post=513499"},{"taxonomy":"product_tag","embeddable":true,"href":"https:\/\/leregardlibre.sandbox-novadev.ch\/en\/wp-json\/wp\/v2\/product_tag?post=513499"}],"curies":[{"name":"wp","href":"https:\/\/api.w.org\/{rel}","templated":true}]}}