{"id":512696,"date":"2022-10-01T23:43:12","date_gmt":"2022-10-01T21:43:12","guid":{"rendered":"https:\/\/leregardlibre.com\/?post_type=product&amp;p=512696"},"modified":"2022-10-01T23:43:12","modified_gmt":"2022-10-01T21:43:12","slug":"le-regard-libre-no89-dossier-fin-du-monde","status":"publish","type":"product","link":"https:\/\/leregardlibre.sandbox-novadev.ch\/en\/product\/le-regard-libre-no89-dossier-fin-du-monde\/","title":{"rendered":"Le Regard Libre N\u00ba89 | Dossier FIN DU MONDE"},"content":{"rendered":"<h2><em>PR\u00c9-COMMANDE<\/em><\/h2>\n<p><em>Le Regard Libre<\/em> N\u00b0 89 | Dossier FIN DU MONDE<br \/>\nExemplaire papier<br \/>\nEdition d\u2019octobre 2022<br \/>\nFormat magazine papier chic (68 pages)<\/p>\n<hr \/>\n<p><strong>SOMMAIRE:<\/strong><\/p>\n<p class=\"p1\"><b>05 <\/b>| L\u2019\u00e9dito: La fin du monde, un monde sans fin<br \/>\n<b>07 <\/b>| La cartouche de Ralph M\u00fcller: Le rire du ressentiment<br \/>\n<b>08 <\/b><span class=\"s1\">| <\/span>Br\u00e8ves insolites: A flots et \u00e0 mots | Un s\u00e9isme imperceptible<br \/>\n<b>10 <\/b>| <i>Le Grand Echiquier<\/i>, une partie entre les Etats-Unis et le monde<\/p>\n<p class=\"p2\"><b>Dossier: La fin du monde<\/b><\/p>\n<p class=\"p1\"><b>14 <\/b>| \u00abIl existe des ponts entre des pr\u00e9occupations s\u00e9culi\u00e8res et des d\u00e9marches spirituelles\u00bb<br \/>\n<b>22 <\/b>| Collapsologues: ils annoncent l\u2019effondrement<br \/>\n<b>26 <\/b>| Quand l\u2019humanit\u00e9 n\u2019est pas pass\u00e9e loin de la fin du monde<br \/>\n<b>28 <\/b>| <span class=\"s2\">Innover, pour quels effets? R\u00e9flexion avec Schumpeter et Polanyi<br \/>\n<\/span><b>30 <\/b>| Le sens de la vie cach\u00e9 dans le r\u00e9cit de la fin du monde<br \/>\n<b>32 <\/b>| La r\u00e9volte des Taiping et la promesse du paradis sur Terre<br \/>\n<b>34 <\/b>| Le spectre du nucl\u00e9aire en Asie de l\u2019Est<br \/>\n<b>38 <\/b>| Apocalypse en prose: le pire a-t-il eu lieu ou est-il \u00e0 venir?<br \/>\n<b>40 <\/b>| L\u2019art est-il immortel?<\/p>\n<p class=\"p2\"><b>Actualit\u00e9s culturelles<\/b><\/p>\n<p class=\"p1\"><b>44 <\/b>| Steve Morse quitte Deep Purple: retour sur la fin d\u2019une \u00e8re<br \/>\n<b>46 <\/b>| Rester dans \u00abun pays de cingl\u00e9s\u00bb<br \/>\n<b>48 <\/b>| <i>La Sainte Touche<\/i> ou l\u2019\u00e9loge de la d\u00e9brouille<\/p>\n<p class=\"p3\"><b>Les rendez-vous de fin de magazine<\/b><\/p>\n<p class=\"p1\"><b>50 <\/b>| Le photoreportage de Bernard L\u00e9chot: <i>Marbre rouge<br \/>\n<\/i><b>56 <\/b>| <i>Le retour<\/i>, roman d\u2019Elliot\u00a0Mazzella, \u00e9pisode\u00a09\/15<br \/>\n<b>60 <\/b>| <span class=\"s3\">Sport: Le swing engag\u00e9, quand l\u2019\u00e9thique pr\u00e9vaut sur l\u2019esth\u00e9tique<br \/>\n<\/span><b>66 <\/b>| Talon d\u2019abonnement et formulaire de m\u00e9c\u00e9nat<br \/>\n<b>67 <\/b>| Impressum<br \/>\n<b>68 <\/b>| Citations<\/p>","protected":false},"excerpt":{"rendered":"<p>PR\u00c9-COMMANDE Le Regard Libre N\u00b0 89 | Dossier FIN DU MONDE Exemplaire papier Edition d\u2019octobre 2022 Format magazine papier chic (68 pages) SOMMAIRE: 05 | L\u2019\u00e9dito: La fin du monde, un monde sans fin 07 | La cartouche de Ralph [&hellip;]<\/p>","protected":false},"featured_media":512699,"comment_status":"open","ping_status":"closed","template":"","meta":{"_acf_changed":false},"product_brand":[],"product_cat":[1228],"product_tag":[],"class_list":{"0":"post-512696","1":"product","2":"type-product","3":"status-publish","4":"has-post-thumbnail","6":"product_cat-numeros","8":"first","9":"instock","10":"shipping-taxable","11":"purchasable","12":"product-type-variable"},"acf":[],"_links":{"self":[{"href":"https:\/\/leregardlibre.sandbox-novadev.ch\/en\/wp-json\/wp\/v2\/product\/512696","targetHints":{"allow":["GET"]}}],"collection":[{"href":"https:\/\/leregardlibre.sandbox-novadev.ch\/en\/wp-json\/wp\/v2\/product"}],"about":[{"href":"https:\/\/leregardlibre.sandbox-novadev.ch\/en\/wp-json\/wp\/v2\/types\/product"}],"replies":[{"embeddable":true,"href":"https:\/\/leregardlibre.sandbox-novadev.ch\/en\/wp-json\/wp\/v2\/comments?post=512696"}],"wp:featuredmedia":[{"embeddable":true,"href":"https:\/\/leregardlibre.sandbox-novadev.ch\/en\/wp-json\/"}],"wp:attachment":[{"href":"https:\/\/leregardlibre.sandbox-novadev.ch\/en\/wp-json\/wp\/v2\/media?parent=512696"}],"wp:term":[{"taxonomy":"product_brand","embeddable":true,"href":"https:\/\/leregardlibre.sandbox-novadev.ch\/en\/wp-json\/wp\/v2\/product_brand?post=512696"},{"taxonomy":"product_cat","embeddable":true,"href":"https:\/\/leregardlibre.sandbox-novadev.ch\/en\/wp-json\/wp\/v2\/product_cat?post=512696"},{"taxonomy":"product_tag","embeddable":true,"href":"https:\/\/leregardlibre.sandbox-novadev.ch\/en\/wp-json\/wp\/v2\/product_tag?post=512696"}],"curies":[{"name":"wp","href":"https:\/\/api.w.org\/{rel}","templated":true}]}}