{"id":511940,"date":"2022-09-05T14:36:23","date_gmt":"2022-09-05T12:36:23","guid":{"rendered":"https:\/\/leregardlibre.com\/?post_type=product&amp;p=511940"},"modified":"2022-09-05T14:36:23","modified_gmt":"2022-09-05T12:36:23","slug":"le-regard-libre-hors-serie-n4-special-rugby-suisse-100-ans-darchives-retrouvees","status":"publish","type":"product","link":"https:\/\/leregardlibre.sandbox-novadev.ch\/en\/product\/le-regard-libre-hors-serie-n4-special-rugby-suisse-100-ans-darchives-retrouvees\/","title":{"rendered":"Le Regard Libre hors-s\u00e9rie N\u00b04 | Sp\u00e9cial rugby suisse: 100 ans d\u2019archives retrouv\u00e9es"},"content":{"rendered":"<p><em>Le Regard Libre<\/em>, hors-s\u00e9rie N\u00b04<br \/>\n<strong>Rugby suisse: 100 ans d\u2019archives retrouv\u00e9es<\/strong><br \/>\nEn collaboration avec leMultimedia.info<br \/>\nExemplaire papier<br \/>\nParution: le 5 ao\u00fbt 2022<br \/>\nFormat magazine papier chic et \u00e9pais (68 pages)<\/p>\n<hr \/>\n<p class=\"p1\"><b>SOMMAIRE:<br \/>\n<\/b><\/p>\n<p class=\"p1\"><b>05\u00a0<\/b>|\u00a0<span class=\"s1\">Quarante ans d\u2019archives dans le vent: comment est-ce possible?<br \/>\n<\/span><b>06\u00a0<\/b>| Avant-propos<br \/>\n<b>07\u00a0<\/b><span class=\"s2\">|\u00a0<\/span>Avertissement<br \/>\n<b>08\u00a0<\/b>| Prologue: Le football-rugby et le football-association, d\u00e8s 1870<br \/>\n<b>15\u00a0<\/b>| Des pr\u00e9mices du rugby \u00e0 la naissance des premi\u00e8res \u00e9quipes<br \/>\n<b>22\u00a0<\/b>| Le mot d\u2019Alain Studer, pr\u00e9sident du Servette Rugby Club<br \/>\n<b>24\u00a0<\/b>| Entre Neuch\u00e2tel et Lausanne, la naissance du rugby moderne<span class=\"Apple-converted-space\"><br \/>\n<\/span><b>32\u00a0<\/b>| Et si le rugby \u00e0 Gen\u00e8ve n\u2019avait en fait jamais disparu?<br \/>\n<b>37\u00a0<\/b>|\u00a0<span class=\"s3\">L\u2019homme qui permet de comprendre les d\u00e9buts du rugby \u00e0 Zurich<br \/>\n<\/span><b>40\u00a0<\/b>|\u00a0<span class=\"s1\">\u00abLe rugby en Suisse a beaucoup \u00e0 apprendre de sa propre histoire\u00bb<br \/>\n<\/span><b>44\u00a0<\/b>| C\u00e9cilien Marais et le nationalisme exacerb\u00e9 de l\u2019\u00e9poque<span class=\"Apple-converted-space\"><br \/>\n<\/span><b>46\u00a0<\/b>| \u00abNos chers petits, votre club a une histoire s\u00e9culaire\u00bb<br \/>\n<b>48\u00a0<\/b>|\u00a0<span class=\"s4\">90 ans apr\u00e8s, les Switzers et Stade Lausanne s\u2019affrontent \u00e0 nouveau<br \/>\n<\/span><b>52\u00a0<\/b>|\u00a0<span class=\"s3\">La relation quasi fraternelle entre le football et le rugby \u00e0 Zurich<br \/>\n<\/span><b>56\u00a0<\/b>| \u00abUn club de rugby n\u2019est pas un forum de commerce\u00bb<br \/>\n<b>58\u00a0<\/b>|\u00a0<span class=\"s4\">Rapport \u00e0 l\u2019histoire: \u00abEntre les Anglais et les Suisses, il y a un foss\u00e9\u00bb<br \/>\n<\/span><b>66\u00a0<\/b>| Talon d\u2019abonnement et formulaire de m\u00e9c\u00e9nat<br \/>\n<b>67\u00a0<\/b>| Impressum<br \/>\n<b>68\u00a0<\/b>| Images d\u2019archive<\/p>","protected":false},"excerpt":{"rendered":"<p>Le Regard Libre, hors-s\u00e9rie N\u00b04 Rugby suisse: 100 ans d\u2019archives retrouv\u00e9es En collaboration avec leMultimedia.info Exemplaire papier Parution: le 5 ao\u00fbt 2022 Format magazine papier chic et \u00e9pais (68 pages) SOMMAIRE: 05\u00a0|\u00a0Quarante ans d\u2019archives dans le vent: comment est-ce possible? [&hellip;]<\/p>","protected":false},"featured_media":511943,"comment_status":"open","ping_status":"closed","template":"","meta":{"_acf_changed":false},"product_brand":[],"product_cat":[1228],"product_tag":[],"class_list":{"0":"post-511940","1":"product","2":"type-product","3":"status-publish","4":"has-post-thumbnail","6":"product_cat-numeros","8":"first","9":"instock","10":"shipping-taxable","11":"purchasable","12":"product-type-variable"},"acf":[],"_links":{"self":[{"href":"https:\/\/leregardlibre.sandbox-novadev.ch\/en\/wp-json\/wp\/v2\/product\/511940","targetHints":{"allow":["GET"]}}],"collection":[{"href":"https:\/\/leregardlibre.sandbox-novadev.ch\/en\/wp-json\/wp\/v2\/product"}],"about":[{"href":"https:\/\/leregardlibre.sandbox-novadev.ch\/en\/wp-json\/wp\/v2\/types\/product"}],"replies":[{"embeddable":true,"href":"https:\/\/leregardlibre.sandbox-novadev.ch\/en\/wp-json\/wp\/v2\/comments?post=511940"}],"wp:featuredmedia":[{"embeddable":true,"href":"https:\/\/leregardlibre.sandbox-novadev.ch\/en\/wp-json\/"}],"wp:attachment":[{"href":"https:\/\/leregardlibre.sandbox-novadev.ch\/en\/wp-json\/wp\/v2\/media?parent=511940"}],"wp:term":[{"taxonomy":"product_brand","embeddable":true,"href":"https:\/\/leregardlibre.sandbox-novadev.ch\/en\/wp-json\/wp\/v2\/product_brand?post=511940"},{"taxonomy":"product_cat","embeddable":true,"href":"https:\/\/leregardlibre.sandbox-novadev.ch\/en\/wp-json\/wp\/v2\/product_cat?post=511940"},{"taxonomy":"product_tag","embeddable":true,"href":"https:\/\/leregardlibre.sandbox-novadev.ch\/en\/wp-json\/wp\/v2\/product_tag?post=511940"}],"curies":[{"name":"wp","href":"https:\/\/api.w.org\/{rel}","templated":true}]}}