{"id":50917,"date":"2022-07-01T08:12:15","date_gmt":"2022-07-01T06:12:15","guid":{"rendered":"https:\/\/leregardlibre.com\/?post_type=product&amp;p=50917"},"modified":"2022-07-01T08:12:15","modified_gmt":"2022-07-01T06:12:15","slug":"le-regard-libre-no87-dossier-europe","status":"publish","type":"product","link":"https:\/\/leregardlibre.sandbox-novadev.ch\/en\/product\/le-regard-libre-no87-dossier-europe\/","title":{"rendered":"Le Regard Libre N\u00ba87 | Dossier EUROPE"},"content":{"rendered":"<p><em>Le Regard Libre<\/em>\u00a0N\u00b0 87 | Dossier EUROPE<br \/>\nExemplaire papier<br \/>\nEdition de juillet 2022<br \/>\nFormat magazine papier chic (68 pages)<\/p>\n<hr \/>\n<p class=\"p1\"><a href=\"https:\/\/www.youtube.com\/watch?v=RxnkfAaBHA4\"><b><em>Pr\u00e9sentation vid\u00e9o du num\u00e9ro<\/em><\/b><\/a><\/p>\n<p class=\"p1\"><b>SOMMAIRE:<br \/>\n<\/b><\/p>\n<p class=\"p1\"><b>05\u00a0<\/b>|\u00a0<span class=\"s1\">L\u2019\u00e9dito:\u00a0<\/span>Cet Etat-nounou qui nous veut du bien<span class=\"Apple-converted-space\"><br \/>\n<\/span><b>07\u00a0<\/b>| La lecture de Pascal Couchepin:\u00a0<i>Un coup de hache dans la t\u00eate<br \/>\n<\/i><b>08\u00a0<\/b><span class=\"s2\">|\u00a0<\/span>A Lyon, des pistes cyclables \u00abnon genr\u00e9es\u00bb<br \/>\n<b>10\u00a0<\/b>| Flinguomanie am\u00e9ricaine<\/p>\n<p class=\"p2\"><b>Dossier: Vous avez dit Europe?<br \/>\n<\/b><b>16\u00a0<\/b>| Bilan g\u00e9opolitique avec\u00a0<a href=\"https:\/\/www.lefigaro.fr\/international\/alexandre-del-valle-l-europe-estle-dindon-de-la-farce-de-la-mondialisation-20211020\">Alexandre del Valle<\/a><br \/>\n<b>22\u00a0<\/b>| Le point de vue britannique sur la construction europ\u00e9enne<br \/>\n<b>25\u00a0<\/b>| La Suisse et l\u2019UE: Julien Rilliet VS F\u00e9licien Monnier<br \/>\n<b>30\u00a0<\/b>| L\u2019Europe f\u00e9d\u00e9rale de Denis de Rougemont<br \/>\n<b>34\u00a0<\/b>| Une Europe qui remet toujours en cause ses racines<br \/>\n<b>38\u00a0<\/b>| La fronti\u00e8re, condition de la pluralit\u00e9<br \/>\n<b>40\u00a0<\/b>| Guy de Pourtal\u00e8s, l\u2019Europe comme boussole litt\u00e9raire<\/p>\n<p class=\"p2\"><b>Actualit\u00e9s culturelles<br \/>\n<\/b><b>44\u00a0<\/b>|\u00a0<span class=\"s1\">En Valais, une communaut\u00e9 utopiste face au g\u00e9ant agroalimentaire<br \/>\n<\/span><b>46\u00a0<\/b>|\u00a0<i>Le dernier \u00e9t\u00e9 en ville<\/i>, l\u2019ivresse de la dolce vita<br \/>\n<b>48\u00a0<\/b>|\u00a0<span class=\"s3\">Johnny Hallyday comme vous ne l\u2019avez jamais vu: \u00abJ\u2019suis une pute\u00bb<\/span><\/p>\n<p class=\"p3\"><b>Les rendez-vous de fin de magazine<br \/>\n<\/b><b>50\u00a0<\/b>| Le photoreportage de Bernard L\u00e9chot:\u00a0<em>Infini limit\u00e9<\/em><br \/>\n<b>56\u00a0<\/b>|\u00a0<i>Le retour<\/i>, roman d\u2019Elliot\u00a0Mazzella, \u00e9pisode\u00a07\/15<br \/>\n<b>60\u00a0<\/b>|\u00a0<span class=\"s4\">Quelles l\u00e9gendes entourent la capitale de l\u2019athl\u00e9tisme? Reportage<br \/>\n<\/span><b>66\u00a0<\/b>| Talon d\u2019abonnement et formulaire de m\u00e9c\u00e9nat<br \/>\n<b>67\u00a0<\/b>| Impressum<br \/>\n<b>68\u00a0<\/b>| Citations<\/p>\n<p class=\"p1\">","protected":false},"excerpt":{"rendered":"<p>Le Regard Libre\u00a0N\u00b0 87 | Dossier EUROPE Exemplaire papier Edition de juillet 2022 Format magazine papier chic (68 pages) Pr\u00e9sentation vid\u00e9o du num\u00e9ro SOMMAIRE: 05\u00a0|\u00a0L\u2019\u00e9dito:\u00a0Cet Etat-nounou qui nous veut du bien 07\u00a0| La lecture de Pascal Couchepin:\u00a0Un coup de hache [&hellip;]<\/p>","protected":false},"featured_media":50920,"comment_status":"open","ping_status":"closed","template":"","meta":{"_acf_changed":false},"product_brand":[],"product_cat":[1228],"product_tag":[],"class_list":{"0":"post-50917","1":"product","2":"type-product","3":"status-publish","4":"has-post-thumbnail","6":"product_cat-numeros","8":"first","9":"instock","10":"shipping-taxable","11":"purchasable","12":"product-type-variable"},"acf":[],"_links":{"self":[{"href":"https:\/\/leregardlibre.sandbox-novadev.ch\/en\/wp-json\/wp\/v2\/product\/50917","targetHints":{"allow":["GET"]}}],"collection":[{"href":"https:\/\/leregardlibre.sandbox-novadev.ch\/en\/wp-json\/wp\/v2\/product"}],"about":[{"href":"https:\/\/leregardlibre.sandbox-novadev.ch\/en\/wp-json\/wp\/v2\/types\/product"}],"replies":[{"embeddable":true,"href":"https:\/\/leregardlibre.sandbox-novadev.ch\/en\/wp-json\/wp\/v2\/comments?post=50917"}],"wp:featuredmedia":[{"embeddable":true,"href":"https:\/\/leregardlibre.sandbox-novadev.ch\/en\/wp-json\/"}],"wp:attachment":[{"href":"https:\/\/leregardlibre.sandbox-novadev.ch\/en\/wp-json\/wp\/v2\/media?parent=50917"}],"wp:term":[{"taxonomy":"product_brand","embeddable":true,"href":"https:\/\/leregardlibre.sandbox-novadev.ch\/en\/wp-json\/wp\/v2\/product_brand?post=50917"},{"taxonomy":"product_cat","embeddable":true,"href":"https:\/\/leregardlibre.sandbox-novadev.ch\/en\/wp-json\/wp\/v2\/product_cat?post=50917"},{"taxonomy":"product_tag","embeddable":true,"href":"https:\/\/leregardlibre.sandbox-novadev.ch\/en\/wp-json\/wp\/v2\/product_tag?post=50917"}],"curies":[{"name":"wp","href":"https:\/\/api.w.org\/{rel}","templated":true}]}}