{"id":508884,"date":"2022-08-31T23:14:09","date_gmt":"2022-08-31T21:14:09","guid":{"rendered":"https:\/\/leregardlibre.com\/?post_type=product&amp;p=508884"},"modified":"2022-08-31T23:14:09","modified_gmt":"2022-08-31T21:14:09","slug":"le-regard-libre-88-dossier-sexe","status":"publish","type":"product","link":"https:\/\/leregardlibre.sandbox-novadev.ch\/en\/product\/le-regard-libre-88-dossier-sexe\/","title":{"rendered":"Le Regard Libre N\u00ba88 | Dossier SEXE"},"content":{"rendered":"<p><em>Le Regard Libre<\/em> N\u00b0 88 | Dossier SEXE<br \/>\nExemplaire papier<br \/>\nEdition de septembre 2022<br \/>\nFormat magazine papier chic (68 pages)<\/p>\n<hr \/>\n<p><strong>SOMMAIRE:<\/strong><\/p>\n<p class=\"p1\"><b>05 <\/b>| L\u2019\u00e9dito: Quelle place encore pour l\u2019\u00e9rotisme?<br \/>\n<b>07 <\/b>| <span class=\"s1\">Chronique de Quentin Mouron: C\u00e9saire, sa verge contre nos colons<br \/>\n<\/span><b>08 <\/b><span class=\"s2\">| <\/span><span class=\"s1\">Br\u00e8ves insolites: Sus \u00e0 la sodomie au Texas et l\u2019histoire d\u2019un <i>d\u00e9d\u00e9sir<br \/>\n<\/i><\/span><b>10 <\/b>| <span class=\"s3\">Ils voulaient un pays qui leur ressemble: ils ont cr\u00e9\u00e9 le Liberland<br \/>\n<\/span><b>13 <\/b>| <span class=\"s3\">Guerre dans le d\u00e9troit de Taiwan: les trois sc\u00e9narios<\/span><\/p>\n<p class=\"p2\"><b>Dossier: Le sexe, sans complexe<br \/>\n<\/b><b>18 <\/b>| <span class=\"s1\">L\u2019interdiction de la prostitution, miroir d\u2019une soci\u00e9t\u00e9 incoh\u00e9rente<br \/>\n<\/span><b>21 <\/b>| Le sexe, un objet politique?<br \/>\n<b>24 <\/b>| <span class=\"s4\">IVG, raisons et passions<br \/>\n<\/span><b>28 <\/b>| Du baiser entier au c\u0153ur du po\u00e8me<br \/>\n<b>32 <\/b>| Jean-Baptiste Del Amo: corps calcin\u00e9s, d\u00e9sirs consomm\u00e9s<br \/>\n<b>36 <\/b>| Le shibari: l\u2019\u00e9rotisme sur la corde raide<br \/>\n<b>39 <\/b>| <span class=\"s3\">Aznavour, un chanteur du sexe<\/span><\/p>\n<p class=\"p2\"><b>Actualit\u00e9s litt\u00e9raires<br \/>\n<\/b><b>44 <\/b>| La pression forme les diamants<br \/>\n<b>46 <\/b>| Quand les objets t\u00e9moignent d\u2019une s\u00e9paration<br \/>\n<b>48 <\/b>| <i>Summer<\/i>, dans les limbes du lac et des souvenirs<br \/>\n<b>49 <\/b>| <i>Une jolie fille comme \u00e7a<\/i>, un d\u00e9sir comme nul autre<\/p>\n<p class=\"p3\"><b>Les rendez-vous de fin de magazine<br \/>\n<\/b><b>50 <\/b>| Le photoreportage de Bernard L\u00e9chot: <i>Perchoirs<br \/>\n<\/i><b>56 <\/b>| <i>Le retour<\/i>, roman d\u2019Elliot\u00a0Mazzella, \u00e9pisode\u00a08\/15<br \/>\n<b>60 <\/b>| Des Moon Shoes aux Spikes, comment Nike a conquis l\u2019Oregon<br \/>\n<b>66 <\/b>| Talon d\u2019abonnement et formulaire de m\u00e9c\u00e9nat<\/p>\n<p class=\"p1\"><b>67 <\/b>| Impressum<\/p>\n<p class=\"p1\"><b>68 <\/b>| Citations<\/p>","protected":false},"excerpt":{"rendered":"<p>Le Regard Libre N\u00b0 88 | Dossier SEXE Exemplaire papier Edition de septembre 2022 Format magazine papier chic (68 pages) SOMMAIRE: 05 | L\u2019\u00e9dito: Quelle place encore pour l\u2019\u00e9rotisme? 07 | Chronique de Quentin Mouron: C\u00e9saire, sa verge contre nos [&hellip;]<\/p>","protected":false},"featured_media":508999,"comment_status":"open","ping_status":"closed","template":"","meta":{"_acf_changed":false},"product_brand":[],"product_cat":[1228],"product_tag":[],"class_list":{"0":"post-508884","1":"product","2":"type-product","3":"status-publish","4":"has-post-thumbnail","6":"product_cat-numeros","8":"first","9":"instock","10":"shipping-taxable","11":"purchasable","12":"product-type-variable"},"acf":[],"_links":{"self":[{"href":"https:\/\/leregardlibre.sandbox-novadev.ch\/en\/wp-json\/wp\/v2\/product\/508884","targetHints":{"allow":["GET"]}}],"collection":[{"href":"https:\/\/leregardlibre.sandbox-novadev.ch\/en\/wp-json\/wp\/v2\/product"}],"about":[{"href":"https:\/\/leregardlibre.sandbox-novadev.ch\/en\/wp-json\/wp\/v2\/types\/product"}],"replies":[{"embeddable":true,"href":"https:\/\/leregardlibre.sandbox-novadev.ch\/en\/wp-json\/wp\/v2\/comments?post=508884"}],"wp:featuredmedia":[{"embeddable":true,"href":"https:\/\/leregardlibre.sandbox-novadev.ch\/en\/wp-json\/"}],"wp:attachment":[{"href":"https:\/\/leregardlibre.sandbox-novadev.ch\/en\/wp-json\/wp\/v2\/media?parent=508884"}],"wp:term":[{"taxonomy":"product_brand","embeddable":true,"href":"https:\/\/leregardlibre.sandbox-novadev.ch\/en\/wp-json\/wp\/v2\/product_brand?post=508884"},{"taxonomy":"product_cat","embeddable":true,"href":"https:\/\/leregardlibre.sandbox-novadev.ch\/en\/wp-json\/wp\/v2\/product_cat?post=508884"},{"taxonomy":"product_tag","embeddable":true,"href":"https:\/\/leregardlibre.sandbox-novadev.ch\/en\/wp-json\/wp\/v2\/product_tag?post=508884"}],"curies":[{"name":"wp","href":"https:\/\/api.w.org\/{rel}","templated":true}]}}