{"id":50371,"date":"2022-07-15T13:55:46","date_gmt":"2022-07-15T11:55:46","guid":{"rendered":"https:\/\/leregardlibre.com\/?post_type=product&#038;p=50371"},"modified":"2026-02-26T10:42:40","modified_gmt":"2026-02-26T10:42:40","slug":"abonnement-standard","status":"publish","type":"product","link":"https:\/\/leregardlibre.sandbox-novadev.ch\/en\/product\/abonnement-standard\/","title":{"rendered":"Abonnement standard"},"content":{"rendered":"<p>Acc\u00e8s \u00e0 tous les articles du site pendant une ann\u00e9e et aux \u00e9ditions papier (10 num\u00e9ros)<\/p>","protected":false},"excerpt":{"rendered":"<p>Acc\u00e8s \u00e0 tous les articles du site pendant une ann\u00e9e et aux \u00e9ditions papier (10 num\u00e9ros)<\/p>","protected":false},"featured_media":531222,"comment_status":"open","ping_status":"closed","template":"","meta":{"_acf_changed":false},"product_brand":[],"product_cat":[1226],"product_tag":[],"class_list":{"0":"post-50371","1":"product","2":"type-product","3":"status-publish","4":"has-post-thumbnail","6":"product_cat-abonnements","8":"first","9":"instock","10":"shipping-taxable","11":"purchasable","12":"product-type-variable-subscription","13":"has-default-attributes"},"acf":[],"_links":{"self":[{"href":"https:\/\/leregardlibre.sandbox-novadev.ch\/en\/wp-json\/wp\/v2\/product\/50371","targetHints":{"allow":["GET"]}}],"collection":[{"href":"https:\/\/leregardlibre.sandbox-novadev.ch\/en\/wp-json\/wp\/v2\/product"}],"about":[{"href":"https:\/\/leregardlibre.sandbox-novadev.ch\/en\/wp-json\/wp\/v2\/types\/product"}],"replies":[{"embeddable":true,"href":"https:\/\/leregardlibre.sandbox-novadev.ch\/en\/wp-json\/wp\/v2\/comments?post=50371"}],"wp:featuredmedia":[{"embeddable":true,"href":"https:\/\/leregardlibre.sandbox-novadev.ch\/en\/wp-json\/wp\/v2\/media\/531222"}],"wp:attachment":[{"href":"https:\/\/leregardlibre.sandbox-novadev.ch\/en\/wp-json\/wp\/v2\/media?parent=50371"}],"wp:term":[{"taxonomy":"product_brand","embeddable":true,"href":"https:\/\/leregardlibre.sandbox-novadev.ch\/en\/wp-json\/wp\/v2\/product_brand?post=50371"},{"taxonomy":"product_cat","embeddable":true,"href":"https:\/\/leregardlibre.sandbox-novadev.ch\/en\/wp-json\/wp\/v2\/product_cat?post=50371"},{"taxonomy":"product_tag","embeddable":true,"href":"https:\/\/leregardlibre.sandbox-novadev.ch\/en\/wp-json\/wp\/v2\/product_tag?post=50371"}],"curies":[{"name":"wp","href":"https:\/\/api.w.org\/{rel}","templated":true}]}}