{"id":50366,"date":"2022-07-15T13:53:17","date_gmt":"2022-07-15T11:53:17","guid":{"rendered":"https:\/\/leregardlibre.com\/?post_type=product&amp;p=50366"},"modified":"2022-07-15T13:53:17","modified_gmt":"2022-07-15T11:53:17","slug":"abonnement-numerique-2","status":"publish","type":"product","link":"https:\/\/leregardlibre.sandbox-novadev.ch\/en\/product\/abonnement-numerique-2\/","title":{"rendered":"Abonnement num\u00e9rique"},"content":{"rendered":"<p>Acc\u00e8s \u00e0 tous les articles du site pendant une ann\u00e9e ainsi qu&rsquo;aux \u00e9ditions e-Paper du magazine papier<\/p>","protected":false},"excerpt":{"rendered":"<p>Acc\u00e8s \u00e0 tous les articles du site pendant une ann\u00e9e ainsi qu&rsquo;aux \u00e9ditions e-Paper du magazine papier<\/p>","protected":false},"featured_media":522621,"comment_status":"open","ping_status":"closed","template":"","meta":{"_acf_changed":false},"product_brand":[],"product_cat":[1226],"product_tag":[],"class_list":{"0":"post-50366","1":"product","2":"type-product","3":"status-publish","4":"has-post-thumbnail","6":"product_cat-abonnements","8":"first","9":"instock","10":"shipping-taxable","11":"purchasable","12":"product-type-variable-subscription","13":"has-default-attributes"},"acf":[],"_links":{"self":[{"href":"https:\/\/leregardlibre.sandbox-novadev.ch\/en\/wp-json\/wp\/v2\/product\/50366","targetHints":{"allow":["GET"]}}],"collection":[{"href":"https:\/\/leregardlibre.sandbox-novadev.ch\/en\/wp-json\/wp\/v2\/product"}],"about":[{"href":"https:\/\/leregardlibre.sandbox-novadev.ch\/en\/wp-json\/wp\/v2\/types\/product"}],"replies":[{"embeddable":true,"href":"https:\/\/leregardlibre.sandbox-novadev.ch\/en\/wp-json\/wp\/v2\/comments?post=50366"}],"wp:featuredmedia":[{"embeddable":true,"href":"https:\/\/leregardlibre.sandbox-novadev.ch\/en\/wp-json\/"}],"wp:attachment":[{"href":"https:\/\/leregardlibre.sandbox-novadev.ch\/en\/wp-json\/wp\/v2\/media?parent=50366"}],"wp:term":[{"taxonomy":"product_brand","embeddable":true,"href":"https:\/\/leregardlibre.sandbox-novadev.ch\/en\/wp-json\/wp\/v2\/product_brand?post=50366"},{"taxonomy":"product_cat","embeddable":true,"href":"https:\/\/leregardlibre.sandbox-novadev.ch\/en\/wp-json\/wp\/v2\/product_cat?post=50366"},{"taxonomy":"product_tag","embeddable":true,"href":"https:\/\/leregardlibre.sandbox-novadev.ch\/en\/wp-json\/wp\/v2\/product_tag?post=50366"}],"curies":[{"name":"wp","href":"https:\/\/api.w.org\/{rel}","templated":true}]}}