{"id":49030,"date":"2022-05-30T21:21:34","date_gmt":"2022-05-30T19:21:34","guid":{"rendered":"https:\/\/leregardlibre.com\/?post_type=product&amp;p=49030"},"modified":"2022-05-30T21:21:34","modified_gmt":"2022-05-30T19:21:34","slug":"le-regard-libre-no-86-dossier-nucleaire","status":"publish","type":"product","link":"https:\/\/leregardlibre.sandbox-novadev.ch\/en\/product\/le-regard-libre-no-86-dossier-nucleaire\/","title":{"rendered":"Le Regard Libre &#8211; N\u00ba 86 | Dossier NUCLEAIRE"},"content":{"rendered":"<p><em>Le Regard Libre<\/em> N\u00b0 86 | Dossier NUCLEAIRE<br \/>\nExemplaire papier<br \/>\nEdition de juin 2022<br \/>\nFormat magazine papier chic (68 pages)<\/p>\n<hr \/>\n<p class=\"p1\"><a href=\"https:\/\/www.youtube.com\/watch?v=kbr6JKAuWTU&amp;ab_channel=LeRegardLibre\"><b><em>Pr\u00e9sentation vid\u00e9o du num\u00e9ro<\/em><\/b><\/a><\/p>\n<p class=\"p1\"><b>SOMMAIRE:<br \/>\n<\/b><\/p>\n<p class=\"p1\"><b>05 <\/b>| L\u2019\u00e9dito: Pourquoi le nucl\u00e9aire revient dans le d\u00e9bat<br \/>\n<b>07 <\/b>| <span class=\"s1\">Au Liban, acheter des voix pour combattre la corruption<br \/>\n<\/span><b>08 <\/b><span class=\"s2\">| <\/span>Br\u00e8ves insolites: Du rock au Roc et la viande en p\u00e9ril<br \/>\n<b>10 <\/b>| <span class=\"s3\"><i>Le Peuple<\/i>, nouveau m\u00e9dia romand de droite. Interview<br \/>\n<\/span><b>14 <\/b>| Venu de Chine, le cr\u00e9dit social se r\u00e9pand en Europe<\/p>\n<p class=\"p2\"><b>Dossier: Le grand retour du nucl\u00e9aire<br \/>\n<\/b><b>22 <\/b>| Politique \u00e9nerg\u00e9tique de la Suisse: le d\u00e9bat <span class=\"s4\">Philippe Nantermod VS Delphine Klopfenstein Broggini<br \/>\n<\/span><b>27 <\/b>| Le retour de la prolif\u00e9ration nucl\u00e9aire militaire<br \/>\n<b>31 <\/b>| <span class=\"s3\"><a href=\"https:\/\/twitter.com\/FerghaneA?ref_src=twsrc%5Egoogle%7Ctwcamp%5Eserp%7Ctwgr%5Eauthor\">Ferghane Azihari<\/a>, <i>Les Ecologistes contre la modernit\u00e9<\/i><\/span><span class=\"Apple-converted-space\"><br \/>\n<\/span><b>33 <\/b>| Centrales \u00e0 fusion: o\u00f9 en est-on concr\u00e8tement?<br \/>\n<b>38 <\/b>| <i>Les Physiciens<\/i>: l\u2019art comme pare-feu \u00e9thique<br \/>\n<b>40 <\/b>| Quand la peur de la science se cristallise dans l\u2019art<\/p>\n<p class=\"p2\"><b>Actualit\u00e9s culturelles<br \/>\n<\/b><b>44 <\/b>| <span class=\"s3\">Le cin\u00e9ma d\u2019Afrique du Sud s\u2019affirme, mais n\u2019abolit rien<br \/>\n<\/span><b>46 <\/b>| Pourquoi (re)lire San-Antonio?<br \/>\n<b>48 <\/b>| Annie Ernaux, <i>Le jeune homme<\/i> est amer<\/p>\n<p class=\"p3\"><b>Les rendez-vous de fin de magazine<br \/>\n<\/b><b>50 <\/b>| Le photoreportage de Bernard L\u00e9chot: <i>Avec le temps<br \/>\n<\/i><b>56 <\/b>| <i>Le retour<\/i>, roman d\u2019Elliot\u00a0Mazzella, \u00e9pisode\u00a06\/15<br \/>\n<b>60 <\/b>| Sport: La voile, un domaine d\u2019investissement prosp\u00e8re<br \/>\n<b>66 <\/b>| Talon d\u2019abonnement et formulaire de m\u00e9c\u00e9nat<br \/>\n<b>67 <\/b>| Impressum<br \/>\n<b>68 <\/b>| Citations<\/p>\n<p><a href=\"https:\/\/leregardlibre.sandbox-novadev.ch\/en\/product\/le-regard-libre-no-85\/\"><em>Vers le pr\u00e9c\u00e9dent num\u00e9ro<\/em><\/a><\/p>","protected":false},"excerpt":{"rendered":"<p>Le Regard Libre N\u00b0 86 | Dossier NUCLEAIRE Exemplaire papier Edition de juin 2022 Format magazine papier chic (68 pages) Pr\u00e9sentation vid\u00e9o du num\u00e9ro SOMMAIRE: 05 | L\u2019\u00e9dito: Pourquoi le nucl\u00e9aire revient dans le d\u00e9bat 07 | Au Liban, acheter [&hellip;]<\/p>","protected":false},"featured_media":531051,"comment_status":"open","ping_status":"closed","template":"","meta":{"_acf_changed":false},"product_brand":[],"product_cat":[1228],"product_tag":[],"class_list":{"0":"post-49030","1":"product","2":"type-product","3":"status-publish","4":"has-post-thumbnail","6":"product_cat-numeros","8":"first","9":"instock","10":"shipping-taxable","11":"purchasable","12":"product-type-variable"},"acf":[],"_links":{"self":[{"href":"https:\/\/leregardlibre.sandbox-novadev.ch\/en\/wp-json\/wp\/v2\/product\/49030","targetHints":{"allow":["GET"]}}],"collection":[{"href":"https:\/\/leregardlibre.sandbox-novadev.ch\/en\/wp-json\/wp\/v2\/product"}],"about":[{"href":"https:\/\/leregardlibre.sandbox-novadev.ch\/en\/wp-json\/wp\/v2\/types\/product"}],"replies":[{"embeddable":true,"href":"https:\/\/leregardlibre.sandbox-novadev.ch\/en\/wp-json\/wp\/v2\/comments?post=49030"}],"wp:featuredmedia":[{"embeddable":true,"href":"https:\/\/leregardlibre.sandbox-novadev.ch\/en\/wp-json\/wp\/v2\/media\/531051"}],"wp:attachment":[{"href":"https:\/\/leregardlibre.sandbox-novadev.ch\/en\/wp-json\/wp\/v2\/media?parent=49030"}],"wp:term":[{"taxonomy":"product_brand","embeddable":true,"href":"https:\/\/leregardlibre.sandbox-novadev.ch\/en\/wp-json\/wp\/v2\/product_brand?post=49030"},{"taxonomy":"product_cat","embeddable":true,"href":"https:\/\/leregardlibre.sandbox-novadev.ch\/en\/wp-json\/wp\/v2\/product_cat?post=49030"},{"taxonomy":"product_tag","embeddable":true,"href":"https:\/\/leregardlibre.sandbox-novadev.ch\/en\/wp-json\/wp\/v2\/product_tag?post=49030"}],"curies":[{"name":"wp","href":"https:\/\/api.w.org\/{rel}","templated":true}]}}