{"id":48321,"date":"2022-05-05T17:47:36","date_gmt":"2022-05-05T15:47:36","guid":{"rendered":"https:\/\/leregardlibre.com\/?post_type=product&amp;p=48321"},"modified":"2022-05-05T17:47:36","modified_gmt":"2022-05-05T15:47:36","slug":"le-regard-libre-no-85-dossier-suisse","status":"publish","type":"product","link":"https:\/\/leregardlibre.sandbox-novadev.ch\/en\/product\/le-regard-libre-no-85-dossier-suisse\/","title":{"rendered":"Le Regard Libre &#8211; N\u00ba 85 | Dossier SUISSE"},"content":{"rendered":"<p><em>Le Regard Libre<\/em> N\u00b0 85 | Dossier SUISSE<br \/>\nExemplaire papier<br \/>\nEdition de mai 2022<br \/>\nFormat magazine papier chic (68 pages)<\/p>\n<hr \/>\n<p class=\"p1\"><b><em><a href=\"https:\/\/www.youtube.com\/watch?v=ETMr__qB97I&amp;ab_channel=LeRegardLibre\">Pr\u00e9sentation vid\u00e9o du num\u00e9ro<\/a><\/em><\/b><\/p>\n<p class=\"p1\"><b>SOMMAIRE:<br \/>\n<\/b><b><\/b><b>05 <\/b>| L\u2019\u00e9dito: L\u2019\u00e9tat du d\u00e9bat d\u2019id\u00e9es en Suisse romande<br \/>\n<b>07 <\/b>| La cartouche de <a href=\"https:\/\/www.youtube.com\/channel\/UCR0KXhzfUheB3P92Pu-HNiw\">Ralph M\u00fcller<\/a>: \u00abL\u2019inclusion exclusive\u00bb<br \/>\n<b>08 <\/b><span class=\"s1\">| <\/span><span class=\"s2\">Br\u00e8ves insolites: P\u00e9cresse \u00e0 P\u00e2ques et une r\u00e9union de Pink Floyd<br \/>\n<\/span><b>10 <\/b>| Tocqueville, repr\u00e9sentant du dilemme du droit et de l\u2019Etat<br \/>\n<b>13 <\/b>| <span class=\"s3\">Les partis politiques sont plus diversifi\u00e9s \u00e0 droite qu\u2019\u00e0 gauche<\/span><\/p>\n<p class=\"p2\"><b>Dossier: La Suisse, d\u00e9finition<br \/>\n<\/b><b>18 <\/b>| Dominique Dirlewanger et Olivier Meuwly croisent le fer<br \/>\n<b>28 <\/b>| L\u2019exception suisse, entre mythes et r\u00e9alit\u00e9<br \/>\n<b>32 <\/b>| <span class=\"s2\">Ada Marra: \u00abL\u2019UDC a r\u00e9ussi \u00e0 voler la d\u00e9finition d\u2019\u00eatre Suisse\u00bb<br \/>\n<\/span><b>34 <\/b>| La Suisse: neutre au niveau linguistique?<br \/>\n<b>37 <\/b>| <span class=\"s4\">Suisse et Ukraine ont plus de points communs qu\u2019on le pense<br \/>\n<\/span><b>40 <\/b>| Plus il y a de d\u00e9mocratie, moins il y a de contestation<br \/>\n<b>42 <\/b>| Oui, il existe un art suisse<\/p>\n<p class=\"p2\"><b>Actualit\u00e9s litt\u00e9raires<br \/>\n<\/b><b>46 <\/b>| <span class=\"s5\"><i>Les abeilles grises<\/i>, habitantes de la guerre russo-ukrainienne<br \/>\n<\/span><b>48 <\/b>| All\u00f4 docteur bobo<\/p>\n<p class=\"p3\"><b>Les rendez-vous de fin de magazine<br \/>\n<\/b><b>50 <\/b>| <span class=\"s6\">Le photoreportage de Bernard L\u00e9chot: <i>Il \u00e9tait une fois dans l\u2019ouest<br \/>\n<\/i><\/span><b>56 <\/b>| <i>Le retour<\/i>, roman d\u2019Elliot\u00a0Mazzella, \u00e9pisode\u00a05\/15<br \/>\n<b>60 <\/b>| Le Burkina Faso face aux d\u00e9fis de la mondialisation du rugby<span class=\"Apple-converted-space\"><br \/>\n<\/span><b>66 <\/b>| Talon d\u2019abonnement et formulaire de m\u00e9c\u00e9nat<br \/>\n<b>67 <\/b>| Impressum<br \/>\n<b>68 <\/b>| Citations<\/p>\n<p><a href=\"https:\/\/leregardlibre.sandbox-novadev.ch\/en\/product\/le-regard-libre-no-84\/\"><em>Vers le pr\u00e9c\u00e9dent num\u00e9ro<\/em><\/a><\/p>","protected":false},"excerpt":{"rendered":"<p>Le Regard Libre N\u00b0 85 | Dossier SUISSE Exemplaire papier Edition de mai 2022 Format magazine papier chic (68 pages) Pr\u00e9sentation vid\u00e9o du num\u00e9ro SOMMAIRE: 05 | L\u2019\u00e9dito: L\u2019\u00e9tat du d\u00e9bat d\u2019id\u00e9es en Suisse romande 07 | La cartouche de [&hellip;]<\/p>","protected":false},"featured_media":48324,"comment_status":"open","ping_status":"closed","template":"","meta":{"_acf_changed":false},"product_brand":[],"product_cat":[1228],"product_tag":[],"class_list":{"0":"post-48321","1":"product","2":"type-product","3":"status-publish","4":"has-post-thumbnail","6":"product_cat-numeros","8":"first","9":"instock","10":"shipping-taxable","11":"purchasable","12":"product-type-variable"},"acf":[],"_links":{"self":[{"href":"https:\/\/leregardlibre.sandbox-novadev.ch\/en\/wp-json\/wp\/v2\/product\/48321","targetHints":{"allow":["GET"]}}],"collection":[{"href":"https:\/\/leregardlibre.sandbox-novadev.ch\/en\/wp-json\/wp\/v2\/product"}],"about":[{"href":"https:\/\/leregardlibre.sandbox-novadev.ch\/en\/wp-json\/wp\/v2\/types\/product"}],"replies":[{"embeddable":true,"href":"https:\/\/leregardlibre.sandbox-novadev.ch\/en\/wp-json\/wp\/v2\/comments?post=48321"}],"wp:featuredmedia":[{"embeddable":true,"href":"https:\/\/leregardlibre.sandbox-novadev.ch\/en\/wp-json\/"}],"wp:attachment":[{"href":"https:\/\/leregardlibre.sandbox-novadev.ch\/en\/wp-json\/wp\/v2\/media?parent=48321"}],"wp:term":[{"taxonomy":"product_brand","embeddable":true,"href":"https:\/\/leregardlibre.sandbox-novadev.ch\/en\/wp-json\/wp\/v2\/product_brand?post=48321"},{"taxonomy":"product_cat","embeddable":true,"href":"https:\/\/leregardlibre.sandbox-novadev.ch\/en\/wp-json\/wp\/v2\/product_cat?post=48321"},{"taxonomy":"product_tag","embeddable":true,"href":"https:\/\/leregardlibre.sandbox-novadev.ch\/en\/wp-json\/wp\/v2\/product_tag?post=48321"}],"curies":[{"name":"wp","href":"https:\/\/api.w.org\/{rel}","templated":true}]}}