{"id":47463,"date":"2022-03-31T20:27:07","date_gmt":"2022-03-31T18:27:07","guid":{"rendered":"https:\/\/leregardlibre.com\/?post_type=product&amp;p=47463"},"modified":"2022-03-31T20:27:07","modified_gmt":"2022-03-31T18:27:07","slug":"le-regard-libre-no-84-dossier-ukraine","status":"publish","type":"product","link":"https:\/\/leregardlibre.sandbox-novadev.ch\/en\/product\/le-regard-libre-no-84-dossier-ukraine\/","title":{"rendered":"Le Regard Libre &#8211; N\u00ba 84 | Dossier UKRAINE"},"content":{"rendered":"<p><em>Le Regard Libre<\/em> N\u00b0 84 | Dossier UKRAINE<br \/>\nExemplaire papier<br \/>\nEdition d\u2019avril 2022<br \/>\nFormat magazine papier chic (68 pages)<\/p>\n<hr \/>\n<p class=\"p1\"><b>SOMMAIRE:<br \/>\n<\/b><b>05 <\/b>| L\u2019\u00e9dito: Quand un mensuel se heurte \u00e0 l\u2019actualit\u00e9<br \/>\n<b>07 <\/b>| <span class=\"s1\"><a href=\"https:\/\/fr.wikipedia.org\/wiki\/Quentin_Mouron\">Quentin Mouron<\/a>: \u00abLe capitalisme ne compte pas ses morts\u00bb<br \/>\n<\/span><b>08 <\/b><span class=\"s2\">| <\/span><span class=\"s1\">Br\u00e8ves insolites: Ours-\u00e9crivain et garde partag\u00e9e des animaux<br \/>\n<\/span><b>10 <\/b>| L\u2019affaire Sarah Halimi r\u00e9v\u00e8le les fractures fran\u00e7aises<\/p>\n<p class=\"p2\"><b>Dossier sp\u00e9cial: Une nouvelle guerre en Europe<br \/>\n<\/b><b>16 <\/b>| L\u2019Ukraine existe: voici son histoire<span class=\"Apple-converted-space\"><br \/>\n<\/span><b>18 <\/b>| Vers un nouvel ordre g\u00e9opolitique mondial<br \/>\n<b>21 <\/b>| La guerre 2.0 sur les r\u00e9seaux sociaux<br \/>\n<b>24 <\/b>| <a href=\"https:\/\/fr.wikipedia.org\/wiki\/Pascal_Couchepin\">Pascal Couchepin<\/a> raconte sa rencontre avec Poutine<\/p>\n<p class=\"p2\"><b>Th\u00e8me du mois: L\u2019homme et l\u2019animal<br \/>\n<\/b><b>30 <\/b>|<span class=\"s3\"> D\u00e9couvrir le singe en nous, c\u2019est apprendre \u00e0 nous conna\u00eetre<br \/>\n<\/span><b>35 <\/b>| Droits des animaux: vers un anti-humanisme<br \/>\n<b>38 <\/b>| En pleine Renaissance, les proc\u00e8s d\u2019animaux<br \/>\n<b>40 <\/b>| Animaux en litt\u00e9rature, satire \u00e0 balles r\u00e9elles<\/p>\n<p class=\"p2\"><b>Actualit\u00e9s culturelles<br \/>\n<\/b><b>43 <\/b>| <a href=\"https:\/\/www.imdb.com\/name\/nm3701357\/\">Mounia Akl<\/a>: \u00abLa cr\u00e9ation est un acte de libert\u00e9\u00bb<br \/>\n<b>46 <\/b>| <span class=\"s1\"><i>Les Alpes \u00e0 v\u00e9lo<\/i> ou quand l\u2019effort sportif stimule la cr\u00e9ativit\u00e9<br \/>\n<\/span><b>50 <\/b>| Daniel Simon, Mai 68 \u00e0 Neuch\u00e2tel<\/p>\n<p class=\"p4\"><b>Les rendez-vous de fin de magazine<br \/>\n<\/b><b>52 <\/b>| Le photoreportage de Bernard L\u00e9chot: <i>Trois p\u00eacheurs<br \/>\n<\/i><b>58 <\/b>| <i>Le retour<\/i>, roman d\u2019Elliot\u00a0Mazzella, \u00e9pisode\u00a04\/15<br \/>\n<b>62 <\/b>| <span class=\"s1\">Nahed Basheer al-Baqer, ic\u00f4ne des d\u00e9fenseurs de l\u2019information<br \/>\n<\/span><b>66 <\/b>| Talon d\u2019abonnement et formulaire de m\u00e9c\u00e9nat<br \/>\n<b>67 <\/b>| Impressum<br \/>\n<b>68 <\/b>| Citations<\/p>\n<p><a href=\"https:\/\/leregardlibre.sandbox-novadev.ch\/en\/product\/le-regard-libre-no-83\/\"><em>Vers le pr\u00e9c\u00e9dent num\u00e9ro<\/em><\/a><\/p>","protected":false},"excerpt":{"rendered":"<p>Le Regard Libre N\u00b0 84 | Dossier UKRAINE Exemplaire papier Edition d\u2019avril 2022 Format magazine papier chic (68 pages) SOMMAIRE: 05 | L\u2019\u00e9dito: Quand un mensuel se heurte \u00e0 l\u2019actualit\u00e9 07 | Quentin Mouron: \u00abLe capitalisme ne compte pas ses [&hellip;]<\/p>","protected":false},"featured_media":47467,"comment_status":"open","ping_status":"closed","template":"","meta":{"_acf_changed":false},"product_brand":[],"product_cat":[1228],"product_tag":[],"class_list":{"0":"post-47463","1":"product","2":"type-product","3":"status-publish","4":"has-post-thumbnail","6":"product_cat-numeros","8":"first","9":"instock","10":"shipping-taxable","11":"purchasable","12":"product-type-variable"},"acf":[],"_links":{"self":[{"href":"https:\/\/leregardlibre.sandbox-novadev.ch\/en\/wp-json\/wp\/v2\/product\/47463","targetHints":{"allow":["GET"]}}],"collection":[{"href":"https:\/\/leregardlibre.sandbox-novadev.ch\/en\/wp-json\/wp\/v2\/product"}],"about":[{"href":"https:\/\/leregardlibre.sandbox-novadev.ch\/en\/wp-json\/wp\/v2\/types\/product"}],"replies":[{"embeddable":true,"href":"https:\/\/leregardlibre.sandbox-novadev.ch\/en\/wp-json\/wp\/v2\/comments?post=47463"}],"wp:featuredmedia":[{"embeddable":true,"href":"https:\/\/leregardlibre.sandbox-novadev.ch\/en\/wp-json\/"}],"wp:attachment":[{"href":"https:\/\/leregardlibre.sandbox-novadev.ch\/en\/wp-json\/wp\/v2\/media?parent=47463"}],"wp:term":[{"taxonomy":"product_brand","embeddable":true,"href":"https:\/\/leregardlibre.sandbox-novadev.ch\/en\/wp-json\/wp\/v2\/product_brand?post=47463"},{"taxonomy":"product_cat","embeddable":true,"href":"https:\/\/leregardlibre.sandbox-novadev.ch\/en\/wp-json\/wp\/v2\/product_cat?post=47463"},{"taxonomy":"product_tag","embeddable":true,"href":"https:\/\/leregardlibre.sandbox-novadev.ch\/en\/wp-json\/wp\/v2\/product_tag?post=47463"}],"curies":[{"name":"wp","href":"https:\/\/api.w.org\/{rel}","templated":true}]}}