{"id":46515,"date":"2022-03-02T19:29:58","date_gmt":"2022-03-02T18:29:58","guid":{"rendered":"https:\/\/leregardlibre.com\/?post_type=product&amp;p=46515"},"modified":"2022-03-02T19:29:58","modified_gmt":"2022-03-02T18:29:58","slug":"le-regard-libre-no-83","status":"publish","type":"product","link":"https:\/\/leregardlibre.sandbox-novadev.ch\/en\/product\/le-regard-libre-no-83\/","title":{"rendered":"Le Regard Libre &#8211; N\u00ba 83 | Dossier IRONIE"},"content":{"rendered":"<p><em>Le Regard Libre<\/em> N\u00b0 83<br \/>\nExemplaire papier<br \/>\nEdition de mars 2022<br \/>\nFormat magazine papier chic (68 pages)<\/p>\n<hr \/>\n<p class=\"p1\"><b><em><a href=\"https:\/\/www.youtube.com\/watch?v=EQeU0jCvsLY\">Pr\u00e9sentation vid\u00e9o du num\u00e9ro<\/a><\/em><\/b><\/p>\n<p class=\"p1\"><b>SOMMAIRE:<\/b><\/p>\n<p><strong>05<\/strong> | L\u2019\u00e9dito de Jonas Follonier: Pas de d\u00e9mocratie sans ironie<br \/>\n<b>07 <\/b>| <span class=\"s1\">La lecture de Pascal Couchepin: <i>La splendeur et l\u2019infamie<br \/>\n<\/i><\/span><b>08 <\/b>| Tribune: \u00abD\u2019un essentialisme \u00e0 un autre\u00bb<br \/>\n<b>10 <\/b><span class=\"s2\">| <\/span><span class=\"s3\">Br\u00e8ves insolites: Journ\u00e9es sans natel et \u00e9moji \u00abhomme enceint\u00bb<br \/>\n<\/span><b>12 <\/b>| Qui veut se battre pour la d\u00e9mocratie?<\/p>\n<p class=\"p2\"><b><span class=\"Apple-converted-space\">\u00a0<\/span>Dossier: L\u2019ironie face \u00e0 tous les dangers<br \/>\n<\/b><b>16 | <\/b>Patrick Chappatte: \u00abOn arrive dans une soci\u00e9t\u00e9 qui ne comprend plus l\u2019ironie\u00bb<b><span class=\"Apple-converted-space\"><br \/>\n<\/span>21 <\/b>| L\u2019ironie comme fil rouge de la litt\u00e9rature fran\u00e7aise<br \/>\n<b>22 <\/b>| La libert\u00e9 d\u2019expression est toujours \u00e0 conqu\u00e9rir<br \/>\n<b>24 <\/b>| Aucune pol\u00e9mique n\u2019est innocente<br \/>\n<b>26 <\/b>| Philippe Val: \u00abL\u2019humour suppose le sens du tragique\u00bb<span class=\"Apple-converted-space\"><br \/>\n<\/span><b>32 <\/b>| <i>Le Voyant d\u2019Etampes<\/i>, un roman wokistador?<br \/>\n<b>36 <\/b>| Quand l\u2019art contemporain s\u2019adonne \u00e0 sa propre satire<br \/>\n<b>38 <\/b>| Rire au cin\u00e9ma: encore un acte contestataire?<\/p>\n<p class=\"p2\"><b>Actualit\u00e9s culturelles<br \/>\n<\/b><b>42 <\/b>| <i>Villa royale<\/i>, de la fuite dans les id\u00e9es<br \/>\n<b>44 <\/b>| <span class=\"s1\"><i>Nos Fleurs du Mal<\/i>, pastiche contemporain de Baudelaire<br \/>\n<\/span><b>46 <\/b>| Une pi\u00e8ce qui accompagne les deuils et honore nos morts<br \/>\n<b>48 <\/b>| Fondation Gianadda: Jean Dubuffet \u2013 sur parole!<\/p>\n<p class=\"p3\"><b>Les rendez-vous de fin de magazine<br \/>\n<\/b><b>50 <\/b>| Le photoreportage de Bernard L\u00e9chot: <i>Silhouettes<br \/>\n<\/i><b>56 <\/b>| <i>Le retour<\/i>, roman d\u2019Elliot\u00a0Mazzella, \u00e9pisode\u00a03\/15<br \/>\n<b>60 <\/b>| <span class=\"s1\">Sport: Tisser des ponts entre Gaza, la Cisjordanie et le monde<br \/>\n<\/span><b>66 <\/b>| Talon d\u2019abonnement et formulaire de m\u00e9c\u00e9nat<br \/>\n<b>67 <\/b>| Impressum<br \/>\n<b>68 <\/b>| Citations<\/p>\n<p><a href=\"https:\/\/leregardlibre.sandbox-novadev.ch\/en\/product\/le-regard-libre-no-82\/\"><em>Vers le pr\u00e9c\u00e9dent num\u00e9ro<\/em><\/a><\/p>","protected":false},"excerpt":{"rendered":"<p>Le Regard Libre N\u00b0 83 Exemplaire papier Edition de mars 2022 Format magazine papier chic (68 pages) Pr\u00e9sentation vid\u00e9o du num\u00e9ro SOMMAIRE: 05 | L\u2019\u00e9dito de Jonas Follonier: Pas de d\u00e9mocratie sans ironie 07 | La lecture de Pascal Couchepin: [&hellip;]<\/p>","protected":false},"featured_media":46516,"comment_status":"open","ping_status":"closed","template":"","meta":{"_acf_changed":false},"product_brand":[],"product_cat":[1228],"product_tag":[],"class_list":{"0":"post-46515","1":"product","2":"type-product","3":"status-publish","4":"has-post-thumbnail","6":"product_cat-numeros","8":"first","9":"instock","10":"shipping-taxable","11":"purchasable","12":"product-type-variable"},"acf":[],"_links":{"self":[{"href":"https:\/\/leregardlibre.sandbox-novadev.ch\/en\/wp-json\/wp\/v2\/product\/46515","targetHints":{"allow":["GET"]}}],"collection":[{"href":"https:\/\/leregardlibre.sandbox-novadev.ch\/en\/wp-json\/wp\/v2\/product"}],"about":[{"href":"https:\/\/leregardlibre.sandbox-novadev.ch\/en\/wp-json\/wp\/v2\/types\/product"}],"replies":[{"embeddable":true,"href":"https:\/\/leregardlibre.sandbox-novadev.ch\/en\/wp-json\/wp\/v2\/comments?post=46515"}],"wp:featuredmedia":[{"embeddable":true,"href":"https:\/\/leregardlibre.sandbox-novadev.ch\/en\/wp-json\/"}],"wp:attachment":[{"href":"https:\/\/leregardlibre.sandbox-novadev.ch\/en\/wp-json\/wp\/v2\/media?parent=46515"}],"wp:term":[{"taxonomy":"product_brand","embeddable":true,"href":"https:\/\/leregardlibre.sandbox-novadev.ch\/en\/wp-json\/wp\/v2\/product_brand?post=46515"},{"taxonomy":"product_cat","embeddable":true,"href":"https:\/\/leregardlibre.sandbox-novadev.ch\/en\/wp-json\/wp\/v2\/product_cat?post=46515"},{"taxonomy":"product_tag","embeddable":true,"href":"https:\/\/leregardlibre.sandbox-novadev.ch\/en\/wp-json\/wp\/v2\/product_tag?post=46515"}],"curies":[{"name":"wp","href":"https:\/\/api.w.org\/{rel}","templated":true}]}}