{"id":45408,"date":"2022-01-31T18:16:26","date_gmt":"2022-01-31T17:16:26","guid":{"rendered":"https:\/\/leregardlibre.com\/?post_type=product&amp;p=45408"},"modified":"2022-01-31T18:16:26","modified_gmt":"2022-01-31T17:16:26","slug":"le-regard-libre-no-82","status":"publish","type":"product","link":"https:\/\/leregardlibre.sandbox-novadev.ch\/en\/product\/le-regard-libre-no-82\/","title":{"rendered":"Le Regard Libre &#8211; N\u00ba 82 | Dossier IMMIGRATION"},"content":{"rendered":"<p>Le Regard Libre N\u00b0 82 | Dossier IMMIGRATION<br \/>\nExemplaire papier<br \/>\nEdition de f\u00e9vrier 2022<br \/>\nFormat magazine papier chic (68 pages)<\/p>\n<hr \/>\n<p><strong><em><a href=\"https:\/\/www.youtube.com\/watch?v=EQeU0jCvsLY\">Pr\u00e9sentation vid\u00e9o du num\u00e9ro<\/a><\/em><\/strong><\/p>\n<p class=\"p1\"><strong>SOMMAIRE:<\/strong><\/p>\n<p class=\"p1\"><b>05 <\/b>| L\u2019\u00e9dito de Jonas Follonier: Dites bonjour au nouveau <i>Regard Libre<\/i>!<br \/>\n<b>07 <\/b>| Au Liban avec Sophie Woeldgen: Beyrouth et le communautarisme<br \/>\n<b>08 <\/b><span class=\"s1\">| <\/span><span class=\"s2\">Br\u00e8ves insolites: un prof d\u00e9chu et une fin de parcours pour les Bogdanoff<br \/>\n<\/span><b>10 <\/b>| <span class=\"s3\">Lettres de lecteurs: Eric Zemmour, Claude-Inga Barbey&#8230;<br \/>\n<\/span><b>11 <\/b>| <span class=\"s4\">Adam Smith, entre \u00e9go\u00efsme et altruisme<\/span><\/p>\n<p class=\"p2\"><b>DOSSIER | Immigration: faits, enjeux, id\u00e9es<br \/>\n<\/b><b>16 | <\/b>Eug\u00e9nie Basti\u00e9: \u00abLa question identitaire est devenue centrale dans la guerre des id\u00e9es\u00bb<br \/>\n<b>21 <\/b>| L\u2019immigration au c\u0153ur de la pr\u00e9sidentielle fran\u00e7aise<br \/>\n<b>22 <\/b>| Le grand remplacement: retour au texte<br \/>\n<b>24 <\/b>| Une Europe partag\u00e9e entre d\u00e9fiance et besoin de main-d\u2019\u0153uvre<br \/>\n<b>26 <\/b>| Suisse: l\u2019immigration en chiffres, de 1850 \u00e0 2050<span class=\"Apple-converted-space\"><br \/>\n<\/span><b>28 <\/b>| <span class=\"s4\">Claude Calame: \u00abL\u2019UE se rend coupable d\u2019un crime contre l\u2019humanit\u00e9\u00bb<br \/>\n<\/span><b>32 <\/b>| <span class=\"s2\">Immigration vs immigrations<\/span><\/p>\n<p class=\"p2\"><b>Actualit\u00e9s culturelles<br \/>\n<\/b><b>36 <\/b>| Peter Brook, artiste que les ann\u00e9es couronnent<br \/>\n<b>38 <\/b>| Un mus\u00e9e \u00e0 la confluence des vies<br \/>\n<b>40 <\/b>| Quand \u00eatre un intellectuel conduit \u00e0 la mort<br \/>\n<b>42 <\/b>| Sylvain Tesson: un \u00e9t\u00e9 (pluvieux) avec Rimbaud<br \/>\n<b>44 <\/b>| A travers les vitraux d\u2019Isabelle Tabin-Darbellay, la lumi\u00e8re<br \/>\n<b>48 <\/b>| Coghuf, l\u2019artiste qui danse sur le \u00abR\u00f6stigraben\u00bb<\/p>\n<p class=\"p3\"><b>Les rendez-vous de fin de magazine<br \/>\n<\/b><b>50 <\/b>| Le photoreportage de Bernard L\u00e9chot: Hors saison<br \/>\n<b>56 <\/b>| <i>Le retour<\/i>, roman d\u2019Elliot\u00a0Mazzella, \u00e9pisode\u00a02\/15<br \/>\n<b>60 <\/b>| Sport: 1956, le boycott dans le sport \u00e9tait un acte d\u00e9complex\u00e9<br \/>\n<b>66 <\/b>| Talon d\u2019abonnement et formulaire de m\u00e9c\u00e9nat<br \/>\n<b>67 <\/b>| Impressum<br \/>\n<b>68 <\/b>| Citations<\/p>\n<p><a href=\"https:\/\/leregardlibre.sandbox-novadev.ch\/en\/product\/le-regard-libre-no-81\/\"><em>Vers le pr\u00e9c\u00e9dent num\u00e9ro<\/em><\/a><\/p>","protected":false},"excerpt":{"rendered":"<p>Le Regard Libre N\u00b0 82 | Dossier IMMIGRATION Exemplaire papier Edition de f\u00e9vrier 2022 Format magazine papier chic (68 pages) Pr\u00e9sentation vid\u00e9o du num\u00e9ro SOMMAIRE: 05 | L\u2019\u00e9dito de Jonas Follonier: Dites bonjour au nouveau Regard Libre! 07 | Au [&hellip;]<\/p>","protected":false},"featured_media":45411,"comment_status":"open","ping_status":"closed","template":"","meta":{"_acf_changed":false},"product_brand":[],"product_cat":[1228],"product_tag":[],"class_list":{"0":"post-45408","1":"product","2":"type-product","3":"status-publish","4":"has-post-thumbnail","6":"product_cat-numeros","8":"first","9":"instock","10":"shipping-taxable","11":"purchasable","12":"product-type-variable"},"acf":[],"_links":{"self":[{"href":"https:\/\/leregardlibre.sandbox-novadev.ch\/en\/wp-json\/wp\/v2\/product\/45408","targetHints":{"allow":["GET"]}}],"collection":[{"href":"https:\/\/leregardlibre.sandbox-novadev.ch\/en\/wp-json\/wp\/v2\/product"}],"about":[{"href":"https:\/\/leregardlibre.sandbox-novadev.ch\/en\/wp-json\/wp\/v2\/types\/product"}],"replies":[{"embeddable":true,"href":"https:\/\/leregardlibre.sandbox-novadev.ch\/en\/wp-json\/wp\/v2\/comments?post=45408"}],"wp:featuredmedia":[{"embeddable":true,"href":"https:\/\/leregardlibre.sandbox-novadev.ch\/en\/wp-json\/"}],"wp:attachment":[{"href":"https:\/\/leregardlibre.sandbox-novadev.ch\/en\/wp-json\/wp\/v2\/media?parent=45408"}],"wp:term":[{"taxonomy":"product_brand","embeddable":true,"href":"https:\/\/leregardlibre.sandbox-novadev.ch\/en\/wp-json\/wp\/v2\/product_brand?post=45408"},{"taxonomy":"product_cat","embeddable":true,"href":"https:\/\/leregardlibre.sandbox-novadev.ch\/en\/wp-json\/wp\/v2\/product_cat?post=45408"},{"taxonomy":"product_tag","embeddable":true,"href":"https:\/\/leregardlibre.sandbox-novadev.ch\/en\/wp-json\/wp\/v2\/product_tag?post=45408"}],"curies":[{"name":"wp","href":"https:\/\/api.w.org\/{rel}","templated":true}]}}