{"id":44684,"date":"2022-01-04T11:34:46","date_gmt":"2022-01-04T10:34:46","guid":{"rendered":"https:\/\/leregardlibre.com\/?post_type=product&amp;p=44684"},"modified":"2022-01-04T11:34:46","modified_gmt":"2022-01-04T10:34:46","slug":"le-regard-libre-no-81","status":"publish","type":"product","link":"https:\/\/leregardlibre.sandbox-novadev.ch\/en\/product\/le-regard-libre-no-81\/","title":{"rendered":"Le Regard Libre &#8211; N\u00ba 81"},"content":{"rendered":"<p>Le Regard Libre N\u00b0 81<br \/>\nExemplaire papier<br \/>\nEdition de janvier 2022<br \/>\nFormat magazine papier chic (68 pages)<\/p>\n<hr \/>\n<p class=\"p1\"><strong>SOMMAIRE:<\/strong><\/p>\n<p class=\"p1\"><b>07 <\/b>| <span class=\"s1\">L\u2019\u00e9dito de Jonas Follonier: Tocqueville, la libert\u00e9 contre l\u2019individualisme<br \/>\n<\/span><b>08 <\/b>| Raymond Gonzalez: c\u2019est pas lui, Nina Simone<\/p>\n<p class=\"p2\"><b>Politique<br \/>\n<\/b><b>14 <\/b>| Zemmour candidat: une bonne nouvelle pour tout le monde<br \/>\n<b>16 <\/b>| Trente ans apr\u00e8s, la dissolution de l\u2019URSS n\u2019est pas encore achev\u00e9e<br \/>\n<b>19 <\/b>| <span class=\"s2\">Dani\u00e8le Manesse, linguiste: \u00abLe genre grammatical, ce n\u2019est pas le sexe\u00bb<br \/>\n<\/span><b>22 <\/b>| Pourquoi les jeunes g\u00e9n\u00e9rations se contre-fichent du d\u00e9fi europ\u00e9en?<\/p>\n<p class=\"p2\"><b>Dossier \u00abPourquoi il faut (re)lire Marx\u00bb<br \/>\n<\/b><b>26 <\/b>| Lire Marx pour l\u00e9gitimer le capitalisme<br \/>\n<b>28 <\/b>| La plus-value chez Marx, une notion qui garde toute son actualit\u00e9<\/p>\n<p class=\"p2\"><b>Br\u00e8ves<br \/>\n<\/b><b>32 <\/b>| Trop de th\u00e9oriciens<br \/>\n<b>33 <\/b>| L\u2019Etat civil valaisan s\u00e9v\u00e8re sur les pr\u00e9noms<span class=\"Apple-converted-space\">\u00a0<\/span><\/p>\n<p class=\"p2\"><b>Litt\u00e9rature<br \/>\n<\/b><b>36 <\/b>| Blaise Hofmann, cultivateur prot\u00e9iforme<br \/>\n<b>42 <\/b>| <i>Marta et Arthur<\/i>, sur les l\u00e8vres le venin<br \/>\n<b>43 <\/b>| Prix Goncourt 2021: le labyrinthe humain<\/p>\n<p class=\"p2\"><b>Arts visuels<br \/>\n<\/b><b>44 <\/b>| Hors cadre: Goya ou la morale d\u2019une darne de saumon<br \/>\n<b>48 <\/b>| XXL: une exposition multisensorielle<br \/>\n<b>50 <\/b>| Le photoreportage de Bernard L\u00e9chot: Paris, quai de la musique<\/p>\n<p class=\"p2\"><b>56 <\/b>| Fiction: <i>Le retour<\/i>, \u00e9pisode\u00a01<br \/>\n<b>60 <\/b>| Sport: <span class=\"s1\">Pourquoi l\u2019Afrique du Sud se rapproche toujours plus de l\u2019Europe<\/span><\/p>\n<p class=\"p1\"><b>66 <\/b>| Talon d\u2019abonnement et formulaire de m\u00e9c\u00e9nat<br \/>\n<b>67 <\/b>| Impressum<br \/>\n<b>68 <\/b>| Citations<\/p>","protected":false},"excerpt":{"rendered":"<p>Le Regard Libre N\u00b0 81 Exemplaire papier Edition de janvier 2022 Format magazine papier chic (68 pages) SOMMAIRE: 07 | L\u2019\u00e9dito de Jonas Follonier: Tocqueville, la libert\u00e9 contre l\u2019individualisme 08 | Raymond Gonzalez: c\u2019est pas lui, Nina Simone Politique 14 [&hellip;]<\/p>","protected":false},"featured_media":44685,"comment_status":"open","ping_status":"closed","template":"","meta":{"_acf_changed":false},"product_brand":[],"product_cat":[1228],"product_tag":[],"class_list":{"0":"post-44684","1":"product","2":"type-product","3":"status-publish","4":"has-post-thumbnail","6":"product_cat-numeros","8":"first","9":"instock","10":"sold-individually","11":"shipping-taxable","12":"purchasable","13":"product-type-variable"},"acf":[],"_links":{"self":[{"href":"https:\/\/leregardlibre.sandbox-novadev.ch\/en\/wp-json\/wp\/v2\/product\/44684","targetHints":{"allow":["GET"]}}],"collection":[{"href":"https:\/\/leregardlibre.sandbox-novadev.ch\/en\/wp-json\/wp\/v2\/product"}],"about":[{"href":"https:\/\/leregardlibre.sandbox-novadev.ch\/en\/wp-json\/wp\/v2\/types\/product"}],"replies":[{"embeddable":true,"href":"https:\/\/leregardlibre.sandbox-novadev.ch\/en\/wp-json\/wp\/v2\/comments?post=44684"}],"wp:featuredmedia":[{"embeddable":true,"href":"https:\/\/leregardlibre.sandbox-novadev.ch\/en\/wp-json\/"}],"wp:attachment":[{"href":"https:\/\/leregardlibre.sandbox-novadev.ch\/en\/wp-json\/wp\/v2\/media?parent=44684"}],"wp:term":[{"taxonomy":"product_brand","embeddable":true,"href":"https:\/\/leregardlibre.sandbox-novadev.ch\/en\/wp-json\/wp\/v2\/product_brand?post=44684"},{"taxonomy":"product_cat","embeddable":true,"href":"https:\/\/leregardlibre.sandbox-novadev.ch\/en\/wp-json\/wp\/v2\/product_cat?post=44684"},{"taxonomy":"product_tag","embeddable":true,"href":"https:\/\/leregardlibre.sandbox-novadev.ch\/en\/wp-json\/wp\/v2\/product_tag?post=44684"}],"curies":[{"name":"wp","href":"https:\/\/api.w.org\/{rel}","templated":true}]}}