{"id":43957,"date":"2021-12-02T21:53:58","date_gmt":"2021-12-02T20:53:58","guid":{"rendered":"https:\/\/leregardlibre.com\/?post_type=product&amp;p=43957"},"modified":"2021-12-02T21:53:58","modified_gmt":"2021-12-02T20:53:58","slug":"le-regard-libre-no-80","status":"publish","type":"product","link":"https:\/\/leregardlibre.sandbox-novadev.ch\/en\/product\/le-regard-libre-no-80\/","title":{"rendered":"Le Regard Libre &#8211; N\u00ba 80"},"content":{"rendered":"<p>Exemplaire papier<br \/>\nEdition de d\u00e9cembre 2021<br \/>\nFormat magazine papier chic (68 pages)<\/p>\n<hr \/>\n<p class=\"p1\"><strong>SOMMAIRE:<\/strong><\/p>\n<p class=\"p1\"><span class=\"s1\"><b>05<\/b><\/span><b> <\/b>| Jonas Follonier a re\u00e7u la m\u00e9daille d\u2019argent de l\u2019ASL<br \/>\n<strong>07<\/strong> | Le monde selon Quentin Mouron: La litt\u00e9rature engag\u00e9e<br \/>\n<b>08 <\/b>| <span class=\"s2\">Tribune de Marco Polli: \u00abEt si on s\u2019attaquait enfin \u00e0 l\u2019illettrisme?\u00bb<br \/>\n<\/span><b>12 <\/b>| <span class=\"s3\">Metin Arditi: \u00abLa solution \u00e0 deux Etats est une vue de l\u2019esprit\u00bb<\/span><\/p>\n<p class=\"p2\"><b>Politique, philosophie, d\u00e9bat d\u2019id\u00e9es et soci\u00e9t\u00e9<br \/>\n<\/b><b>20 <\/b>| La n\u00e9cessit\u00e9 d\u2019une autonomie strat\u00e9gique de l\u2019Europe<br \/>\n<b>24 <\/b>| Bertrand Kiefer: \u00abBanaliser cette pand\u00e9mie serait une r\u00e9gression pour l\u2019humanit\u00e9\u00bb<br \/>\n<b>28 <\/b>| Schopenhauer, pessimiste aigri?<br \/>\n<b>30 <\/b>| Trans, d\u00e9trans: alertes pour un scandale annonc\u00e9<\/p>\n<p class=\"p2\"><b>Br\u00e8ves<br \/>\n<\/b><span class=\"s1\"><b>38<\/b><\/span><b> <\/b>| A quoi rime la Session des femmes?<br \/>\n<span class=\"s1\"><b>39<\/b><\/span><b> <\/b>| Zemmour pas le bienvenu \u00e0 Gen\u00e8ve<\/p>\n<p class=\"p2\"><b>Litt\u00e9rature<br \/>\n<\/b><span class=\"s1\"><b>40<\/b><\/span><b> <\/b>| <i>Girassol<\/i>, ou le t\u00e9moignage d\u2019un hypersensible<br \/>\n<span class=\"s1\"><b>42<\/b><\/span><b> <\/b>| Quand La Rouchefoucauld r\u00e9habilite le roi de France<br \/>\n<span class=\"s1\"><b>44<\/b><\/span><b> <\/b>| <i>Les \u00e9lucubrations d\u2019un homme<\/i> soudain frapp\u00e9(es) sur papier<\/p>\n<p class=\"p2\"><b>Arts visuels<br \/>\n<\/b><span class=\"s1\"><b>46<\/b><\/span><b> <\/b>| Van Gogh mis au service du marketing de l\u2019exp\u00e9rience<br \/>\n<b>50 <\/b>| Hors cadre: Les yeux dans l\u2019art, les yeux dans la rue<br \/>\n<span class=\"s1\"><b>54<\/b><\/span><b> <\/b>| Le photoreportage de Bernard L\u00e9chot: California Dreamin\u2019<\/p>\n<p class=\"p2\"><span class=\"s1\"><b>60<\/b><\/span><b> <\/b>| Sport: Le basket pour nourrir d\u2019espoir la jeunesse bellerine<br \/>\n<span class=\"s1\"><b>66<\/b><\/span><b> <\/b>| Talon d\u2019abonnement et formulaire de m\u00e9c\u00e9nat<br \/>\n<span class=\"s1\"><b>67<\/b><\/span><b> <\/b>| Impressum<br \/>\n<span class=\"s1\"><b>68<\/b><\/span><b> <\/b>| Citations<b><\/b><\/p>","protected":false},"excerpt":{"rendered":"<p>Exemplaire papier Edition de d\u00e9cembre 2021 Format magazine papier chic (68 pages) SOMMAIRE: 05 | Jonas Follonier a re\u00e7u la m\u00e9daille d\u2019argent de l\u2019ASL 07 | Le monde selon Quentin Mouron: La litt\u00e9rature engag\u00e9e 08 | Tribune de Marco Polli: [&hellip;]<\/p>","protected":false},"featured_media":43960,"comment_status":"open","ping_status":"closed","template":"","meta":{"_acf_changed":false},"product_brand":[],"product_cat":[1228],"product_tag":[],"class_list":{"0":"post-43957","1":"product","2":"type-product","3":"status-publish","4":"has-post-thumbnail","6":"product_cat-numeros","8":"first","9":"instock","10":"sold-individually","11":"shipping-taxable","12":"purchasable","13":"product-type-variable"},"acf":[],"_links":{"self":[{"href":"https:\/\/leregardlibre.sandbox-novadev.ch\/en\/wp-json\/wp\/v2\/product\/43957","targetHints":{"allow":["GET"]}}],"collection":[{"href":"https:\/\/leregardlibre.sandbox-novadev.ch\/en\/wp-json\/wp\/v2\/product"}],"about":[{"href":"https:\/\/leregardlibre.sandbox-novadev.ch\/en\/wp-json\/wp\/v2\/types\/product"}],"replies":[{"embeddable":true,"href":"https:\/\/leregardlibre.sandbox-novadev.ch\/en\/wp-json\/wp\/v2\/comments?post=43957"}],"wp:featuredmedia":[{"embeddable":true,"href":"https:\/\/leregardlibre.sandbox-novadev.ch\/en\/wp-json\/"}],"wp:attachment":[{"href":"https:\/\/leregardlibre.sandbox-novadev.ch\/en\/wp-json\/wp\/v2\/media?parent=43957"}],"wp:term":[{"taxonomy":"product_brand","embeddable":true,"href":"https:\/\/leregardlibre.sandbox-novadev.ch\/en\/wp-json\/wp\/v2\/product_brand?post=43957"},{"taxonomy":"product_cat","embeddable":true,"href":"https:\/\/leregardlibre.sandbox-novadev.ch\/en\/wp-json\/wp\/v2\/product_cat?post=43957"},{"taxonomy":"product_tag","embeddable":true,"href":"https:\/\/leregardlibre.sandbox-novadev.ch\/en\/wp-json\/wp\/v2\/product_tag?post=43957"}],"curies":[{"name":"wp","href":"https:\/\/api.w.org\/{rel}","templated":true}]}}