{"id":43334,"date":"2021-11-01T17:14:21","date_gmt":"2021-11-01T16:14:21","guid":{"rendered":"https:\/\/leregardlibre.com\/?post_type=product&amp;p=43334"},"modified":"2021-11-01T17:14:21","modified_gmt":"2021-11-01T16:14:21","slug":"le-regard-libre-no-79","status":"publish","type":"product","link":"https:\/\/leregardlibre.sandbox-novadev.ch\/en\/product\/le-regard-libre-no-79\/","title":{"rendered":"Le Regard Libre &#8211; N\u00ba 79"},"content":{"rendered":"<p>Exemplaire papier<br \/>\nEdition de novembre 2021<br \/>\nFormat magazine papier chic (68 pages)<\/p>\n<hr \/>\n<p class=\"p1\"><strong>SOMMAIRE:<\/strong><\/p>\n<p class=\"p1\"><b>06 |<\/b> L\u2019\u00e9dito de Jonas Follonier: Gestion du Covid en Suisse: trop de f\u00e9d\u00e9ralisme&#8230; ou pas assez?<br \/>\n<b>07 |<\/b> La lecture de Pascal Couchepin: <i>Apocalypse never<br \/>\n<\/i><b>08 |<\/b> <span class=\"s1\">St\u00e9phane Albelda: \u00abAu th\u00e9\u00e2tre ou dans l\u2019enseignement, l\u2019essence du geste est la m\u00eame: la transmission\u2009\u00bb<\/span><\/p>\n<p class=\"p2\"><b>Politique, philosophie et d\u00e9bat d\u2019id\u00e9es<br \/>\n<\/b><b>12 |<\/b> Ethiopie: des promesses de prosp\u00e9rit\u00e9 \u00e0 la guerre civile<br \/>\n<b>16 |<\/b> <span class=\"s1\"><i>12 nouvelles r\u00e8gles pour une vie<\/i>: encore du d\u00e9veloppement personnel?<br \/>\n<\/span><b>19 |<\/b> Nietzsche, le po\u00e8te des lendemains qui chantent<\/p>\n<p class=\"p2\"><b>Litt\u00e9rature<br \/>\n<\/b><b>22 |<\/b> Yann Moix: \u00abChaque fois qu\u2019on a voulu ma peau, je m\u2019en suis sorti\u00bb<br \/>\n<b>28 |<\/b> <i>L\u2019amour par temps de crise<\/i> ou le devoir douloureux du choix<br \/>\n<b>30 |<\/b> Devenir libre en Turquie, par amour pour Madame Vie<br \/>\n<b>32 |<\/b> Javier Cercas: \u00abUn \u00e9crivain qui ne prend pas de risques n\u2019est pas un v\u00e9ritable \u00e9crivain\u00bb<\/p>\n<p class=\"p2\"><b>Br\u00e8ves insolites<br \/>\n<\/b><b>42 |<\/b> Lire entre les lignes du single d\u2019Eddy Mitchell consacr\u00e9 \u00e0 Johnny<br \/>\n<b>43 |<\/b> Une taupe chez Ramuz<\/p>\n<p class=\"p2\"><b>Musique<br \/>\n<\/b><b>44 |<\/b> Mozart, moins un classique qu\u2019un annonciateur du romantisme<br \/>\n<b>46 |<\/b> Scorpions: qu\u2019attendre de leur nouvel album?<\/p>\n<p class=\"p2\"><b>Arts visuels<br \/>\n<\/b><b>48 |<\/b> Pourquoi continuer de se rendre dans les foires d\u2019art contemporain?<br \/>\n<b>50 |<\/b> L\u2019\u0153uvre d\u2019art: rupture et contemplation<br \/>\n<b>54 |<\/b> <span class=\"s2\">Le photoreportage de Bernard L\u00e9chot: Carrare, le vertige du marbre<\/span><\/p>\n<p class=\"p2\"><b>60 |<\/b> Jonathan Edwards: \u00abLe partage d\u2019exp\u00e9rience est infini\u00bb<br \/>\n<b>66 |<\/b> Talon d\u2019abonnement, formulaire de m\u00e9c\u00e9nat<br \/>\n<b>67 |<\/b> Impressum<br \/>\n<b>68 |<\/b> Citations<\/p>","protected":false},"excerpt":{"rendered":"<p>Exemplaire papier Edition de novembre 2021 Format magazine papier chic (68 pages) SOMMAIRE: 06 | L\u2019\u00e9dito de Jonas Follonier: Gestion du Covid en Suisse: trop de f\u00e9d\u00e9ralisme&#8230; ou pas assez? 07 | La lecture de Pascal Couchepin: Apocalypse never 08 [&hellip;]<\/p>","protected":false},"featured_media":43336,"comment_status":"open","ping_status":"closed","template":"","meta":{"_acf_changed":false},"product_brand":[],"product_cat":[1228],"product_tag":[],"class_list":{"0":"post-43334","1":"product","2":"type-product","3":"status-publish","4":"has-post-thumbnail","6":"product_cat-numeros","8":"first","9":"instock","10":"shipping-taxable","11":"purchasable","12":"product-type-variable"},"acf":[],"_links":{"self":[{"href":"https:\/\/leregardlibre.sandbox-novadev.ch\/en\/wp-json\/wp\/v2\/product\/43334","targetHints":{"allow":["GET"]}}],"collection":[{"href":"https:\/\/leregardlibre.sandbox-novadev.ch\/en\/wp-json\/wp\/v2\/product"}],"about":[{"href":"https:\/\/leregardlibre.sandbox-novadev.ch\/en\/wp-json\/wp\/v2\/types\/product"}],"replies":[{"embeddable":true,"href":"https:\/\/leregardlibre.sandbox-novadev.ch\/en\/wp-json\/wp\/v2\/comments?post=43334"}],"wp:featuredmedia":[{"embeddable":true,"href":"https:\/\/leregardlibre.sandbox-novadev.ch\/en\/wp-json\/"}],"wp:attachment":[{"href":"https:\/\/leregardlibre.sandbox-novadev.ch\/en\/wp-json\/wp\/v2\/media?parent=43334"}],"wp:term":[{"taxonomy":"product_brand","embeddable":true,"href":"https:\/\/leregardlibre.sandbox-novadev.ch\/en\/wp-json\/wp\/v2\/product_brand?post=43334"},{"taxonomy":"product_cat","embeddable":true,"href":"https:\/\/leregardlibre.sandbox-novadev.ch\/en\/wp-json\/wp\/v2\/product_cat?post=43334"},{"taxonomy":"product_tag","embeddable":true,"href":"https:\/\/leregardlibre.sandbox-novadev.ch\/en\/wp-json\/wp\/v2\/product_tag?post=43334"}],"curies":[{"name":"wp","href":"https:\/\/api.w.org\/{rel}","templated":true}]}}