{"id":42749,"date":"2021-09-30T18:20:34","date_gmt":"2021-09-30T16:20:34","guid":{"rendered":"https:\/\/leregardlibre.com\/?post_type=product&amp;p=42749"},"modified":"2021-09-30T18:20:34","modified_gmt":"2021-09-30T16:20:34","slug":"le-regard-libre-no-78","status":"publish","type":"product","link":"https:\/\/leregardlibre.sandbox-novadev.ch\/en\/product\/le-regard-libre-no-78\/","title":{"rendered":"Le Regard Libre &#8211; N\u00ba 78"},"content":{"rendered":"<p>Exemplaire papier<br \/>\nEdition d\u2019octobre 2021<br \/>\nFormat magazine papier chic (68 pages)<\/p>\n<hr \/>\n<p class=\"p1\"><strong>SOMMAIRE:<\/strong><\/p>\n<p class=\"p1\">06 | L\u2019\u00e9dito de Jonas Follonier<br \/>\n07 | Au Liban avec Sophie Woeldgen<br \/>\n08 | Tribune des 50 Romands: \u00abOrthographe: non \u00e0 la politique contre l\u2019usage\u00bb<br \/>\n10 | <span class=\"s2\">Entretien avec Jean-Pierre Siggen, porteur de l\u2019orthographe rectifi\u00e9e<br \/>\n<\/span>12 | <span class=\"s3\">BARON.E: \u00abIl y a un c\u00f4t\u00e9 Dalida dans notre ambiance \u2018\u2018danse et pleure\u2019\u2019\u00bb<\/span><\/p>\n<p class=\"p2\"><strong>Politique, philosophie et d\u00e9bat d\u2019id\u00e9es<\/strong><br \/>\n21 | Les le\u00e7ons \u00e0 tirer de l\u2019essor de la Chine<br \/>\n24 | La prise de pouvoir des talibans n\u2019est pas une d\u00e9faite de l\u2019Occident<br \/>\n28 | Bernard Tapie, le\u00e7ons d\u2019un boomer<br \/>\n30 | Les Verts dans le rouge<br \/>\n32 | Certificat Covid: les dessous de l\u2019autoritarisme<br \/>\n34 | La philosophie a autre chose \u00e0 offrir qu\u2019un suppl\u00e9ment d\u2019\u00e2me<\/p>\n<p class=\"p2\"><strong>Br\u00e8ves insolites<\/strong><br \/>\n38 | Le bassiste de The Cure quitte le navire<br \/>\n39 | La Suisse compte 49 nouveaux sommeliers de la bi\u00e8re<\/p>\n<p class=\"p2\"><strong>Litt\u00e9rature<\/strong><br \/>\n40 | <i>Septembre \u00e9ternel<\/i> cherche mois de mai particulier<br \/>\n42 | <i>La mort du hibou<\/i>, quand parlent les lumi\u00e8res et la mer<br \/>\n44 | Entre rires et d\u00e9lires, la voie du <i>Punk Samoura\u00ef<br \/>\n<\/i>46 | Quand tout est dit dans le titre<br \/>\n48 | <i>Suzanne, d\u00e9sesp\u00e9r\u00e9ment<\/i>: de l\u2019amour na\u00eet une union insolite<\/p>\n<p class=\"p2\">50 | Villeneuve r\u00e9habilitera-t-il l\u2019\u00e9chec de Lynch?<br \/>\n53 | Hors cadre: Au-del\u00e0 des <i>a priori<\/i> de la perception<br \/>\n56 | Photographies de Nicolas Locatelli<br \/>\n60 | L\u2019histoire de Neeraj Chopra, l\u2019homme qui a fait revivre l\u2019Inde<br \/>\n66 | Talon d\u2019abonnement et formulaire de m\u00e9c\u00e9nat<br \/>\n67 | Impressum<br \/>\n68 | Citations<\/p>","protected":false},"excerpt":{"rendered":"<p>Exemplaire papier Edition d\u2019octobre 2021 Format magazine papier chic (68 pages) SOMMAIRE: 06 | L\u2019\u00e9dito de Jonas Follonier 07 | Au Liban avec Sophie Woeldgen 08 | Tribune des 50 Romands: \u00abOrthographe: non \u00e0 la politique contre l\u2019usage\u00bb 10 | [&hellip;]<\/p>","protected":false},"featured_media":42750,"comment_status":"open","ping_status":"closed","template":"","meta":{"_acf_changed":false},"product_brand":[],"product_cat":[1228],"product_tag":[],"class_list":{"0":"post-42749","1":"product","2":"type-product","3":"status-publish","4":"has-post-thumbnail","6":"product_cat-numeros","8":"first","9":"instock","10":"shipping-taxable","11":"purchasable","12":"product-type-variable"},"acf":[],"_links":{"self":[{"href":"https:\/\/leregardlibre.sandbox-novadev.ch\/en\/wp-json\/wp\/v2\/product\/42749","targetHints":{"allow":["GET"]}}],"collection":[{"href":"https:\/\/leregardlibre.sandbox-novadev.ch\/en\/wp-json\/wp\/v2\/product"}],"about":[{"href":"https:\/\/leregardlibre.sandbox-novadev.ch\/en\/wp-json\/wp\/v2\/types\/product"}],"replies":[{"embeddable":true,"href":"https:\/\/leregardlibre.sandbox-novadev.ch\/en\/wp-json\/wp\/v2\/comments?post=42749"}],"wp:featuredmedia":[{"embeddable":true,"href":"https:\/\/leregardlibre.sandbox-novadev.ch\/en\/wp-json\/"}],"wp:attachment":[{"href":"https:\/\/leregardlibre.sandbox-novadev.ch\/en\/wp-json\/wp\/v2\/media?parent=42749"}],"wp:term":[{"taxonomy":"product_brand","embeddable":true,"href":"https:\/\/leregardlibre.sandbox-novadev.ch\/en\/wp-json\/wp\/v2\/product_brand?post=42749"},{"taxonomy":"product_cat","embeddable":true,"href":"https:\/\/leregardlibre.sandbox-novadev.ch\/en\/wp-json\/wp\/v2\/product_cat?post=42749"},{"taxonomy":"product_tag","embeddable":true,"href":"https:\/\/leregardlibre.sandbox-novadev.ch\/en\/wp-json\/wp\/v2\/product_tag?post=42749"}],"curies":[{"name":"wp","href":"https:\/\/api.w.org\/{rel}","templated":true}]}}